{"id":133259,"date":"2020-03-16T19:12:50","date_gmt":"2020-03-16T18:12:50","guid":{"rendered":"https:\/\/lediamant.ch\/produit\/uhren-de\/tissot-de\/tissot-t-pocket-de\/tissot-savonnette-de\/tissot-seife-3\/"},"modified":"2020-03-16T19:12:50","modified_gmt":"2020-03-16T18:12:50","slug":"tissot-seife-3","status":"publish","type":"product","link":"https:\/\/lediamant.ch\/de\/uhren\/133259-tissot-seife-3\/","title":{"rendered":"Tissot Savonnette Quarz"},"content":{"rendered":"<p>Die Tissot Savonette Quartz Kollektion besteht aus glanzvollen Taschenuhren, die das handwerkliche K\u00f6nnen vergangener Tage mit einem Hauch Nostalgie widerspiegeln. Diese Uhren mit Swiss Made Quartzwerk mit Batterie-Endanzeige und Datumsanzeige tragen das historische Logo der Marke und erinnern an die eindr\u00fcckliche Geschichte und Tradition der Uhrmacherkunst, zu der auch Tissot beigetragen hat. Dieses Modell mit 316L - Edelstahlgeh\u00e4use und mit Mineralglas wird mit passender Kette geliefert und hat ein wei\u00dfes Zifferblatt mit r\u00f6mischen Ziffern.<\/p>\n","protected":false},"excerpt":{"rendered":"<p>Die Tissot Savonette Quartz Kollektion besteht aus glanzvollen Taschenuhren, die das handwerkliche K\u00f6nnen vergangener Tage mit einem Hauch Nostalgie widerspiegeln. Diese Uhren mit Swiss Made Quartzwerk mit Batterie-Endanzeige und Datumsanzeige tragen das historische Logo der Marke und erinnern an die eindr\u00fcckliche Geschichte und Tradition der Uhrmacherkunst, zu der auch Tissot beigetragen hat. Dieses Modell mit &#8230; <a title=\"Tissot Savonnette Quarz\" class=\"read-more\" href=\"https:\/\/lediamant.ch\/de\/uhren\/133259-tissot-seife-3\/\" aria-label=\"Mehr Informationen \u00fcber Tissot Savonnette Quarz\">Weiterlesen &#8230;<\/a><\/p>\n","protected":false},"featured_media":133250,"template":"","meta":{"_acf_changed":false,"_seopress_robots_primary_cat":"","_seopress_titles_title":"","_seopress_titles_desc":"","_seopress_robots_index":""},"brand":[27087],"product_brand":[],"product_cat":[27159,27439,27335,27123],"product_tag":[],"class_list":{"0":"post-133259","1":"product","2":"type-product","3":"status-publish","4":"has-post-thumbnail","6":"brand-tissot-de","7":"product_cat-tissot-de","8":"product_cat-tissot-savonnette","9":"product_cat-tissot-taschenuhren","10":"product_cat-uhren","11":"pa_couleurduboitier-grau-de","12":"pa_couleurducadran-weiss","13":"pa_dimensions-o-48-5-mm","14":"pa_forme-runden","15":"pa_garantie-24monate","16":"pa_genre-mann","17":"pa_matiere-stahl","18":"pa_mouvement-quarzbatterie-de","19":"pa_swissmade-ja-de","20":"sales-flash-overlay","21":"woocommerce-text-align-center","22":"woocommerce-image-align-center","23":"do-quantity-buttons","25":"first","26":"outofstock","27":"taxable","28":"shipping-taxable","29":"purchasable","30":"product-type-simple"},"acf":[],"_links":{"self":[{"href":"https:\/\/lediamant.ch\/de\/wp-json\/wp\/v2\/product\/133259","targetHints":{"allow":["GET"]}}],"collection":[{"href":"https:\/\/lediamant.ch\/de\/wp-json\/wp\/v2\/product"}],"about":[{"href":"https:\/\/lediamant.ch\/de\/wp-json\/wp\/v2\/types\/product"}],"wp:featuredmedia":[{"embeddable":true,"href":"https:\/\/lediamant.ch\/de\/wp-json\/wp\/v2\/media\/133250"}],"wp:attachment":[{"href":"https:\/\/lediamant.ch\/de\/wp-json\/wp\/v2\/media?parent=133259"}],"wp:term":[{"taxonomy":"brand","embeddable":true,"href":"https:\/\/lediamant.ch\/de\/wp-json\/wp\/v2\/brand?post=133259"},{"taxonomy":"product_brand","embeddable":true,"href":"https:\/\/lediamant.ch\/de\/wp-json\/wp\/v2\/product_brand?post=133259"},{"taxonomy":"product_cat","embeddable":true,"href":"https:\/\/lediamant.ch\/de\/wp-json\/wp\/v2\/product_cat?post=133259"},{"taxonomy":"product_tag","embeddable":true,"href":"https:\/\/lediamant.ch\/de\/wp-json\/wp\/v2\/product_tag?post=133259"}],"curies":[{"name":"wp","href":"https:\/\/api.w.org\/{rel}","templated":true}]}}