{"id":133273,"date":"2020-03-16T19:13:20","date_gmt":"2020-03-16T18:13:20","guid":{"rendered":"https:\/\/lediamant.ch\/produit\/uhren-de\/tissot-de\/tissot-t-pocket-de\/tissot-savonnette-de\/tissot-seife-4\/"},"modified":"2020-03-16T19:13:20","modified_gmt":"2020-03-16T18:13:20","slug":"tissot-seife-4","status":"publish","type":"product","link":"https:\/\/lediamant.ch\/de\/uhren\/133273-tissot-seife-4\/","title":{"rendered":"Tissot Savonnette Quarz"},"content":{"rendered":"<p>Die Tissot Savonette Quartz Kollektion besteht aus glanzvollen Taschenuhren, die das handwerkliche K\u00f6nnen vergangener Tage mit einem Hauch Nostalgie widerspiegeln. Diese Uhren mit Swiss Made Quartzwerk mit Batterie-Endanzeige und Datumsanzeige tragen das historische Logo der Marke und erinnern an die eindr\u00fcckliche Geschichte und Tradition der Uhrmacherkunst, zu der auch Tissot beigetragen hat. Dieses Bicolor Modell mit goldfarbenem Messinggeh\u00e4use mit Palladiumbeschichtung und mit Mineralglas wird mit passender Kette geliefert und hat ein wei\u00dfes Zifferblatt mit r\u00f6mischen Ziffern.<\/p>\n","protected":false},"excerpt":{"rendered":"<p>Die Tissot Savonette Quartz Kollektion besteht aus glanzvollen Taschenuhren, die das handwerkliche K\u00f6nnen vergangener Tage mit einem Hauch Nostalgie widerspiegeln. Diese Uhren mit Swiss Made Quartzwerk mit Batterie-Endanzeige und Datumsanzeige tragen das historische Logo der Marke und erinnern an die eindr\u00fcckliche Geschichte und Tradition der Uhrmacherkunst, zu der auch Tissot beigetragen hat. Dieses Bicolor Modell &#8230; <a title=\"Tissot Savonnette Quarz\" class=\"read-more\" href=\"https:\/\/lediamant.ch\/de\/uhren\/133273-tissot-seife-4\/\" aria-label=\"Mehr Informationen \u00fcber Tissot Savonnette Quarz\">Weiterlesen &#8230;<\/a><\/p>\n","protected":false},"featured_media":133268,"template":"","meta":{"_acf_changed":false,"_seopress_robots_primary_cat":"","_seopress_titles_title":"","_seopress_titles_desc":"","_seopress_robots_index":""},"brand":[27087],"product_brand":[],"product_cat":[27159,27439,27335,27123],"product_tag":[],"class_list":{"0":"post-133273","1":"product","2":"type-product","3":"status-publish","4":"has-post-thumbnail","6":"brand-tissot-de","7":"product_cat-tissot-de","8":"product_cat-tissot-savonnette","9":"product_cat-tissot-taschenuhren","10":"product_cat-uhren","11":"pa_couleurduboitier-grau-de","12":"pa_couleurducadran-weiss","13":"pa_dimensions-o-48-5-mm","14":"pa_forme-runden","15":"pa_garantie-24monate","16":"pa_genre-mann","17":"pa_matiere-palladium-de","18":"pa_mouvement-quarzbatterie-de","19":"pa_swissmade-ja-de","20":"pa_typedemontre-taschenuhren","21":"sales-flash-overlay","22":"woocommerce-text-align-center","23":"woocommerce-image-align-center","24":"do-quantity-buttons","26":"first","27":"outofstock","28":"taxable","29":"shipping-taxable","30":"purchasable","31":"product-type-simple"},"acf":[],"_links":{"self":[{"href":"https:\/\/lediamant.ch\/de\/wp-json\/wp\/v2\/product\/133273","targetHints":{"allow":["GET"]}}],"collection":[{"href":"https:\/\/lediamant.ch\/de\/wp-json\/wp\/v2\/product"}],"about":[{"href":"https:\/\/lediamant.ch\/de\/wp-json\/wp\/v2\/types\/product"}],"wp:featuredmedia":[{"embeddable":true,"href":"https:\/\/lediamant.ch\/de\/wp-json\/wp\/v2\/media\/133268"}],"wp:attachment":[{"href":"https:\/\/lediamant.ch\/de\/wp-json\/wp\/v2\/media?parent=133273"}],"wp:term":[{"taxonomy":"brand","embeddable":true,"href":"https:\/\/lediamant.ch\/de\/wp-json\/wp\/v2\/brand?post=133273"},{"taxonomy":"product_brand","embeddable":true,"href":"https:\/\/lediamant.ch\/de\/wp-json\/wp\/v2\/product_brand?post=133273"},{"taxonomy":"product_cat","embeddable":true,"href":"https:\/\/lediamant.ch\/de\/wp-json\/wp\/v2\/product_cat?post=133273"},{"taxonomy":"product_tag","embeddable":true,"href":"https:\/\/lediamant.ch\/de\/wp-json\/wp\/v2\/product_tag?post=133273"}],"curies":[{"name":"wp","href":"https:\/\/api.w.org\/{rel}","templated":true}]}}