{"id":133303,"date":"2020-03-16T19:15:09","date_gmt":"2020-03-16T18:15:09","guid":{"rendered":"https:\/\/lediamant.ch\/produit\/uhren-de\/tissot-de\/tissot-t-pocket-de\/tissot-mechanical-skeleton-de\/mechanisches-skelett-von-tissot-bridgeport-2\/"},"modified":"2020-03-16T19:15:09","modified_gmt":"2020-03-16T18:15:09","slug":"mechanisches-skelett-von-tissot-bridgeport-2","status":"publish","type":"product","link":"https:\/\/lediamant.ch\/de\/uhren\/133303-mechanisches-skelett-von-tissot-bridgeport-2\/","title":{"rendered":"Tissot Bridgeport Mechanical Skeleton"},"content":{"rendered":"<p>Bis Ende der 1930er Jahre geh\u00f6rten Taschenuhren noch zum Erkennungsmerkmal eines echten Gentlemans. Keine Armbanduhr konnte ihnen diesen Platz streitig machen. Dieses Modell mit Mineralglas und einem Swiss Made Mechanikwerk erinnert an diese Zeit. Die Krone in Form einer Parfumflasche sowie ihr auf der Vorder- und R\u00fcckseite offen liegendes Herz verspr\u00fcht einen Hauch Nostalgie und erinnert an das fantastische handwerkliche K\u00f6nnen der damaligen Zeit. Die Zeiger und r\u00f6mischen Ziffern sowie die kleine Sekunde geben ihr eine moderne Facette, w\u00e4hrend ein zus\u00e4tzlicher Innenkreis Tiefe und Eleganz verspr\u00fcht. Dieses Modell aus der Tissot Bridgeport Mechanical Skeleton Reihe hat ein 316L - Edelstahlgeh\u00e4use mit rosegoldfarbener PVD-Beschichtung und eine passende Kette.<\/p>\n","protected":false},"excerpt":{"rendered":"<p>Bis Ende der 1930er Jahre geh\u00f6rten Taschenuhren noch zum Erkennungsmerkmal eines echten Gentlemans. Keine Armbanduhr konnte ihnen diesen Platz streitig machen. Dieses Modell mit Mineralglas und einem Swiss Made Mechanikwerk erinnert an diese Zeit. Die Krone in Form einer Parfumflasche sowie ihr auf der Vorder- und R\u00fcckseite offen liegendes Herz verspr\u00fcht einen Hauch Nostalgie und &#8230; <a title=\"Tissot Bridgeport Mechanical Skeleton\" class=\"read-more\" href=\"https:\/\/lediamant.ch\/de\/uhren\/133303-mechanisches-skelett-von-tissot-bridgeport-2\/\" aria-label=\"Mehr Informationen \u00fcber Tissot Bridgeport Mechanical Skeleton\">Weiterlesen &#8230;<\/a><\/p>\n","protected":false},"featured_media":133294,"template":"","meta":{"_acf_changed":false,"_seopress_robots_primary_cat":"","_seopress_titles_title":"","_seopress_titles_desc":"","_seopress_robots_index":""},"brand":[27087],"product_brand":[],"product_cat":[27159,27335,27123],"product_tag":[],"class_list":{"0":"post-133303","1":"product","2":"type-product","3":"status-publish","4":"has-post-thumbnail","6":"brand-tissot-de","7":"product_cat-tissot-de","8":"product_cat-tissot-taschenuhren","9":"product_cat-uhren","10":"pa_couleurduboitier-zweifarbig-de","11":"pa_couleurducadran-silber","12":"pa_dimensions-o-47-5-mm","13":"pa_etancheite-30m-de","14":"pa_forme-runden","15":"pa_garantie-24monate","16":"pa_genre-frau","17":"pa_genre-mann","18":"pa_matiere-zweifarbigstahlrosegoldpvd","19":"pa_swissmade-ja-de","20":"pa_typedemontre-taschenuhren","21":"sales-flash-overlay","22":"woocommerce-text-align-center","23":"woocommerce-image-align-center","24":"do-quantity-buttons","26":"first","27":"instock","28":"taxable","29":"shipping-taxable","30":"purchasable","31":"product-type-simple"},"acf":[],"_links":{"self":[{"href":"https:\/\/lediamant.ch\/de\/wp-json\/wp\/v2\/product\/133303","targetHints":{"allow":["GET"]}}],"collection":[{"href":"https:\/\/lediamant.ch\/de\/wp-json\/wp\/v2\/product"}],"about":[{"href":"https:\/\/lediamant.ch\/de\/wp-json\/wp\/v2\/types\/product"}],"wp:featuredmedia":[{"embeddable":true,"href":"https:\/\/lediamant.ch\/de\/wp-json\/wp\/v2\/media\/133294"}],"wp:attachment":[{"href":"https:\/\/lediamant.ch\/de\/wp-json\/wp\/v2\/media?parent=133303"}],"wp:term":[{"taxonomy":"brand","embeddable":true,"href":"https:\/\/lediamant.ch\/de\/wp-json\/wp\/v2\/brand?post=133303"},{"taxonomy":"product_brand","embeddable":true,"href":"https:\/\/lediamant.ch\/de\/wp-json\/wp\/v2\/product_brand?post=133303"},{"taxonomy":"product_cat","embeddable":true,"href":"https:\/\/lediamant.ch\/de\/wp-json\/wp\/v2\/product_cat?post=133303"},{"taxonomy":"product_tag","embeddable":true,"href":"https:\/\/lediamant.ch\/de\/wp-json\/wp\/v2\/product_tag?post=133303"}],"curies":[{"name":"wp","href":"https:\/\/api.w.org\/{rel}","templated":true}]}}