{"id":133315,"date":"2020-03-16T19:15:45","date_gmt":"2020-03-16T18:15:45","guid":{"rendered":"https:\/\/lediamant.ch\/produit\/uhren-de\/tissot-de\/tissot-t-pocket-de\/tissot-lepine-de\/tissot-bridgeport-lepine-mechanisch-2\/"},"modified":"2020-03-16T19:15:45","modified_gmt":"2020-03-16T18:15:45","slug":"tissot-bridgeport-lepine-mechanisch-2","status":"publish","type":"product","link":"https:\/\/lediamant.ch\/de\/uhren\/133315-tissot-bridgeport-lepine-mechanisch-2\/","title":{"rendered":"Tissot Bridgeport Lepine Mechanical"},"content":{"rendered":"<p>Die Taschenuhr Tissot Bridgeport Lepine Mechanical schaut auf die lange Uhrmachergeschichte von Tissot zur\u00fcck. Der Retro Stil des silberfarbenen Zifferblatts dieser klassischen Taschenuhr mit der passenden Kette ist mit arabischen Indizes und einer kleinen Sekunde auf 6 Uhr verziert. Die Krone in Form einer Parfumflasche und das spezielle Muster auf dem Zifferblatt repr\u00e4sentieren die designtechnischen Errungenschaften der letzten Jahre. Ins Auge stechen ebenso die blauen Zeiger, welche ein Symbol f\u00fcr die Qualit\u00e4t darstellen. Das 316L-Edelstahlgeh\u00e4use hat eine rosegoldfarbene PVD-Beschichtung.<\/p>\n","protected":false},"excerpt":{"rendered":"<p>Die Taschenuhr Tissot Bridgeport Lepine Mechanical schaut auf die lange Uhrmachergeschichte von Tissot zur\u00fcck. Der Retro Stil des silberfarbenen Zifferblatts dieser klassischen Taschenuhr mit der passenden Kette ist mit arabischen Indizes und einer kleinen Sekunde auf 6 Uhr verziert. Die Krone in Form einer Parfumflasche und das spezielle Muster auf dem Zifferblatt repr\u00e4sentieren die designtechnischen &#8230; <a title=\"Tissot Bridgeport Lepine Mechanical\" class=\"read-more\" href=\"https:\/\/lediamant.ch\/de\/uhren\/133315-tissot-bridgeport-lepine-mechanisch-2\/\" aria-label=\"Mehr Informationen \u00fcber Tissot Bridgeport Lepine Mechanical\">Weiterlesen &#8230;<\/a><\/p>\n","protected":false},"featured_media":133310,"template":"","meta":{"_acf_changed":false,"_seopress_robots_primary_cat":"","_seopress_titles_title":"","_seopress_titles_desc":"","_seopress_robots_index":""},"brand":[27087],"product_brand":[],"product_cat":[27123,27159,27335,27457],"product_tag":[],"class_list":{"0":"post-133315","1":"product","2":"type-product","3":"status-publish","4":"has-post-thumbnail","6":"brand-tissot-de","7":"product_cat-uhren","8":"product_cat-tissot-de","9":"product_cat-tissot-taschenuhren","10":"product_cat-tissot-lepine","11":"pa_couleurduboitier-zweifarbig-de","12":"pa_couleurducadran-silber","13":"pa_dimensions-o-45-mm","14":"pa_etancheite-30m-de","15":"pa_forme-runden","16":"pa_garantie-24monate","17":"pa_genre-mann","18":"pa_matiere-zweifarbigstahlrosegoldpvd","19":"pa_swissmade-ja-de","20":"sales-flash-overlay","21":"woocommerce-text-align-center","22":"woocommerce-image-align-center","23":"do-quantity-buttons","25":"first","26":"instock","27":"taxable","28":"shipping-taxable","29":"purchasable","30":"product-type-simple"},"acf":[],"_links":{"self":[{"href":"https:\/\/lediamant.ch\/de\/wp-json\/wp\/v2\/product\/133315","targetHints":{"allow":["GET"]}}],"collection":[{"href":"https:\/\/lediamant.ch\/de\/wp-json\/wp\/v2\/product"}],"about":[{"href":"https:\/\/lediamant.ch\/de\/wp-json\/wp\/v2\/types\/product"}],"wp:featuredmedia":[{"embeddable":true,"href":"https:\/\/lediamant.ch\/de\/wp-json\/wp\/v2\/media\/133310"}],"wp:attachment":[{"href":"https:\/\/lediamant.ch\/de\/wp-json\/wp\/v2\/media?parent=133315"}],"wp:term":[{"taxonomy":"brand","embeddable":true,"href":"https:\/\/lediamant.ch\/de\/wp-json\/wp\/v2\/brand?post=133315"},{"taxonomy":"product_brand","embeddable":true,"href":"https:\/\/lediamant.ch\/de\/wp-json\/wp\/v2\/product_brand?post=133315"},{"taxonomy":"product_cat","embeddable":true,"href":"https:\/\/lediamant.ch\/de\/wp-json\/wp\/v2\/product_cat?post=133315"},{"taxonomy":"product_tag","embeddable":true,"href":"https:\/\/lediamant.ch\/de\/wp-json\/wp\/v2\/product_tag?post=133315"}],"curies":[{"name":"wp","href":"https:\/\/api.w.org\/{rel}","templated":true}]}}