{"id":133333,"date":"2020-03-16T19:16:06","date_gmt":"2020-03-16T18:16:06","guid":{"rendered":"https:\/\/lediamant.ch\/produit\/uhren-de\/tissot-de\/tissot-t-pocket-de\/tissot-savonnette-de\/tissot-quarzseife\/"},"modified":"2020-03-16T19:16:06","modified_gmt":"2020-03-16T18:16:06","slug":"tissot-quarzseife","status":"publish","type":"product","link":"https:\/\/lediamant.ch\/de\/uhren\/133333-tissot-quarzseife\/","title":{"rendered":"Tissot Quarzseife"},"content":{"rendered":"<p>Die Tissot Savonette Quartz Kollektion besteht aus glanzvollen Taschenuhren, die das handwerkliche K\u00f6nnen vergangener Tage mit einem Hauch Nostalgie widerspiegeln. \u201eSavonnette\u201c ist das franz\u00f6sische Wort f\u00fcr Feinseife und gleichzeitig der Namensgeber f\u00fcr Taschenuhren mit beidseitigem Geh\u00e4usedeckel. Diese Verbindung wird der jeweils charakteristischen runden Form zugeschrieben. 1853 begann die Geschichte der Schweizer Uhrenmarke Tissot mit Taschenuhren, und bis heute z\u00e4hlen sie zum festen Bestandteil der Kollektion. 2017 feiert mit der Tissot Savonnette ein Modell aus den 1930er-Jahren ein Revival \u2013 als Neuinterpretation in eleganter Bicolor-Optik. Auff\u00e4lligstes Detail: vier ros\u00e9goldfarbene, parallel verlaufende Streifen auf dem Messinggeh\u00e4use. Ros\u00e9goldfarbene Elemente finden sich auch auf dem wei\u00dfen Zifferblatt mit r\u00f6mischen Ziffern dieser 48,5 Millimeter messenden Quarzuhr, welche mit Mineralglas und passender Kette ausgestattet ist. Stilvoller k<\/p>\n","protected":false},"excerpt":{"rendered":"<p>Die Tissot Savonette Quartz Kollektion besteht aus glanzvollen Taschenuhren, die das handwerkliche K\u00f6nnen vergangener Tage mit einem Hauch Nostalgie widerspiegeln. \u201eSavonnette\u201c ist das franz\u00f6sische Wort f\u00fcr Feinseife und gleichzeitig der Namensgeber f\u00fcr Taschenuhren mit beidseitigem Geh\u00e4usedeckel. Diese Verbindung wird der jeweils charakteristischen runden Form zugeschrieben. 1853 begann die Geschichte der Schweizer Uhrenmarke Tissot mit Taschenuhren, &#8230; <a title=\"Tissot Quarzseife\" class=\"read-more\" href=\"https:\/\/lediamant.ch\/de\/uhren\/133333-tissot-quarzseife\/\" aria-label=\"Mehr Informationen \u00fcber Tissot Quarzseife\">Weiterlesen &#8230;<\/a><\/p>\n","protected":false},"featured_media":133324,"template":"","meta":{"_acf_changed":false,"_seopress_robots_primary_cat":"","_seopress_titles_title":"","_seopress_titles_desc":"","_seopress_robots_index":""},"brand":[27087],"product_brand":[],"product_cat":[27123,27159,27335,27439],"product_tag":[],"class_list":{"0":"post-133333","1":"product","2":"type-product","3":"status-publish","4":"has-post-thumbnail","6":"brand-tissot-de","7":"product_cat-uhren","8":"product_cat-tissot-de","9":"product_cat-tissot-taschenuhren","10":"product_cat-tissot-savonnette","11":"pa_couleurduboitier-grau-de","12":"pa_couleurducadran-weiss","13":"pa_dimensions-o-48-5-mm","14":"pa_forme-runden","15":"pa_garantie-24monate","16":"pa_genre-mann","17":"pa_matiere-palladium-de","18":"pa_mouvement-quarzbatterie-de","19":"pa_swissmade-ja-de","20":"pa_typedemontre-taschenuhren","21":"sales-flash-overlay","22":"woocommerce-text-align-center","23":"woocommerce-image-align-center","24":"do-quantity-buttons","26":"first","27":"outofstock","28":"taxable","29":"shipping-taxable","30":"purchasable","31":"product-type-simple"},"acf":[],"_links":{"self":[{"href":"https:\/\/lediamant.ch\/de\/wp-json\/wp\/v2\/product\/133333","targetHints":{"allow":["GET"]}}],"collection":[{"href":"https:\/\/lediamant.ch\/de\/wp-json\/wp\/v2\/product"}],"about":[{"href":"https:\/\/lediamant.ch\/de\/wp-json\/wp\/v2\/types\/product"}],"wp:featuredmedia":[{"embeddable":true,"href":"https:\/\/lediamant.ch\/de\/wp-json\/wp\/v2\/media\/133324"}],"wp:attachment":[{"href":"https:\/\/lediamant.ch\/de\/wp-json\/wp\/v2\/media?parent=133333"}],"wp:term":[{"taxonomy":"brand","embeddable":true,"href":"https:\/\/lediamant.ch\/de\/wp-json\/wp\/v2\/brand?post=133333"},{"taxonomy":"product_brand","embeddable":true,"href":"https:\/\/lediamant.ch\/de\/wp-json\/wp\/v2\/product_brand?post=133333"},{"taxonomy":"product_cat","embeddable":true,"href":"https:\/\/lediamant.ch\/de\/wp-json\/wp\/v2\/product_cat?post=133333"},{"taxonomy":"product_tag","embeddable":true,"href":"https:\/\/lediamant.ch\/de\/wp-json\/wp\/v2\/product_tag?post=133333"}],"curies":[{"name":"wp","href":"https:\/\/api.w.org\/{rel}","templated":true}]}}