{"id":133417,"date":"2020-03-16T19:26:14","date_gmt":"2020-03-16T18:26:14","guid":{"rendered":"https:\/\/lediamant.ch\/produit\/uhren-de\/tissot-de\/tissot-t-gold-de\/tissot-excellence-de\/tissot-excellence-lady-18-karat-gold-2\/"},"modified":"2026-02-13T14:41:42","modified_gmt":"2026-02-13T13:41:42","slug":"tissot-excellence-lady-18-karat-gold-2","status":"publish","type":"product","link":"https:\/\/lediamant.ch\/de\/uhren\/133417-tissot-excellence-lady-18-karat-gold-2\/","title":{"rendered":"Tissot Excellence Lady 18K Gold"},"content":{"rendered":"<p>Nichts bringt Exzellenz mehr zum Ausdruck als eine wundersch\u00f6ne und elegante Golduhr. Die Tissot Excellence setzt neue Ma\u00dfst\u00e4be, da das pure Design und das extrem feine Geh\u00e4use dieser Uhr Raffinesse und ultimative Eleganz verleihen. Mit ihrer schlanken Silhouette, den sanften Rundungen und dem Lederarmband schmiegt sie sich an das Handgelenk und verschmilzt mit ihrer Tr\u00e4gerin. Nicht Sie tragen die Tissot Excellence, sondern die Uhr tr\u00e4gt Sie. Die Kollektion beinhaltet Modelle mit 18-Karat-Ros\u00e9 oder -Gelbgold Geh\u00e4use. Dieses Damenmodell besitzt ein 18 Karat Ros\u00e9gold Geh\u00e4use mit Swiss-Made Quartzwerk und ein schwarzes Lederarmband mit Standardschlie\u00dfe. Das wei\u00dfe Zifferblatt hat Indizes. Die Tissot Excellence Lady liegt dank ihrer H\u00f6he von nur knapp 6 Millimetern und ihres Gewichts von lediglich rund 26 Gramm fast unmerklich am Arm.<\/p>\n","protected":false},"excerpt":{"rendered":"<p>Nichts bringt Exzellenz mehr zum Ausdruck als eine wundersch\u00f6ne und elegante Golduhr. Die Tissot Excellence setzt neue Ma\u00dfst\u00e4be, da das pure Design und das extrem feine Geh\u00e4use dieser Uhr Raffinesse und ultimative Eleganz verleihen. Mit ihrer schlanken Silhouette, den sanften Rundungen und dem Lederarmband schmiegt sie sich an das Handgelenk und verschmilzt mit ihrer Tr\u00e4gerin. &#8230; <a title=\"Tissot Excellence Lady 18K Gold\" class=\"read-more\" href=\"https:\/\/lediamant.ch\/de\/uhren\/133417-tissot-excellence-lady-18-karat-gold-2\/\" aria-label=\"Mehr Informationen \u00fcber Tissot Excellence Lady 18K Gold\">Weiterlesen &#8230;<\/a><\/p>\n","protected":false},"featured_media":133409,"template":"","meta":{"_acf_changed":false,"_seopress_robots_primary_cat":"27348","_seopress_titles_title":"","_seopress_titles_desc":"","_seopress_robots_index":""},"brand":[27087],"product_brand":[],"product_cat":[27159,27349,27123],"product_tag":[],"class_list":{"0":"post-133417","1":"product","2":"type-product","3":"status-publish","4":"has-post-thumbnail","6":"brand-tissot-de","7":"product_cat-tissot-de","8":"product_cat-tissot-gold","9":"product_cat-uhren","10":"pa_couleurduboitier-pinkrosa-de","11":"pa_couleurdubracelet-schwarz-de","12":"pa_couleurducadran-weiss","13":"pa_dimensions-o-31-8-mm","14":"pa_etancheite-30m-de","15":"pa_forme-runden","16":"pa_garantie-24monate","17":"pa_genre-frau","18":"pa_matiere-75018ktrosegold","19":"pa_matierebraceletmontre-leder","20":"pa_mouvement-quarzbatterie-de","21":"pa_swissmade-ja-de","22":"sales-flash-overlay","23":"woocommerce-text-align-center","24":"woocommerce-image-align-center","25":"do-quantity-buttons","27":"first","28":"outofstock","29":"taxable","30":"shipping-taxable","31":"purchasable","32":"product-type-simple"},"acf":[],"_links":{"self":[{"href":"https:\/\/lediamant.ch\/de\/wp-json\/wp\/v2\/product\/133417","targetHints":{"allow":["GET"]}}],"collection":[{"href":"https:\/\/lediamant.ch\/de\/wp-json\/wp\/v2\/product"}],"about":[{"href":"https:\/\/lediamant.ch\/de\/wp-json\/wp\/v2\/types\/product"}],"wp:featuredmedia":[{"embeddable":true,"href":"https:\/\/lediamant.ch\/de\/wp-json\/wp\/v2\/media\/133409"}],"wp:attachment":[{"href":"https:\/\/lediamant.ch\/de\/wp-json\/wp\/v2\/media?parent=133417"}],"wp:term":[{"taxonomy":"brand","embeddable":true,"href":"https:\/\/lediamant.ch\/de\/wp-json\/wp\/v2\/brand?post=133417"},{"taxonomy":"product_brand","embeddable":true,"href":"https:\/\/lediamant.ch\/de\/wp-json\/wp\/v2\/product_brand?post=133417"},{"taxonomy":"product_cat","embeddable":true,"href":"https:\/\/lediamant.ch\/de\/wp-json\/wp\/v2\/product_cat?post=133417"},{"taxonomy":"product_tag","embeddable":true,"href":"https:\/\/lediamant.ch\/de\/wp-json\/wp\/v2\/product_tag?post=133417"}],"curies":[{"name":"wp","href":"https:\/\/api.w.org\/{rel}","templated":true}]}}