{"id":133555,"date":"2020-03-16T19:27:50","date_gmt":"2020-03-16T18:27:50","guid":{"rendered":"https:\/\/lediamant.ch\/produit\/uhren-de\/tissot-de\/tissot-t-gold-de\/tissot-gentleman-de\/tissot-gentleman-powermatic-80-silizium-18-karat-gold-2\/"},"modified":"2020-03-16T19:27:50","modified_gmt":"2020-03-16T18:27:50","slug":"tissot-gentleman-powermatic-80-silizium-18-karat-gold-2","status":"publish","type":"product","link":"https:\/\/lediamant.ch\/de\/uhren\/133555-tissot-gentleman-powermatic-80-silizium-18-karat-gold-2\/","title":{"rendered":"Tissot Gentleman Powermatic 80 Silicium 18K Gold"},"content":{"rendered":"<p>Zu einem Gentleman geh\u00f6rt auch ein stilvoller, klassischer und eleganter Zeitmesser. So wie die neue Tissot Gentleman Automatic, die ihre Klasse bereits im Namen tr\u00e4gt. Auf dem 40 Millimeter messenden 316L-Edelstahlgeh\u00e4use sitzend, verleiht die 18 Karat Ros\u00e9goldl\u00fcnette der Uhr eine edle Optik und bildet gemeinsam mit den gleichfarbigen Indexen und Zeigern einen gelungenen Kontrast zum Zifferblatt in vier Farbvarianten: von silber- \u00fcber cremefarben bis hin zu Schokoladenbraun und Schwarz. Passende Armb\u00e4nder aus Edelstahl oder Leder mit Kontrastn\u00e4hten komplettieren den Look. Gentleman-like pr\u00e4sentiert sich auch das Innere der Uhr, zu bestaunen durch den gl\u00e4sernen Sichtboden aus Mineralglas: Das Powermatic 80 Automatikwerk \u2013 hier in der Ausf\u00fchrung mit Siliziumspirale (ETA C07.811) \u2013 bildet das Herz dieses Zeitmessers und sorgt f\u00fcr bis zu 80 Stunden Gangreserve und konstante Pr\u00e4zision. Dieses Modell hat ein schwarzes Zifferblatt mit Indizes und Datums<\/p>\n","protected":false},"excerpt":{"rendered":"<p>Zu einem Gentleman geh\u00f6rt auch ein stilvoller, klassischer und eleganter Zeitmesser. So wie die neue Tissot Gentleman Automatic, die ihre Klasse bereits im Namen tr\u00e4gt. Auf dem 40 Millimeter messenden 316L-Edelstahlgeh\u00e4use sitzend, verleiht die 18 Karat Ros\u00e9goldl\u00fcnette der Uhr eine edle Optik und bildet gemeinsam mit den gleichfarbigen Indexen und Zeigern einen gelungenen Kontrast zum &#8230; <a title=\"Tissot Gentleman Powermatic 80 Silicium 18K Gold\" class=\"read-more\" href=\"https:\/\/lediamant.ch\/de\/uhren\/133555-tissot-gentleman-powermatic-80-silizium-18-karat-gold-2\/\" aria-label=\"Mehr Informationen \u00fcber Tissot Gentleman Powermatic 80 Silicium 18K Gold\">Weiterlesen &#8230;<\/a><\/p>\n","protected":false},"featured_media":133551,"template":"","meta":{"_acf_changed":false,"_seopress_robots_primary_cat":"","_seopress_titles_title":"","_seopress_titles_desc":"","_seopress_robots_index":""},"brand":[27087],"product_brand":[],"product_cat":[27159,27375,27349,27123],"product_tag":[],"class_list":{"0":"post-133555","1":"product","2":"type-product","3":"status-publish","4":"has-post-thumbnail","6":"brand-tissot-de","7":"product_cat-tissot-de","8":"product_cat-tissot-gentleman-gold","9":"product_cat-tissot-gold","10":"product_cat-uhren","11":"pa_couleurduboitier-zweifarbig-de","12":"pa_couleurdubracelet-schwarz-de","13":"pa_couleurducadran-schwarz","14":"pa_dimensions-o-40-mm","15":"pa_etancheite-50m-de","16":"pa_forme-runden","17":"pa_garantie-24monate","18":"pa_genre-mann","19":"pa_matiere-bicolorstahlrosegold75018kt","20":"pa_matierebraceletmontre-leder","21":"pa_mouvement-automatik-de","22":"pa_swissmade-ja-de","23":"sales-flash-overlay","24":"woocommerce-text-align-center","25":"woocommerce-image-align-center","26":"do-quantity-buttons","28":"first","29":"instock","30":"taxable","31":"shipping-taxable","32":"purchasable","33":"product-type-simple"},"acf":[],"_links":{"self":[{"href":"https:\/\/lediamant.ch\/de\/wp-json\/wp\/v2\/product\/133555","targetHints":{"allow":["GET"]}}],"collection":[{"href":"https:\/\/lediamant.ch\/de\/wp-json\/wp\/v2\/product"}],"about":[{"href":"https:\/\/lediamant.ch\/de\/wp-json\/wp\/v2\/types\/product"}],"wp:featuredmedia":[{"embeddable":true,"href":"https:\/\/lediamant.ch\/de\/wp-json\/wp\/v2\/media\/133551"}],"wp:attachment":[{"href":"https:\/\/lediamant.ch\/de\/wp-json\/wp\/v2\/media?parent=133555"}],"wp:term":[{"taxonomy":"brand","embeddable":true,"href":"https:\/\/lediamant.ch\/de\/wp-json\/wp\/v2\/brand?post=133555"},{"taxonomy":"product_brand","embeddable":true,"href":"https:\/\/lediamant.ch\/de\/wp-json\/wp\/v2\/product_brand?post=133555"},{"taxonomy":"product_cat","embeddable":true,"href":"https:\/\/lediamant.ch\/de\/wp-json\/wp\/v2\/product_cat?post=133555"},{"taxonomy":"product_tag","embeddable":true,"href":"https:\/\/lediamant.ch\/de\/wp-json\/wp\/v2\/product_tag?post=133555"}],"curies":[{"name":"wp","href":"https:\/\/api.w.org\/{rel}","templated":true}]}}