{"id":133963,"date":"2020-03-17T07:37:20","date_gmt":"2020-03-17T06:37:20","guid":{"rendered":"https:\/\/lediamant.ch\/produit\/schmuck-de\/anhanger-de\/tieranhaenger-de\/750-gold-elefanten-anhanger-2\/"},"modified":"2026-02-17T15:20:39","modified_gmt":"2026-02-17T14:20:39","slug":"pendentif-elephant-or-750-2","status":"publish","type":"product","link":"https:\/\/lediamant.ch\/de\/schmuck\/133963-750-gold-elefanten-anhanger-2\/","title":{"rendered":"Anh\u00e4nger Elefant Gelbgold 750\/18 ct."},"content":{"rendered":"<p>Dieser Elefant aus 750\/18 ct. Gelbgold ist fast so echt wie die Natur und wird Ihnen \u00fcberall hin folgen. Als Symbol f\u00fcr Weisheit, Langlebigkeit und Wohlstand ist er der ideale Anh\u00e4nger f\u00fcr ruhige und besonnene Menschen, die Elefanten lieben. Die Details machen ihn zu einem unverzichtbaren Accessoire, das jedem Outfit einen Hauch von Chic verleiht.   <\/p>\n","protected":false},"excerpt":{"rendered":"<p>Dieser Elefant aus 750\/18 ct. Gelbgold ist fast so echt wie die Natur und wird Ihnen \u00fcberall hin folgen. Als Symbol f\u00fcr Weisheit, Langlebigkeit und Wohlstand ist er der ideale Anh\u00e4nger f\u00fcr ruhige und besonnene Menschen, die Elefanten lieben. Die Details machen ihn zu einem unverzichtbaren Accessoire, das jedem Outfit einen Hauch von Chic verleiht.<\/p>\n","protected":false},"featured_media":133961,"template":"","meta":{"_acf_changed":false,"_seopress_robots_primary_cat":"27356","_seopress_titles_title":"","_seopress_titles_desc":"","_seopress_robots_index":""},"brand":[27089],"product_brand":[],"product_cat":[27121,27155,27357],"product_tag":[],"class_list":{"0":"post-133963","1":"product","2":"type-product","3":"status-publish","4":"has-post-thumbnail","6":"brand-gold-jewellery-de","7":"product_cat-schmuck","8":"product_cat-anhanger","9":"product_cat-tier-anhanger","10":"pa_dimensions-ca-15-x-9mm","11":"pa_garantie-12monate","12":"pa_genre-frau","13":"pa_genre-kind","14":"pa_genre-mann","15":"pa_matiere-75018ktgelbgold","16":"sales-flash-overlay","17":"woocommerce-text-align-center","18":"woocommerce-image-align-center","19":"do-quantity-buttons","21":"first","22":"instock","23":"taxable","24":"shipping-taxable","25":"purchasable","26":"product-type-simple"},"acf":[],"_links":{"self":[{"href":"https:\/\/lediamant.ch\/de\/wp-json\/wp\/v2\/product\/133963","targetHints":{"allow":["GET"]}}],"collection":[{"href":"https:\/\/lediamant.ch\/de\/wp-json\/wp\/v2\/product"}],"about":[{"href":"https:\/\/lediamant.ch\/de\/wp-json\/wp\/v2\/types\/product"}],"wp:featuredmedia":[{"embeddable":true,"href":"https:\/\/lediamant.ch\/de\/wp-json\/wp\/v2\/media\/133961"}],"wp:attachment":[{"href":"https:\/\/lediamant.ch\/de\/wp-json\/wp\/v2\/media?parent=133963"}],"wp:term":[{"taxonomy":"brand","embeddable":true,"href":"https:\/\/lediamant.ch\/de\/wp-json\/wp\/v2\/brand?post=133963"},{"taxonomy":"product_brand","embeddable":true,"href":"https:\/\/lediamant.ch\/de\/wp-json\/wp\/v2\/product_brand?post=133963"},{"taxonomy":"product_cat","embeddable":true,"href":"https:\/\/lediamant.ch\/de\/wp-json\/wp\/v2\/product_cat?post=133963"},{"taxonomy":"product_tag","embeddable":true,"href":"https:\/\/lediamant.ch\/de\/wp-json\/wp\/v2\/product_tag?post=133963"}],"curies":[{"name":"wp","href":"https:\/\/api.w.org\/{rel}","templated":true}]}}