{"id":134191,"date":"2020-03-17T07:39:12","date_gmt":"2020-03-17T06:39:12","guid":{"rendered":"https:\/\/lediamant.ch\/produit\/schmuck-de\/ohrringe-de\/ohrstecker-de\/klee-ohrstecker-375-9-ct-gold\/"},"modified":"2026-03-14T11:57:35","modified_gmt":"2026-03-14T10:57:35","slug":"gold-reflektierte-ohrringe-375","status":"publish","type":"product","link":"https:\/\/lediamant.ch\/de\/schmuck\/134191-klee-ohrstecker-375-9-ct-gold\/","title":{"rendered":"Ohrstecker aus Gelbgold 375\/9 ct. Kleeblatt"},"content":{"rendered":"<p>Diese Ohrringe aus 375\/9 Karat Gelbgold sind ein wahrer Schatz an Zartheit und Eleganz. Sie haben ein bezauberndes Kleeblattdesign, das Gl\u00fcck und Wohlstand symbolisiert. Diese Ohrringe wurden mit au\u00dfergew\u00f6hnlicher Pr\u00e4zision von Hand gefertigt und sind leicht und bequem zu tragen, den ganzen Tag lang.  <\/p>\n","protected":false},"excerpt":{"rendered":"<p>Diese Ohrringe aus 375\/9 Karat Gelbgold sind ein wahrer Schatz an Zartheit und Eleganz. Sie haben ein bezauberndes Kleeblattdesign, das Gl\u00fcck und Wohlstand symbolisiert. Diese Ohrringe wurden mit au\u00dfergew\u00f6hnlicher Pr\u00e4zision von Hand gefertigt und sind leicht und bequem zu tragen, den ganzen Tag lang.<\/p>\n","protected":false},"featured_media":134189,"template":"","meta":{"_acf_changed":false,"_seopress_robots_primary_cat":"27192","_seopress_titles_title":"","_seopress_titles_desc":"Entdecken Sie die Eleganz der Ohrringe aus 375\/9 ct Gelbgold mit einem Kleeblatt-Design, das Gl\u00fcck symbolisiert. Leicht und handgefertigt f\u00fcr den t\u00e4glichen Komfort. ","_seopress_robots_index":""},"brand":[27089],"product_brand":[],"product_cat":[27121,27171,27193],"product_tag":[],"class_list":{"0":"post-134191","1":"product","2":"type-product","3":"status-publish","4":"has-post-thumbnail","6":"brand-gold-jewellery-de","7":"product_cat-schmuck","8":"product_cat-ohrringe","9":"product_cat-ohrstecker","10":"pa_garantie-12monate","11":"pa_genre-kind","12":"pa_matiere-3759ktgelbgold","13":"pa_motif-formen","14":"sales-flash-overlay","15":"woocommerce-text-align-center","16":"woocommerce-image-align-center","17":"do-quantity-buttons","19":"first","20":"instock","21":"taxable","22":"shipping-taxable","23":"purchasable","24":"product-type-simple"},"acf":[],"_links":{"self":[{"href":"https:\/\/lediamant.ch\/de\/wp-json\/wp\/v2\/product\/134191","targetHints":{"allow":["GET"]}}],"collection":[{"href":"https:\/\/lediamant.ch\/de\/wp-json\/wp\/v2\/product"}],"about":[{"href":"https:\/\/lediamant.ch\/de\/wp-json\/wp\/v2\/types\/product"}],"wp:featuredmedia":[{"embeddable":true,"href":"https:\/\/lediamant.ch\/de\/wp-json\/wp\/v2\/media\/134189"}],"wp:attachment":[{"href":"https:\/\/lediamant.ch\/de\/wp-json\/wp\/v2\/media?parent=134191"}],"wp:term":[{"taxonomy":"brand","embeddable":true,"href":"https:\/\/lediamant.ch\/de\/wp-json\/wp\/v2\/brand?post=134191"},{"taxonomy":"product_brand","embeddable":true,"href":"https:\/\/lediamant.ch\/de\/wp-json\/wp\/v2\/product_brand?post=134191"},{"taxonomy":"product_cat","embeddable":true,"href":"https:\/\/lediamant.ch\/de\/wp-json\/wp\/v2\/product_cat?post=134191"},{"taxonomy":"product_tag","embeddable":true,"href":"https:\/\/lediamant.ch\/de\/wp-json\/wp\/v2\/product_tag?post=134191"}],"curies":[{"name":"wp","href":"https:\/\/api.w.org\/{rel}","templated":true}]}}