{"id":134195,"date":"2020-03-17T07:39:12","date_gmt":"2020-03-17T06:39:12","guid":{"rendered":"https:\/\/lediamant.ch\/produit\/schmuck-de\/ohrringe-de\/ohrstecker-de\/edelweiss-ohrstecker-375-9-ct-gold\/"},"modified":"2026-01-28T17:11:04","modified_gmt":"2026-01-28T16:11:04","slug":"ohrringe-edelweiss-gold-375","status":"publish","type":"product","link":"https:\/\/lediamant.ch\/de\/schmuck\/134195-edelweiss-ohrstecker-375-9-ct-gold\/","title":{"rendered":"Ohrstecker aus Gelbgold 375\/9 ct. Edelweiss"},"content":{"rendered":"<p>Diese bezaubernden Ohrringe aus 375\/9 Karat Gelbgold sind eine zarte Darstellung des Edelwei\u00df, einer typischen Alpenblume. Jeder Ohrring wurde sorgf\u00e4ltig entworfen, um die nat\u00fcrliche Sch\u00f6nheit dieser Blume einzufangen, mit feinen Details, die einen Hauch von Eleganz verleihen. Diese Ohrringe sind die perfekte Wahl f\u00fcr jede Frau, die die Sch\u00f6nheit der Natur sch\u00e4tzt und ihrer Schmuckkollektion einen Hauch von alpinem Charme hinzuf\u00fcgen m\u00f6chte.  <\/p>\n","protected":false},"excerpt":{"rendered":"<p>Diese bezaubernden Ohrringe aus 375\/9 Karat Gelbgold sind eine zarte Darstellung des Edelwei\u00df, einer typischen Alpenblume. Jeder Ohrring wurde sorgf\u00e4ltig entworfen, um die nat\u00fcrliche Sch\u00f6nheit dieser Blume einzufangen, mit feinen Details, die einen Hauch von Eleganz verleihen. Diese Ohrringe sind die perfekte Wahl f\u00fcr jede Frau, die die Sch\u00f6nheit der Natur sch\u00e4tzt und ihrer Schmuckkollektion &#8230; <a title=\"Ohrstecker aus Gelbgold 375\/9 ct. Edelweiss\" class=\"read-more\" href=\"https:\/\/lediamant.ch\/de\/schmuck\/134195-edelweiss-ohrstecker-375-9-ct-gold\/\" aria-label=\"Mehr Informationen \u00fcber Ohrstecker aus Gelbgold 375\/9 ct. Edelweiss\">Weiterlesen &#8230;<\/a><\/p>\n","protected":false},"featured_media":134193,"template":"","meta":{"_acf_changed":false,"_seopress_robots_primary_cat":"27192","_seopress_titles_title":"%%post_title%%","_seopress_titles_desc":"Entdecken Sie den Charme der Alpen mit diesen eleganten Edelweiss-Ohrringen aus 375\/9 Karat Gold, die perfekt f\u00fcr jede Frau sind, die die Natur liebt.","_seopress_robots_index":""},"brand":[27089],"product_brand":[],"product_cat":[27171,27193,27121],"product_tag":[],"class_list":{"0":"post-134195","1":"product","2":"type-product","3":"status-publish","4":"has-post-thumbnail","6":"brand-gold-jewellery-de","7":"product_cat-ohrringe","8":"product_cat-ohrstecker","9":"product_cat-schmuck","10":"pa_garantie-12monate","11":"pa_genre-frau","12":"pa_genre-kind","13":"pa_genre-mann","14":"pa_matiere-3759ktgelbgold","15":"pa_motif-tiere","16":"sales-flash-overlay","17":"woocommerce-text-align-center","18":"woocommerce-image-align-center","19":"do-quantity-buttons","21":"first","22":"instock","23":"taxable","24":"shipping-taxable","25":"purchasable","26":"product-type-simple"},"acf":[],"_links":{"self":[{"href":"https:\/\/lediamant.ch\/de\/wp-json\/wp\/v2\/product\/134195","targetHints":{"allow":["GET"]}}],"collection":[{"href":"https:\/\/lediamant.ch\/de\/wp-json\/wp\/v2\/product"}],"about":[{"href":"https:\/\/lediamant.ch\/de\/wp-json\/wp\/v2\/types\/product"}],"wp:featuredmedia":[{"embeddable":true,"href":"https:\/\/lediamant.ch\/de\/wp-json\/wp\/v2\/media\/134193"}],"wp:attachment":[{"href":"https:\/\/lediamant.ch\/de\/wp-json\/wp\/v2\/media?parent=134195"}],"wp:term":[{"taxonomy":"brand","embeddable":true,"href":"https:\/\/lediamant.ch\/de\/wp-json\/wp\/v2\/brand?post=134195"},{"taxonomy":"product_brand","embeddable":true,"href":"https:\/\/lediamant.ch\/de\/wp-json\/wp\/v2\/product_brand?post=134195"},{"taxonomy":"product_cat","embeddable":true,"href":"https:\/\/lediamant.ch\/de\/wp-json\/wp\/v2\/product_cat?post=134195"},{"taxonomy":"product_tag","embeddable":true,"href":"https:\/\/lediamant.ch\/de\/wp-json\/wp\/v2\/product_tag?post=134195"}],"curies":[{"name":"wp","href":"https:\/\/api.w.org\/{rel}","templated":true}]}}