{"id":134349,"date":"2020-03-17T07:40:31","date_gmt":"2020-03-17T06:40:31","guid":{"rendered":"https:\/\/lediamant.ch\/produit\/schmuck-de\/anhanger-de\/perlenanhaenger-de\/zuchtperlenanhanger-aus-750-gelbgold\/"},"modified":"2026-04-15T13:38:02","modified_gmt":"2026-04-15T11:38:02","slug":"pendentif-or-750-20","status":"publish","type":"product","link":"https:\/\/lediamant.ch\/de\/schmuck\/134349-anhanger-mit-suswasserzuchtperle-65-7mm-gelbgold-750\/18-kt-115107235\/0002\/","title":{"rendered":"Anh\u00e4nger mit S\u00fc\u00dfwasserzuchtperle 6.5-7mm Gelbgold 750\/18 kt."},"content":{"rendered":"","protected":false},"excerpt":{"rendered":"","protected":false},"featured_media":134347,"template":"","meta":{"_acf_changed":false,"_seopress_robots_primary_cat":"27279","_seopress_titles_title":"","_seopress_titles_desc":"","_seopress_robots_index":""},"brand":[42515],"product_brand":[],"product_cat":[27155,27279,27121],"product_tag":[],"class_list":{"0":"post-134349","1":"product","2":"type-product","3":"status-publish","4":"has-post-thumbnail","6":"brand-pearl-jewellery","7":"product_cat-anhanger","8":"product_cat-perlen-anhanger","9":"product_cat-schmuck","10":"pa_garantie-12monate","11":"pa_genre-frau","12":"pa_matiere-75018ktgelbgold","13":"pa_motif-verschiedene","14":"pa_perles-suesswasser","15":"sales-flash-overlay","16":"woocommerce-text-align-center","17":"woocommerce-image-align-center","18":"do-quantity-buttons","20":"first","21":"instock","22":"taxable","23":"shipping-taxable","24":"purchasable","25":"product-type-simple"},"acf":[],"_links":{"self":[{"href":"https:\/\/lediamant.ch\/de\/wp-json\/wp\/v2\/product\/134349","targetHints":{"allow":["GET"]}}],"collection":[{"href":"https:\/\/lediamant.ch\/de\/wp-json\/wp\/v2\/product"}],"about":[{"href":"https:\/\/lediamant.ch\/de\/wp-json\/wp\/v2\/types\/product"}],"wp:featuredmedia":[{"embeddable":true,"href":"https:\/\/lediamant.ch\/de\/wp-json\/wp\/v2\/media\/134347"}],"wp:attachment":[{"href":"https:\/\/lediamant.ch\/de\/wp-json\/wp\/v2\/media?parent=134349"}],"wp:term":[{"taxonomy":"brand","embeddable":true,"href":"https:\/\/lediamant.ch\/de\/wp-json\/wp\/v2\/brand?post=134349"},{"taxonomy":"product_brand","embeddable":true,"href":"https:\/\/lediamant.ch\/de\/wp-json\/wp\/v2\/product_brand?post=134349"},{"taxonomy":"product_cat","embeddable":true,"href":"https:\/\/lediamant.ch\/de\/wp-json\/wp\/v2\/product_cat?post=134349"},{"taxonomy":"product_tag","embeddable":true,"href":"https:\/\/lediamant.ch\/de\/wp-json\/wp\/v2\/product_tag?post=134349"}],"curies":[{"name":"wp","href":"https:\/\/api.w.org\/{rel}","templated":true}]}}