{"id":134353,"date":"2020-03-17T07:40:31","date_gmt":"2020-03-17T06:40:31","guid":{"rendered":"https:\/\/lediamant.ch\/produit\/schmuck-de\/anhanger-de\/perlenanhaenger-de\/zuchtperlenanhanger-aus-750-gelbgold-2\/"},"modified":"2026-04-15T13:40:34","modified_gmt":"2026-04-15T11:40:34","slug":"anhaenger-or-750-21","status":"publish","type":"product","link":"https:\/\/lediamant.ch\/de\/schmuck\/134353-suswasser-zuchtperlenanhanger-750-18-kt-gelbgold-115107234\/0002\/","title":{"rendered":"S\u00fc\u00dfwasser-Zuchtperlenanh\u00e4nger 7.5-8mm aus 750\/18 kt Gelbgold."},"content":{"rendered":"","protected":false},"excerpt":{"rendered":"","protected":false},"featured_media":134351,"template":"","meta":{"_acf_changed":false,"_seopress_robots_primary_cat":"27279","_seopress_titles_title":"","_seopress_titles_desc":"","_seopress_robots_index":""},"brand":[42515],"product_brand":[],"product_cat":[27121,27155,27279],"product_tag":[],"class_list":{"0":"post-134353","1":"product","2":"type-product","3":"status-publish","4":"has-post-thumbnail","6":"brand-pearl-jewellery","7":"product_cat-schmuck","8":"product_cat-anhanger","9":"product_cat-perlen-anhanger","10":"pa_garantie-12monate","11":"pa_genre-frau","12":"pa_matiere-75018ktgelbgold","13":"pa_motif-verschiedene","14":"pa_perles-suesswasser","15":"sales-flash-overlay","16":"woocommerce-text-align-center","17":"woocommerce-image-align-center","18":"do-quantity-buttons","20":"first","21":"instock","22":"taxable","23":"shipping-taxable","24":"purchasable","25":"product-type-simple"},"acf":[],"_links":{"self":[{"href":"https:\/\/lediamant.ch\/de\/wp-json\/wp\/v2\/product\/134353","targetHints":{"allow":["GET"]}}],"collection":[{"href":"https:\/\/lediamant.ch\/de\/wp-json\/wp\/v2\/product"}],"about":[{"href":"https:\/\/lediamant.ch\/de\/wp-json\/wp\/v2\/types\/product"}],"wp:featuredmedia":[{"embeddable":true,"href":"https:\/\/lediamant.ch\/de\/wp-json\/wp\/v2\/media\/134351"}],"wp:attachment":[{"href":"https:\/\/lediamant.ch\/de\/wp-json\/wp\/v2\/media?parent=134353"}],"wp:term":[{"taxonomy":"brand","embeddable":true,"href":"https:\/\/lediamant.ch\/de\/wp-json\/wp\/v2\/brand?post=134353"},{"taxonomy":"product_brand","embeddable":true,"href":"https:\/\/lediamant.ch\/de\/wp-json\/wp\/v2\/product_brand?post=134353"},{"taxonomy":"product_cat","embeddable":true,"href":"https:\/\/lediamant.ch\/de\/wp-json\/wp\/v2\/product_cat?post=134353"},{"taxonomy":"product_tag","embeddable":true,"href":"https:\/\/lediamant.ch\/de\/wp-json\/wp\/v2\/product_tag?post=134353"}],"curies":[{"name":"wp","href":"https:\/\/api.w.org\/{rel}","templated":true}]}}