{"id":134761,"date":"2020-03-17T07:44:11","date_gmt":"2020-03-17T06:44:11","guid":{"rendered":"https:\/\/lediamant.ch\/produit\/schmuck-de\/anhanger-de\/anhaenger-buchstabe-de\/anhaenger-buchstabe-e-75018-karat-gelbgold\/"},"modified":"2025-05-09T17:54:10","modified_gmt":"2025-05-09T15:54:10","slug":"pendentif-lettre-e-or-jaune-75018-ct","status":"publish","type":"product","link":"https:\/\/lediamant.ch\/de\/schmuck\/134761-anhaenger-buchstabe-e-75018-karat-gelbgold\/","title":{"rendered":"Anh\u00e4nger Buchstabe E Gelbgold 750\/18 kt."},"content":{"rendered":"<p>Entdecken Sie unseren charmanten Anh\u00e4nger Buchstabe E, der sorgf\u00e4ltig aus 750\/18 kt. Gelbgold gefertigt wurde. Dieses zarte und elegante Schmuckst\u00fcck ist der perfekte Ausdruck Ihrer Individualit\u00e4t oder ein bedeutungsvolles Geschenk f\u00fcr einen geliebten Menschen. Mit seinem einfachen, aber raffinierten Design passt es perfekt zu jedem Outfit und verleiht Ihrem t\u00e4glichen Look einen Hauch von Glanz. Tragen Sie Ihren Anfangsbuchstaben mit Stolz oder tragen Sie den Buchstaben eines geliebten Menschen in Ihrem Herzen mit diesem Anh\u00e4nger Buchstabe E aus Gelbgold.<\/p>\n","protected":false},"excerpt":{"rendered":"<p>Entdecken Sie unseren charmanten Anh\u00e4nger Buchstabe E, der sorgf\u00e4ltig aus 750\/18 kt. Gelbgold gefertigt wurde. Dieses zarte und elegante Schmuckst\u00fcck ist der perfekte Ausdruck Ihrer Individualit\u00e4t oder ein bedeutungsvolles Geschenk f\u00fcr einen geliebten Menschen. Mit seinem einfachen, aber raffinierten Design passt es perfekt zu jedem Outfit und verleiht Ihrem t\u00e4glichen Look einen Hauch von Glanz. &#8230; <a title=\"Anh\u00e4nger Buchstabe E Gelbgold 750\/18 kt.\" class=\"read-more\" href=\"https:\/\/lediamant.ch\/de\/schmuck\/134761-anhaenger-buchstabe-e-75018-karat-gelbgold\/\" aria-label=\"Mehr Informationen \u00fcber Anh\u00e4nger Buchstabe E Gelbgold 750\/18 kt.\">Weiterlesen &#8230;<\/a><\/p>\n","protected":false},"featured_media":134759,"template":"","meta":{"_acf_changed":false,"_seopress_robots_primary_cat":"27343","_seopress_titles_title":"","_seopress_titles_desc":"Entdecken Sie den Charme des Anh\u00e4nger Buchstabe E aus 750\/18 ct Gelbgold. Ein perfektes Geschenk, das zu jedem Outfit passt.","_seopress_robots_index":""},"brand":[27089],"product_brand":[],"product_cat":[27343,27121],"product_tag":[],"class_list":{"0":"post-134761","1":"product","2":"type-product","3":"status-publish","4":"has-post-thumbnail","6":"brand-gold-jewellery-de","7":"product_cat-buchstaben-anhanger","8":"product_cat-schmuck","9":"pa_dimensions-ca-7-x-8-mm","10":"pa_garantie-12monate","11":"pa_genre-frau","12":"pa_genre-kind","13":"pa_genre-mann","14":"pa_matiere-75018ktgelbgold","15":"pa_motif-buchstaben","16":"sales-flash-overlay","17":"woocommerce-text-align-center","18":"woocommerce-image-align-center","19":"do-quantity-buttons","21":"first","22":"instock","23":"taxable","24":"shipping-taxable","25":"purchasable","26":"product-type-simple"},"acf":[],"_links":{"self":[{"href":"https:\/\/lediamant.ch\/de\/wp-json\/wp\/v2\/product\/134761","targetHints":{"allow":["GET"]}}],"collection":[{"href":"https:\/\/lediamant.ch\/de\/wp-json\/wp\/v2\/product"}],"about":[{"href":"https:\/\/lediamant.ch\/de\/wp-json\/wp\/v2\/types\/product"}],"wp:featuredmedia":[{"embeddable":true,"href":"https:\/\/lediamant.ch\/de\/wp-json\/wp\/v2\/media\/134759"}],"wp:attachment":[{"href":"https:\/\/lediamant.ch\/de\/wp-json\/wp\/v2\/media?parent=134761"}],"wp:term":[{"taxonomy":"brand","embeddable":true,"href":"https:\/\/lediamant.ch\/de\/wp-json\/wp\/v2\/brand?post=134761"},{"taxonomy":"product_brand","embeddable":true,"href":"https:\/\/lediamant.ch\/de\/wp-json\/wp\/v2\/product_brand?post=134761"},{"taxonomy":"product_cat","embeddable":true,"href":"https:\/\/lediamant.ch\/de\/wp-json\/wp\/v2\/product_cat?post=134761"},{"taxonomy":"product_tag","embeddable":true,"href":"https:\/\/lediamant.ch\/de\/wp-json\/wp\/v2\/product_tag?post=134761"}],"curies":[{"name":"wp","href":"https:\/\/api.w.org\/{rel}","templated":true}]}}