{"id":134769,"date":"2020-03-17T07:44:11","date_gmt":"2020-03-17T06:44:11","guid":{"rendered":"https:\/\/lediamant.ch\/produit\/schmuck-de\/anhanger-de\/anhaenger-buchstabe-de\/anhaenger-buchstabe-g-gelbgold-75018-kt\/"},"modified":"2025-05-21T13:47:34","modified_gmt":"2025-05-21T11:47:34","slug":"anhaenger-buchstabe-g-gelbgold-750-18-kt-2","status":"publish","type":"product","link":"https:\/\/lediamant.ch\/de\/schmuck\/134769-anhaenger-buchstabe-g-gelbgold-750-18-kt-115605157\/0072\/","title":{"rendered":"Anh\u00e4nger Buchstabe G Gelbgold 750\/18 kt."},"content":{"rendered":"<p>Dieser elegante Anh\u00e4nger in Form des Buchstabens \u201eG\u201c ist aus hochwertigem 750\/18 kt Gelbgold gefertigt und bietet einen dauerhaften Glanz und eine au\u00dfergew\u00f6hnliche Haltbarkeit. Sein einfaches aber anspruchsvolles Design macht diesen Anh\u00e4nger zu einer idealen Wahl f\u00fcr den t\u00e4glichen Gebrauch oder f\u00fcr besondere Anl\u00e4sse. Er kann auch als perfektes personalisiertes Geschenk dienen, das es dem Tr\u00e4ger erm\u00f6glicht, die Initiale seines Vor- oder Nachnamens mit Stolz zu tragen. Dieser Anh\u00e4nger ist eine au\u00dfergew\u00f6hnliche Wahl f\u00fcr diejenigen, die Sch\u00f6nheit in der Einfachheit sch\u00e4tzen.<\/p>\n","protected":false},"excerpt":{"rendered":"<p>Dieser elegante Anh\u00e4nger in Form des Buchstabens \u201eG\u201c ist aus hochwertigem 750\/18 kt Gelbgold gefertigt und bietet einen dauerhaften Glanz und eine au\u00dfergew\u00f6hnliche Haltbarkeit. Sein einfaches aber anspruchsvolles Design macht diesen Anh\u00e4nger zu einer idealen Wahl f\u00fcr den t\u00e4glichen Gebrauch oder f\u00fcr besondere Anl\u00e4sse. Er kann auch als perfektes personalisiertes Geschenk dienen, das es dem &#8230; <a title=\"Anh\u00e4nger Buchstabe G Gelbgold 750\/18 kt.\" class=\"read-more\" href=\"https:\/\/lediamant.ch\/de\/schmuck\/134769-anhaenger-buchstabe-g-gelbgold-750-18-kt-115605157\/0072\/\" aria-label=\"Mehr Informationen \u00fcber Anh\u00e4nger Buchstabe G Gelbgold 750\/18 kt.\">Weiterlesen &#8230;<\/a><\/p>\n","protected":false},"featured_media":134767,"template":"","meta":{"_acf_changed":false,"_seopress_robots_primary_cat":"27343","_seopress_titles_title":"","_seopress_titles_desc":"Entdecken Sie den stilvollen Buchstaben 'G' Anh\u00e4nger aus 750\/18 kt Gelbgold, perfekt f\u00fcr den Alltag oder besondere Momente.","_seopress_robots_index":""},"brand":[27089],"product_brand":[],"product_cat":[27155,27343,27121],"product_tag":[],"class_list":{"0":"post-134769","1":"product","2":"type-product","3":"status-publish","4":"has-post-thumbnail","6":"brand-gold-jewellery-de","7":"product_cat-anhanger","8":"product_cat-buchstaben-anhanger","9":"product_cat-schmuck","10":"pa_dimensions-ca-7-x-8-mm","11":"pa_garantie-12monate","12":"pa_genre-frau","13":"pa_genre-kind","14":"pa_genre-mann","15":"pa_matiere-75018ktgelbgold","16":"pa_motif-buchstaben","17":"sales-flash-overlay","18":"woocommerce-text-align-center","19":"woocommerce-image-align-center","20":"do-quantity-buttons","22":"first","23":"instock","24":"taxable","25":"shipping-taxable","26":"purchasable","27":"product-type-simple"},"acf":[],"_links":{"self":[{"href":"https:\/\/lediamant.ch\/de\/wp-json\/wp\/v2\/product\/134769","targetHints":{"allow":["GET"]}}],"collection":[{"href":"https:\/\/lediamant.ch\/de\/wp-json\/wp\/v2\/product"}],"about":[{"href":"https:\/\/lediamant.ch\/de\/wp-json\/wp\/v2\/types\/product"}],"wp:featuredmedia":[{"embeddable":true,"href":"https:\/\/lediamant.ch\/de\/wp-json\/wp\/v2\/media\/134767"}],"wp:attachment":[{"href":"https:\/\/lediamant.ch\/de\/wp-json\/wp\/v2\/media?parent=134769"}],"wp:term":[{"taxonomy":"brand","embeddable":true,"href":"https:\/\/lediamant.ch\/de\/wp-json\/wp\/v2\/brand?post=134769"},{"taxonomy":"product_brand","embeddable":true,"href":"https:\/\/lediamant.ch\/de\/wp-json\/wp\/v2\/product_brand?post=134769"},{"taxonomy":"product_cat","embeddable":true,"href":"https:\/\/lediamant.ch\/de\/wp-json\/wp\/v2\/product_cat?post=134769"},{"taxonomy":"product_tag","embeddable":true,"href":"https:\/\/lediamant.ch\/de\/wp-json\/wp\/v2\/product_tag?post=134769"}],"curies":[{"name":"wp","href":"https:\/\/api.w.org\/{rel}","templated":true}]}}