{"id":134781,"date":"2020-03-17T07:44:21","date_gmt":"2020-03-17T06:44:21","guid":{"rendered":"https:\/\/lediamant.ch\/produit\/schmuck-de\/anhanger-de\/anhaenger-buchstabe-de\/anhaenger-buchstabe-j-gelbgold-75018-kt\/"},"modified":"2026-03-07T15:35:22","modified_gmt":"2026-03-07T14:35:22","slug":"pendentif-lettre-j-or-jaune-75018-ct","status":"publish","type":"product","link":"https:\/\/lediamant.ch\/de\/schmuck\/134781-anhaenger-buchstabe-j-gelbgold-750-18-kt-115605157\/0102\/","title":{"rendered":"Anh\u00e4nger Buchstabe J aus Gelbgold 750\/18 ct."},"content":{"rendered":"<p>Dieser elegante Anh\u00e4nger in Form des Buchstabens &#8222;J&#8220; ist aus feinstem 750\/18 ct Gelbgold gefertigt und bietet einen dauerhaften Glanz, der nicht anl\u00e4uft. Perfekt f\u00fcr den t\u00e4glichen Gebrauch oder f\u00fcr besondere Anl\u00e4sse, ist dieser Anh\u00e4nger eine charmante M\u00f6glichkeit, Ihre Individualit\u00e4t auszudr\u00fccken oder einen Buchstaben, der eine besondere Bedeutung f\u00fcr Sie hat, in Ihrem Herzen zu tragen. Er kann auch ein bedeutungsvolles und pers\u00f6nliches Geschenk f\u00fcr einen geliebten Menschen sein. Sein zartes Design und die glatte Oberfl\u00e4che machen ihn zu einer raffinierten Erg\u00e4nzung jeder Schmuckkollektion.   <\/p>\n","protected":false},"excerpt":{"rendered":"<p>Dieser elegante Anh\u00e4nger in Form des Buchstabens &#8222;J&#8220; ist aus feinstem 750\/18 ct Gelbgold gefertigt und bietet einen dauerhaften Glanz, der nicht anl\u00e4uft. Perfekt f\u00fcr den t\u00e4glichen Gebrauch oder f\u00fcr besondere Anl\u00e4sse, ist dieser Anh\u00e4nger eine charmante M\u00f6glichkeit, Ihre Individualit\u00e4t auszudr\u00fccken oder einen Buchstaben, der eine besondere Bedeutung f\u00fcr Sie hat, in Ihrem Herzen zu &#8230; <a title=\"Anh\u00e4nger Buchstabe J aus Gelbgold 750\/18 ct.\" class=\"read-more\" href=\"https:\/\/lediamant.ch\/de\/schmuck\/134781-anhaenger-buchstabe-j-gelbgold-750-18-kt-115605157\/0102\/\" aria-label=\"Mehr Informationen \u00fcber Anh\u00e4nger Buchstabe J aus Gelbgold 750\/18 ct.\">Weiterlesen &#8230;<\/a><\/p>\n","protected":false},"featured_media":134779,"template":"","meta":{"_acf_changed":false,"_seopress_robots_primary_cat":"27342","_seopress_titles_title":"","_seopress_titles_desc":"Entdecken Sie unseren Anh\u00e4nger 'J' aus 18 Karat Gold, der sich perfekt f\u00fcr den Alltag oder besondere Anl\u00e4sse eignet. Ein elegantes und pers\u00f6nliches Geschenk. ","_seopress_robots_index":""},"brand":[27089],"product_brand":[],"product_cat":[27343,27121],"product_tag":[],"class_list":{"0":"post-134781","1":"product","2":"type-product","3":"status-publish","4":"has-post-thumbnail","6":"brand-gold-jewellery-de","7":"product_cat-buchstaben-anhanger","8":"product_cat-schmuck","9":"pa_dimensions-7-x-9-mm","10":"pa_garantie-12monate","11":"pa_genre-frau","12":"pa_genre-kind","13":"pa_genre-mann","14":"pa_matiere-75018ktgelbgold","15":"pa_motif-buchstaben","16":"sales-flash-overlay","17":"woocommerce-text-align-center","18":"woocommerce-image-align-center","19":"do-quantity-buttons","21":"first","22":"instock","23":"taxable","24":"shipping-taxable","25":"purchasable","26":"product-type-simple"},"acf":[],"_links":{"self":[{"href":"https:\/\/lediamant.ch\/de\/wp-json\/wp\/v2\/product\/134781","targetHints":{"allow":["GET"]}}],"collection":[{"href":"https:\/\/lediamant.ch\/de\/wp-json\/wp\/v2\/product"}],"about":[{"href":"https:\/\/lediamant.ch\/de\/wp-json\/wp\/v2\/types\/product"}],"wp:featuredmedia":[{"embeddable":true,"href":"https:\/\/lediamant.ch\/de\/wp-json\/wp\/v2\/media\/134779"}],"wp:attachment":[{"href":"https:\/\/lediamant.ch\/de\/wp-json\/wp\/v2\/media?parent=134781"}],"wp:term":[{"taxonomy":"brand","embeddable":true,"href":"https:\/\/lediamant.ch\/de\/wp-json\/wp\/v2\/brand?post=134781"},{"taxonomy":"product_brand","embeddable":true,"href":"https:\/\/lediamant.ch\/de\/wp-json\/wp\/v2\/product_brand?post=134781"},{"taxonomy":"product_cat","embeddable":true,"href":"https:\/\/lediamant.ch\/de\/wp-json\/wp\/v2\/product_cat?post=134781"},{"taxonomy":"product_tag","embeddable":true,"href":"https:\/\/lediamant.ch\/de\/wp-json\/wp\/v2\/product_tag?post=134781"}],"curies":[{"name":"wp","href":"https:\/\/api.w.org\/{rel}","templated":true}]}}