{"id":134785,"date":"2020-03-17T07:44:21","date_gmt":"2020-03-17T06:44:21","guid":{"rendered":"https:\/\/lediamant.ch\/produit\/schmuck-de\/anhanger-de\/anhaenger-buchstabe-de\/anhaenger-buchstabe-k-75018-karat-gelbgold\/"},"modified":"2025-05-21T17:42:08","modified_gmt":"2025-05-21T15:42:08","slug":"anhaenger-buchstabe-k-gelbgold-750-18-kt","status":"publish","type":"product","link":"https:\/\/lediamant.ch\/de\/schmuck\/134785-anhaenger-buchstabe-k-gelbgold-750-18-kt-115605157\/0112\/","title":{"rendered":"Anh\u00e4nger Buchstabe K Gelbgold 750\/18 kt."},"content":{"rendered":"<p>Dieser Anh\u00e4nger in Form des Buchstabens \u201eK\u201c ist ein zartes und elegantes Schmuckst\u00fcck, das aus hochwertigem 750\/18 kt Gelbgold hergestellt wurde. Sein einfaches und doch raffiniertes Design erm\u00f6glicht es Ihnen, ihn sowohl im Alltag als auch zu besonderen Anl\u00e4ssen zu tragen. Es ist das perfekte Geschenk f\u00fcr einen Geburtstag, einen Hochzeitstag oder einfach um Ihre Liebe zu einer Person auszudr\u00fccken, die einen besonderen Platz in Ihrem Herzen hat. Mit seinem strahlenden Glanz und dem attraktiven Design wird dieser Anh\u00e4nger sicher verf\u00fchren und einen bleibenden Eindruck hinterlassen.<\/p>\n","protected":false},"excerpt":{"rendered":"<p>Dieser Anh\u00e4nger in Form des Buchstabens \u201eK\u201c ist ein zartes und elegantes Schmuckst\u00fcck, das aus hochwertigem 750\/18 kt Gelbgold hergestellt wurde. Sein einfaches und doch raffiniertes Design erm\u00f6glicht es Ihnen, ihn sowohl im Alltag als auch zu besonderen Anl\u00e4ssen zu tragen. Es ist das perfekte Geschenk f\u00fcr einen Geburtstag, einen Hochzeitstag oder einfach um Ihre &#8230; <a title=\"Anh\u00e4nger Buchstabe K Gelbgold 750\/18 kt.\" class=\"read-more\" href=\"https:\/\/lediamant.ch\/de\/schmuck\/134785-anhaenger-buchstabe-k-gelbgold-750-18-kt-115605157\/0112\/\" aria-label=\"Mehr Informationen \u00fcber Anh\u00e4nger Buchstabe K Gelbgold 750\/18 kt.\">Weiterlesen &#8230;<\/a><\/p>\n","protected":false},"featured_media":134783,"template":"","meta":{"_acf_changed":false,"_seopress_robots_primary_cat":"27343","_seopress_titles_title":"","_seopress_titles_desc":"Entdecken Sie unseren Anh\u00e4nger mit dem Buchstaben K aus 18 Kt Gelbgold, ein elegantes und zeitloses Schmuckst\u00fcck f\u00fcr jeden Anlass.","_seopress_robots_index":""},"brand":[27089],"product_brand":[],"product_cat":[27343,27121],"product_tag":[],"class_list":{"0":"post-134785","1":"product","2":"type-product","3":"status-publish","4":"has-post-thumbnail","6":"brand-gold-jewellery-de","7":"product_cat-buchstaben-anhanger","8":"product_cat-schmuck","9":"pa_dimensions-ca-9-x-7-mm","10":"pa_garantie-12monate","11":"pa_genre-frau","12":"pa_genre-kind","13":"pa_genre-mann","14":"pa_matiere-75018ktgelbgold","15":"pa_motif-buchstaben","16":"sales-flash-overlay","17":"woocommerce-text-align-center","18":"woocommerce-image-align-center","19":"do-quantity-buttons","21":"first","22":"instock","23":"taxable","24":"shipping-taxable","25":"purchasable","26":"product-type-simple"},"acf":[],"_links":{"self":[{"href":"https:\/\/lediamant.ch\/de\/wp-json\/wp\/v2\/product\/134785","targetHints":{"allow":["GET"]}}],"collection":[{"href":"https:\/\/lediamant.ch\/de\/wp-json\/wp\/v2\/product"}],"about":[{"href":"https:\/\/lediamant.ch\/de\/wp-json\/wp\/v2\/types\/product"}],"wp:featuredmedia":[{"embeddable":true,"href":"https:\/\/lediamant.ch\/de\/wp-json\/wp\/v2\/media\/134783"}],"wp:attachment":[{"href":"https:\/\/lediamant.ch\/de\/wp-json\/wp\/v2\/media?parent=134785"}],"wp:term":[{"taxonomy":"brand","embeddable":true,"href":"https:\/\/lediamant.ch\/de\/wp-json\/wp\/v2\/brand?post=134785"},{"taxonomy":"product_brand","embeddable":true,"href":"https:\/\/lediamant.ch\/de\/wp-json\/wp\/v2\/product_brand?post=134785"},{"taxonomy":"product_cat","embeddable":true,"href":"https:\/\/lediamant.ch\/de\/wp-json\/wp\/v2\/product_cat?post=134785"},{"taxonomy":"product_tag","embeddable":true,"href":"https:\/\/lediamant.ch\/de\/wp-json\/wp\/v2\/product_tag?post=134785"}],"curies":[{"name":"wp","href":"https:\/\/api.w.org\/{rel}","templated":true}]}}