{"id":134789,"date":"2020-03-17T07:44:21","date_gmt":"2020-03-17T06:44:21","guid":{"rendered":"https:\/\/lediamant.ch\/produit\/schmuck-de\/anhanger-de\/anhaenger-buchstabe-de\/anhaenger-buchstabe-l-75018-kt-gelbgold\/"},"modified":"2025-05-27T18:03:29","modified_gmt":"2025-05-27T16:03:29","slug":"anhaenger-buchstabe-l-gelbgold-750-18-kt-3","status":"publish","type":"product","link":"https:\/\/lediamant.ch\/de\/schmuck\/134789-anhaenger-buchstabe-l-gelbgold-750-18-kt-115605157\/0122\/","title":{"rendered":"Anh\u00e4nger Buchstabe L Gelbgold 750\/18 kt."},"content":{"rendered":"<p>Entdecken Sie unseren Anh\u00e4nger Buchstabe L, ein elegantes und zeitloses Schmuckst\u00fcck. Dieses zarte Schmuckst\u00fcck aus 750\/18 kt Gelbgold ist diskret und raffiniert zugleich. Mit der Form des Buchstabens L kann er entweder einen Namen darstellen, der Ihnen wichtig ist, oder ein Wort, das eine besondere Bedeutung f\u00fcr Sie hat. Sein schlichtes, aber raffiniertes Design macht es zu einem perfekten Geschenk f\u00fcr jeden Anlass, ob Sie es nun mit einem Alltagsoutfit oder einem eleganten Kleidungsst\u00fcck kombinieren. Es ist auch das perfekte Geschenk f\u00fcr einen geliebten Menschen. Zeigen Sie Ihre Liebe und Zuneigung mit diesem Anh\u00e4nger Buchstabe L aus Gelbgold.<\/p>\n","protected":false},"excerpt":{"rendered":"<p>Entdecken Sie unseren Anh\u00e4nger Buchstabe L, ein elegantes und zeitloses Schmuckst\u00fcck. Dieses zarte Schmuckst\u00fcck aus 750\/18 kt Gelbgold ist diskret und raffiniert zugleich. Mit der Form des Buchstabens L kann er entweder einen Namen darstellen, der Ihnen wichtig ist, oder ein Wort, das eine besondere Bedeutung f\u00fcr Sie hat. Sein schlichtes, aber raffiniertes Design macht &#8230; <a title=\"Anh\u00e4nger Buchstabe L Gelbgold 750\/18 kt.\" class=\"read-more\" href=\"https:\/\/lediamant.ch\/de\/schmuck\/134789-anhaenger-buchstabe-l-gelbgold-750-18-kt-115605157\/0122\/\" aria-label=\"Mehr Informationen \u00fcber Anh\u00e4nger Buchstabe L Gelbgold 750\/18 kt.\">Weiterlesen &#8230;<\/a><\/p>\n","protected":false},"featured_media":134787,"template":"","meta":{"_acf_changed":false,"_seopress_robots_primary_cat":"27343","_seopress_titles_title":"","_seopress_titles_desc":"Entdecken Sie den Anh\u00e4nger Buchstabe L - ein elegantes, zeitloses Geschenk, ideal f\u00fcr besondere Personen und Anl\u00e4sse.","_seopress_robots_index":""},"brand":[27089],"product_brand":[],"product_cat":[27343,27121],"product_tag":[],"class_list":{"0":"post-134789","1":"product","2":"type-product","3":"status-publish","4":"has-post-thumbnail","6":"brand-gold-jewellery-de","7":"product_cat-buchstaben-anhanger","8":"product_cat-schmuck","9":"pa_dimensions-ca-7-x-8-mm","10":"pa_garantie-12monate","11":"pa_genre-frau","12":"pa_genre-kind","13":"pa_genre-mann","14":"pa_matiere-75018ktgelbgold","15":"pa_motif-buchstaben","16":"sales-flash-overlay","17":"woocommerce-text-align-center","18":"woocommerce-image-align-center","19":"do-quantity-buttons","21":"first","22":"instock","23":"taxable","24":"shipping-taxable","25":"purchasable","26":"product-type-simple"},"acf":[],"_links":{"self":[{"href":"https:\/\/lediamant.ch\/de\/wp-json\/wp\/v2\/product\/134789","targetHints":{"allow":["GET"]}}],"collection":[{"href":"https:\/\/lediamant.ch\/de\/wp-json\/wp\/v2\/product"}],"about":[{"href":"https:\/\/lediamant.ch\/de\/wp-json\/wp\/v2\/types\/product"}],"wp:featuredmedia":[{"embeddable":true,"href":"https:\/\/lediamant.ch\/de\/wp-json\/wp\/v2\/media\/134787"}],"wp:attachment":[{"href":"https:\/\/lediamant.ch\/de\/wp-json\/wp\/v2\/media?parent=134789"}],"wp:term":[{"taxonomy":"brand","embeddable":true,"href":"https:\/\/lediamant.ch\/de\/wp-json\/wp\/v2\/brand?post=134789"},{"taxonomy":"product_brand","embeddable":true,"href":"https:\/\/lediamant.ch\/de\/wp-json\/wp\/v2\/product_brand?post=134789"},{"taxonomy":"product_cat","embeddable":true,"href":"https:\/\/lediamant.ch\/de\/wp-json\/wp\/v2\/product_cat?post=134789"},{"taxonomy":"product_tag","embeddable":true,"href":"https:\/\/lediamant.ch\/de\/wp-json\/wp\/v2\/product_tag?post=134789"}],"curies":[{"name":"wp","href":"https:\/\/api.w.org\/{rel}","templated":true}]}}