{"id":134793,"date":"2020-03-17T07:44:21","date_gmt":"2020-03-17T06:44:21","guid":{"rendered":"https:\/\/lediamant.ch\/produit\/schmuck-de\/anhanger-de\/anhaenger-buchstabe-de\/anhaenger-buchstabe-m-75018-kt-gelbgold\/"},"modified":"2026-03-07T16:06:00","modified_gmt":"2026-03-07T15:06:00","slug":"pendentif-lettre-m-or-jaune-75018-ct","status":"publish","type":"product","link":"https:\/\/lediamant.ch\/de\/schmuck\/134793-anhaenger-buchstabe-m-gelbgold-750-18-kt-115605157\/0132\/","title":{"rendered":"Anh\u00e4nger Buchstabe M Gelbgold 750\/18 ct."},"content":{"rendered":"<p>Entdecken Sie unseren eleganten Anh\u00e4nger Buchstabe M, der sorgf\u00e4ltig aus 750\/18 ct Gelbgold gefertigt wurde. Dieses zarte Schmuckst\u00fcck ist der perfekte Ausdruck von Schlichtheit und Eleganz. Mit seinem raffinierten Design ist er perfekt geeignet, um Ihrer Schmuckkollektion eine pers\u00f6nliche Note zu verleihen. Ob Sie es alleine tragen oder mit anderen Anh\u00e4ngern kombinieren, dieses markante Schmuckst\u00fcck unterstreicht garantiert Ihren einzigartigen Stil. Ein perfektes Geschenk f\u00fcr Sie selbst oder einen geliebten Menschen, um einen besonderen Moment zu feiern oder einfach Ihre Liebe auszudr\u00fccken.    <\/p>\n","protected":false},"excerpt":{"rendered":"<p>Entdecken Sie unseren eleganten Anh\u00e4nger Buchstabe M, der sorgf\u00e4ltig aus 750\/18 ct Gelbgold gefertigt wurde. Dieses zarte Schmuckst\u00fcck ist der perfekte Ausdruck von Schlichtheit und Eleganz. Mit seinem raffinierten Design ist er perfekt geeignet, um Ihrer Schmuckkollektion eine pers\u00f6nliche Note zu verleihen. Ob Sie es alleine tragen oder mit anderen Anh\u00e4ngern kombinieren, dieses markante Schmuckst\u00fcck &#8230; <a title=\"Anh\u00e4nger Buchstabe M Gelbgold 750\/18 ct.\" class=\"read-more\" href=\"https:\/\/lediamant.ch\/de\/schmuck\/134793-anhaenger-buchstabe-m-gelbgold-750-18-kt-115605157\/0132\/\" aria-label=\"Mehr Informationen \u00fcber Anh\u00e4nger Buchstabe M Gelbgold 750\/18 ct.\">Weiterlesen &#8230;<\/a><\/p>\n","protected":false},"featured_media":134791,"template":"","meta":{"_acf_changed":false,"_seopress_robots_primary_cat":"27342","_seopress_titles_title":"","_seopress_titles_desc":"Entdecken Sie die Eleganz des Anh\u00e4ngers Buchstabe M aus 750\/18 ct Gold, der sich ideal f\u00fcr eine pers\u00f6nliche Note eignet. Ein wundervolles Geschenk f\u00fcr besondere Anl\u00e4sse. ","_seopress_robots_index":""},"brand":[27089],"product_brand":[],"product_cat":[27343,27121],"product_tag":[],"class_list":{"0":"post-134793","1":"product","2":"type-product","3":"status-publish","4":"has-post-thumbnail","6":"brand-gold-jewellery-de","7":"product_cat-buchstaben-anhanger","8":"product_cat-schmuck","9":"pa_dimensions-ca-11-x-7-mm","10":"pa_garantie-12monate","11":"pa_genre-frau","12":"pa_genre-kind","13":"pa_genre-mann","14":"pa_matiere-75018ktgelbgold","15":"pa_motif-buchstaben","16":"sales-flash-overlay","17":"woocommerce-text-align-center","18":"woocommerce-image-align-center","19":"do-quantity-buttons","21":"first","22":"instock","23":"taxable","24":"shipping-taxable","25":"purchasable","26":"product-type-simple"},"acf":[],"_links":{"self":[{"href":"https:\/\/lediamant.ch\/de\/wp-json\/wp\/v2\/product\/134793","targetHints":{"allow":["GET"]}}],"collection":[{"href":"https:\/\/lediamant.ch\/de\/wp-json\/wp\/v2\/product"}],"about":[{"href":"https:\/\/lediamant.ch\/de\/wp-json\/wp\/v2\/types\/product"}],"wp:featuredmedia":[{"embeddable":true,"href":"https:\/\/lediamant.ch\/de\/wp-json\/wp\/v2\/media\/134791"}],"wp:attachment":[{"href":"https:\/\/lediamant.ch\/de\/wp-json\/wp\/v2\/media?parent=134793"}],"wp:term":[{"taxonomy":"brand","embeddable":true,"href":"https:\/\/lediamant.ch\/de\/wp-json\/wp\/v2\/brand?post=134793"},{"taxonomy":"product_brand","embeddable":true,"href":"https:\/\/lediamant.ch\/de\/wp-json\/wp\/v2\/product_brand?post=134793"},{"taxonomy":"product_cat","embeddable":true,"href":"https:\/\/lediamant.ch\/de\/wp-json\/wp\/v2\/product_cat?post=134793"},{"taxonomy":"product_tag","embeddable":true,"href":"https:\/\/lediamant.ch\/de\/wp-json\/wp\/v2\/product_tag?post=134793"}],"curies":[{"name":"wp","href":"https:\/\/api.w.org\/{rel}","templated":true}]}}