{"id":134805,"date":"2020-03-17T07:44:30","date_gmt":"2020-03-17T06:44:30","guid":{"rendered":"https:\/\/lediamant.ch\/produit\/schmuck-de\/anhanger-de\/anhaenger-buchstabe-de\/anhaenger-buchstabe-p-75018-kt-gelbgold\/"},"modified":"2025-06-06T18:16:30","modified_gmt":"2025-06-06T16:16:30","slug":"anhaenger-buchstabe-p-gelbgold-750-18-kt-2","status":"publish","type":"product","link":"https:\/\/lediamant.ch\/de\/schmuck\/134805-anhaenger-buchstabe-p-gelbgold-750-18-kt-115605157\/0162\/","title":{"rendered":"Anh\u00e4nger Buchstabe P Gelbgold 750\/18 kt."},"content":{"rendered":"<p>Dieser elegante Anh\u00e4nger stellt den Buchstaben \u201eP\u201c dar und ist aus 750\/18 kt Gelbgold gefertigt, was ihm einen unvergleichlichen Glanz verleiht. Dieses minimalistische und anspruchsvolle Schmuckst\u00fcck wurde in der Schweiz hergestellt und ist ideal f\u00fcr ein pers\u00f6nliches Geschenk oder um Ihre eigene Kollektion zu vervollst\u00e4ndigen. Sein zartes Design erm\u00f6glicht es, ihn allein zu tragen oder ihn mit anderen Anh\u00e4ngern zu kombinieren, um einen st\u00e4rkeren Look zu erzielen. Das hochwertige Gelbgold verleiht jedem Outfit einen Hauch von Luxus und Eleganz.<\/p>\n","protected":false},"excerpt":{"rendered":"<p>Dieser elegante Anh\u00e4nger stellt den Buchstaben \u201eP\u201c dar und ist aus 750\/18 kt Gelbgold gefertigt, was ihm einen unvergleichlichen Glanz verleiht. Dieses minimalistische und anspruchsvolle Schmuckst\u00fcck wurde in der Schweiz hergestellt und ist ideal f\u00fcr ein pers\u00f6nliches Geschenk oder um Ihre eigene Kollektion zu vervollst\u00e4ndigen. Sein zartes Design erm\u00f6glicht es, ihn allein zu tragen oder &#8230; <a title=\"Anh\u00e4nger Buchstabe P Gelbgold 750\/18 kt.\" class=\"read-more\" href=\"https:\/\/lediamant.ch\/de\/schmuck\/134805-anhaenger-buchstabe-p-gelbgold-750-18-kt-115605157\/0162\/\" aria-label=\"Mehr Informationen \u00fcber Anh\u00e4nger Buchstabe P Gelbgold 750\/18 kt.\">Weiterlesen &#8230;<\/a><\/p>\n","protected":false},"featured_media":134803,"template":"","meta":{"_acf_changed":false,"_seopress_robots_primary_cat":"27343","_seopress_titles_title":"","_seopress_titles_desc":"Entdecken Sie unseren minimalistischen Anh\u00e4nger 'P' aus 18 kt Gelbgold, ideal f\u00fcr pers\u00f6nliche Geschenke oder Ihre Kollektion.","_seopress_robots_index":""},"brand":[27089],"product_brand":[],"product_cat":[27343,27121],"product_tag":[],"class_list":{"0":"post-134805","1":"product","2":"type-product","3":"status-publish","4":"has-post-thumbnail","6":"brand-gold-jewellery-de","7":"product_cat-buchstaben-anhanger","8":"product_cat-schmuck","9":"pa_dimensions-ca-8-x-8-mm","10":"pa_garantie-12monate","11":"pa_genre-frau","12":"pa_genre-kind","13":"pa_genre-mann","14":"pa_matiere-75018ktgelbgold","15":"pa_motif-buchstaben","16":"sales-flash-overlay","17":"woocommerce-text-align-center","18":"woocommerce-image-align-center","19":"do-quantity-buttons","21":"first","22":"instock","23":"taxable","24":"shipping-taxable","25":"purchasable","26":"product-type-simple"},"acf":[],"_links":{"self":[{"href":"https:\/\/lediamant.ch\/de\/wp-json\/wp\/v2\/product\/134805","targetHints":{"allow":["GET"]}}],"collection":[{"href":"https:\/\/lediamant.ch\/de\/wp-json\/wp\/v2\/product"}],"about":[{"href":"https:\/\/lediamant.ch\/de\/wp-json\/wp\/v2\/types\/product"}],"wp:featuredmedia":[{"embeddable":true,"href":"https:\/\/lediamant.ch\/de\/wp-json\/wp\/v2\/media\/134803"}],"wp:attachment":[{"href":"https:\/\/lediamant.ch\/de\/wp-json\/wp\/v2\/media?parent=134805"}],"wp:term":[{"taxonomy":"brand","embeddable":true,"href":"https:\/\/lediamant.ch\/de\/wp-json\/wp\/v2\/brand?post=134805"},{"taxonomy":"product_brand","embeddable":true,"href":"https:\/\/lediamant.ch\/de\/wp-json\/wp\/v2\/product_brand?post=134805"},{"taxonomy":"product_cat","embeddable":true,"href":"https:\/\/lediamant.ch\/de\/wp-json\/wp\/v2\/product_cat?post=134805"},{"taxonomy":"product_tag","embeddable":true,"href":"https:\/\/lediamant.ch\/de\/wp-json\/wp\/v2\/product_tag?post=134805"}],"curies":[{"name":"wp","href":"https:\/\/api.w.org\/{rel}","templated":true}]}}