{"id":134841,"date":"2020-03-17T07:44:48","date_gmt":"2020-03-17T06:44:48","guid":{"rendered":"https:\/\/lediamant.ch\/produit\/schmuck-de\/anhanger-de\/anhaenger-buchstabe-de\/anhaenger-buchstabe-a-75018-kt-gelbgold\/"},"modified":"2025-05-08T17:36:05","modified_gmt":"2025-05-08T15:36:05","slug":"pendentif-lettre-a-or-jaune-75018-ct-2","status":"publish","type":"product","link":"https:\/\/lediamant.ch\/de\/schmuck\/134841-anhaenger-buchstabe-a-75018-kt-gelbgold\/","title":{"rendered":"Anh\u00e4nger Buchstabe A Gelbgold 750\/18 kt."},"content":{"rendered":"<p>Dieser zarte Anh\u00e4nger ist aus 750\/18 kt Gelbgold gefertigt und bietet einen strahlenden Glanz und eine leuchtende Farbe, die niemals verblassen werden. Das St\u00fcck ist in der Form des Buchstaben &#8222;A&#8220; gestaltet, was es zum perfekten Geschenk f\u00fcr jemanden macht, dessen Vorname mit diesem Buchstaben beginnt. Mit seinem schlichten und eleganten Design kann dieser Anh\u00e4nger allein f\u00fcr einen minimalistischen Look getragen oder mit anderen Schmuckst\u00fccken f\u00fcr einen gewagteren Stil kombiniert werden. Ob zum Geburtstag, Hochzeitstag oder einfach als Ausdruck Ihrer Zuneigung, dieser Anh\u00e4nger aus Gelbgold ist eine ausgezeichnete und bedeutungsvolle Wahl.<\/p>\n","protected":false},"excerpt":{"rendered":"<p>Dieser zarte Anh\u00e4nger ist aus 750\/18 kt Gelbgold gefertigt und bietet einen strahlenden Glanz und eine leuchtende Farbe, die niemals verblassen werden. Das St\u00fcck ist in der Form des Buchstaben &#8222;A&#8220; gestaltet, was es zum perfekten Geschenk f\u00fcr jemanden macht, dessen Vorname mit diesem Buchstaben beginnt. Mit seinem schlichten und eleganten Design kann dieser Anh\u00e4nger &#8230; <a title=\"Anh\u00e4nger Buchstabe A Gelbgold 750\/18 kt.\" class=\"read-more\" href=\"https:\/\/lediamant.ch\/de\/schmuck\/134841-anhaenger-buchstabe-a-75018-kt-gelbgold\/\" aria-label=\"Mehr Informationen \u00fcber Anh\u00e4nger Buchstabe A Gelbgold 750\/18 kt.\">Weiterlesen &#8230;<\/a><\/p>\n","protected":false},"featured_media":134839,"template":"","meta":{"_acf_changed":false,"_seopress_robots_primary_cat":"27343","_seopress_titles_title":"","_seopress_titles_desc":"Entdecken Sie unseren Anh\u00e4nger in 750\/18 ct Gelbgold, geformt als der Buchstabe 'A'. Ein zeitloses Geschenk, das Stil und Bedeutung vereint.","_seopress_robots_index":""},"brand":[27089],"product_brand":[],"product_cat":[42331,27343,27121],"product_tag":[],"class_list":{"0":"post-134841","1":"product","2":"type-product","3":"status-publish","4":"has-post-thumbnail","6":"brand-gold-jewellery-de","7":"product_cat-a","8":"product_cat-buchstaben-anhanger","9":"product_cat-schmuck","10":"pa_dimensions-6-x-6-mm-de","11":"pa_garantie-12monate","12":"pa_genre-kind","13":"pa_matiere-75018ktgelbgold","14":"pa_motif-buchstaben","15":"sales-flash-overlay","16":"woocommerce-text-align-center","17":"woocommerce-image-align-center","18":"do-quantity-buttons","20":"first","21":"instock","22":"taxable","23":"shipping-taxable","24":"purchasable","25":"product-type-simple"},"acf":[],"_links":{"self":[{"href":"https:\/\/lediamant.ch\/de\/wp-json\/wp\/v2\/product\/134841","targetHints":{"allow":["GET"]}}],"collection":[{"href":"https:\/\/lediamant.ch\/de\/wp-json\/wp\/v2\/product"}],"about":[{"href":"https:\/\/lediamant.ch\/de\/wp-json\/wp\/v2\/types\/product"}],"wp:featuredmedia":[{"embeddable":true,"href":"https:\/\/lediamant.ch\/de\/wp-json\/wp\/v2\/media\/134839"}],"wp:attachment":[{"href":"https:\/\/lediamant.ch\/de\/wp-json\/wp\/v2\/media?parent=134841"}],"wp:term":[{"taxonomy":"brand","embeddable":true,"href":"https:\/\/lediamant.ch\/de\/wp-json\/wp\/v2\/brand?post=134841"},{"taxonomy":"product_brand","embeddable":true,"href":"https:\/\/lediamant.ch\/de\/wp-json\/wp\/v2\/product_brand?post=134841"},{"taxonomy":"product_cat","embeddable":true,"href":"https:\/\/lediamant.ch\/de\/wp-json\/wp\/v2\/product_cat?post=134841"},{"taxonomy":"product_tag","embeddable":true,"href":"https:\/\/lediamant.ch\/de\/wp-json\/wp\/v2\/product_tag?post=134841"}],"curies":[{"name":"wp","href":"https:\/\/api.w.org\/{rel}","templated":true}]}}