{"id":134853,"date":"2020-03-17T07:44:48","date_gmt":"2020-03-17T06:44:48","guid":{"rendered":"https:\/\/lediamant.ch\/produit\/schmuck-de\/anhanger-de\/anhaenger-buchstabe-de\/pendentif-lettre-d-or-jaune-75018-ct\/"},"modified":"2025-05-09T17:32:55","modified_gmt":"2025-05-09T15:32:55","slug":"pendentif-lettre-d-or-jaune-75018-ct-2","status":"publish","type":"product","link":"https:\/\/lediamant.ch\/de\/schmuck\/134853-pendentif-lettre-d-or-jaune-75018-ct\/","title":{"rendered":"Anh\u00e4nger Buchstabe D Gelbgold 750\/18 kt"},"content":{"rendered":"<p>Dieser Anh\u00e4nger in Form des Buchstabens &#8222;D&#8220; ist ein zartes und elegantes Schmuckst\u00fcck, das sich perfekt eignet, um Ihrem Stil eine pers\u00f6nliche Note zu verleihen. Er ist fein aus 750\/18 Karat Gelbgold gefertigt, was seinen Glanz und seine Haltbarkeit garantiert. Ob Sie einen Vornamen, einen Familiennamen oder ein Wort, das f\u00fcr Sie eine besondere Bedeutung hat, darstellen m\u00f6chten, dieser Anh\u00e4nger ist eine elegante M\u00f6glichkeit, das zu tragen, was Ihnen am meisten bedeutet. Er wird auch ein perfektes und bedeutungsvolles Geschenk f\u00fcr Ihre Lieben sein.<\/p>\n","protected":false},"excerpt":{"rendered":"<p>Dieser Anh\u00e4nger in Form des Buchstabens &#8222;D&#8220; ist ein zartes und elegantes Schmuckst\u00fcck, das sich perfekt eignet, um Ihrem Stil eine pers\u00f6nliche Note zu verleihen. Er ist fein aus 750\/18 Karat Gelbgold gefertigt, was seinen Glanz und seine Haltbarkeit garantiert. Ob Sie einen Vornamen, einen Familiennamen oder ein Wort, das f\u00fcr Sie eine besondere Bedeutung &#8230; <a title=\"Anh\u00e4nger Buchstabe D Gelbgold 750\/18 kt\" class=\"read-more\" href=\"https:\/\/lediamant.ch\/de\/schmuck\/134853-pendentif-lettre-d-or-jaune-75018-ct\/\" aria-label=\"Mehr Informationen \u00fcber Anh\u00e4nger Buchstabe D Gelbgold 750\/18 kt\">Weiterlesen &#8230;<\/a><\/p>\n","protected":false},"featured_media":134851,"template":"","meta":{"_acf_changed":false,"_seopress_robots_primary_cat":"27343","_seopress_titles_title":"","_seopress_titles_desc":"Entdecken Sie unseren edlen Buchstabenanh\u00e4nger 'D' aus 750\/18K Gelbgold, ideal um Ihrem Stil eine pers\u00f6nliche Note zu verleihen.","_seopress_robots_index":""},"brand":[27089],"product_brand":[],"product_cat":[27343,42334,27121],"product_tag":[],"class_list":{"0":"post-134853","1":"product","2":"type-product","3":"status-publish","4":"has-post-thumbnail","6":"brand-gold-jewellery-de","7":"product_cat-buchstaben-anhanger","8":"product_cat-d","9":"product_cat-schmuck","10":"pa_garantie-12monate","11":"pa_genre-kind","12":"pa_matiere-75018ktgelbgold","13":"pa_motif-buchstaben","14":"sales-flash-overlay","15":"woocommerce-text-align-center","16":"woocommerce-image-align-center","17":"do-quantity-buttons","19":"first","20":"instock","21":"taxable","22":"shipping-taxable","23":"purchasable","24":"product-type-simple"},"acf":[],"_links":{"self":[{"href":"https:\/\/lediamant.ch\/de\/wp-json\/wp\/v2\/product\/134853","targetHints":{"allow":["GET"]}}],"collection":[{"href":"https:\/\/lediamant.ch\/de\/wp-json\/wp\/v2\/product"}],"about":[{"href":"https:\/\/lediamant.ch\/de\/wp-json\/wp\/v2\/types\/product"}],"wp:featuredmedia":[{"embeddable":true,"href":"https:\/\/lediamant.ch\/de\/wp-json\/wp\/v2\/media\/134851"}],"wp:attachment":[{"href":"https:\/\/lediamant.ch\/de\/wp-json\/wp\/v2\/media?parent=134853"}],"wp:term":[{"taxonomy":"brand","embeddable":true,"href":"https:\/\/lediamant.ch\/de\/wp-json\/wp\/v2\/brand?post=134853"},{"taxonomy":"product_brand","embeddable":true,"href":"https:\/\/lediamant.ch\/de\/wp-json\/wp\/v2\/product_brand?post=134853"},{"taxonomy":"product_cat","embeddable":true,"href":"https:\/\/lediamant.ch\/de\/wp-json\/wp\/v2\/product_cat?post=134853"},{"taxonomy":"product_tag","embeddable":true,"href":"https:\/\/lediamant.ch\/de\/wp-json\/wp\/v2\/product_tag?post=134853"}],"curies":[{"name":"wp","href":"https:\/\/api.w.org\/{rel}","templated":true}]}}