{"id":134869,"date":"2020-03-17T07:44:58","date_gmt":"2020-03-17T06:44:58","guid":{"rendered":"https:\/\/lediamant.ch\/produit\/schmuck-de\/anhanger-de\/anhaenger-buchstabe-de\/anhaenger-buchstabe-h-75018-kt-gelbgold-2\/"},"modified":"2025-05-21T14:36:13","modified_gmt":"2025-05-21T12:36:13","slug":"anhaenger-buchstabe-h-gelbgold-750-18-kt-4","status":"publish","type":"product","link":"https:\/\/lediamant.ch\/de\/schmuck\/134869-anhaenger-buchstabe-h-gelbgold-750-18-kt-115608526\/0080\/","title":{"rendered":"Anh\u00e4nger Buchstabe H Gelbgold 750\/18 kt."},"content":{"rendered":"<p>Entdecken Sie unseren Anh\u00e4nger Buchstabe H, der aus 750\/18 kt Gelbgold gefertigt ist. Dieses feine und raffinierte Schmuckst\u00fcck ist das perfekte Geschenk f\u00fcr einen besonderen Anlass oder um Ihre Zuneigung zu einer geliebten Person auszudr\u00fccken. Durch sein schlichtes und elegantes Design passt es zu jedem Outfit und verleiht Ihrem Look einen Hauch von Raffinesse. Der Buchstabe H ist fein geformt und verleiht Ihrem Schmuckst\u00fcck eine pers\u00f6nliche Note. Es ist ein zeitloses Schmuckst\u00fcck, das Liebe und Individualit\u00e4t symbolisiert.<\/p>\n","protected":false},"excerpt":{"rendered":"<p>Entdecken Sie unseren Anh\u00e4nger Buchstabe H, der aus 750\/18 kt Gelbgold gefertigt ist. Dieses feine und raffinierte Schmuckst\u00fcck ist das perfekte Geschenk f\u00fcr einen besonderen Anlass oder um Ihre Zuneigung zu einer geliebten Person auszudr\u00fccken. Durch sein schlichtes und elegantes Design passt es zu jedem Outfit und verleiht Ihrem Look einen Hauch von Raffinesse. Der &#8230; <a title=\"Anh\u00e4nger Buchstabe H Gelbgold 750\/18 kt.\" class=\"read-more\" href=\"https:\/\/lediamant.ch\/de\/schmuck\/134869-anhaenger-buchstabe-h-gelbgold-750-18-kt-115608526\/0080\/\" aria-label=\"Mehr Informationen \u00fcber Anh\u00e4nger Buchstabe H Gelbgold 750\/18 kt.\">Weiterlesen &#8230;<\/a><\/p>\n","protected":false},"featured_media":134867,"template":"","meta":{"_acf_changed":false,"_seopress_robots_primary_cat":"27343","_seopress_titles_title":"","_seopress_titles_desc":"Entdecken Sie den Anh\u00e4nger Buchstabe H aus Gelbgold, ein raffiniertes Geschenk f\u00fcr jeden besonderen Anlass. Zeitlose Eleganz garantiert.","_seopress_robots_index":""},"brand":[27089],"product_brand":[],"product_cat":[27155,27343,27121],"product_tag":[],"class_list":{"0":"post-134869","1":"product","2":"type-product","3":"status-publish","4":"has-post-thumbnail","6":"brand-gold-jewellery-de","7":"product_cat-anhanger","8":"product_cat-buchstaben-anhanger","9":"product_cat-schmuck","10":"pa_dimensions-6-x-6-mm-de","11":"pa_garantie-12monate","12":"pa_genre-frau","13":"pa_genre-kind","14":"pa_genre-mann","15":"pa_matiere-75018ktgelbgold","16":"pa_motif-buchstaben","17":"sales-flash-overlay","18":"woocommerce-text-align-center","19":"woocommerce-image-align-center","20":"do-quantity-buttons","22":"first","23":"instock","24":"taxable","25":"shipping-taxable","26":"purchasable","27":"product-type-simple"},"acf":[],"_links":{"self":[{"href":"https:\/\/lediamant.ch\/de\/wp-json\/wp\/v2\/product\/134869","targetHints":{"allow":["GET"]}}],"collection":[{"href":"https:\/\/lediamant.ch\/de\/wp-json\/wp\/v2\/product"}],"about":[{"href":"https:\/\/lediamant.ch\/de\/wp-json\/wp\/v2\/types\/product"}],"wp:featuredmedia":[{"embeddable":true,"href":"https:\/\/lediamant.ch\/de\/wp-json\/wp\/v2\/media\/134867"}],"wp:attachment":[{"href":"https:\/\/lediamant.ch\/de\/wp-json\/wp\/v2\/media?parent=134869"}],"wp:term":[{"taxonomy":"brand","embeddable":true,"href":"https:\/\/lediamant.ch\/de\/wp-json\/wp\/v2\/brand?post=134869"},{"taxonomy":"product_brand","embeddable":true,"href":"https:\/\/lediamant.ch\/de\/wp-json\/wp\/v2\/product_brand?post=134869"},{"taxonomy":"product_cat","embeddable":true,"href":"https:\/\/lediamant.ch\/de\/wp-json\/wp\/v2\/product_cat?post=134869"},{"taxonomy":"product_tag","embeddable":true,"href":"https:\/\/lediamant.ch\/de\/wp-json\/wp\/v2\/product_tag?post=134869"}],"curies":[{"name":"wp","href":"https:\/\/api.w.org\/{rel}","templated":true}]}}