{"id":134877,"date":"2020-03-17T07:45:07","date_gmt":"2020-03-17T06:45:07","guid":{"rendered":"https:\/\/lediamant.ch\/produit\/schmuck-de\/anhanger-de\/anhaenger-buchstabe-de\/anhaenger-buchstabe-i-75018-kt-gelbgold\/"},"modified":"2025-05-27T17:07:00","modified_gmt":"2025-05-27T15:07:00","slug":"anhaenger-buchstabe-j-gelbgold-750-18-kt-5","status":"publish","type":"product","link":"https:\/\/lediamant.ch\/de\/schmuck\/134877-anhaenger-buchstabe-j-gelbgold-750-18-kt-115608526\/0100\/","title":{"rendered":"Anh\u00e4nger Buchstabe J Gelbgold 750\/18 kt."},"content":{"rendered":"<p>Entdecken Sie unseren Anh\u00e4nger Buchstabe J, ein zartes und elegantes Schmuckst\u00fcck, das f\u00fcr die Liebhaber der anspruchsvollen Einfachheit entworfen wurde. Der Anh\u00e4nger ist aus 750\/18 kt. Gelbgold gefertigt und hat eine gl\u00e4nzende polierte Oberfl\u00e4che, die die nat\u00fcrliche Sch\u00f6nheit des Goldes hervorhebt. Der Buchstabe \u201eJ\u201c ist sorgf\u00e4ltig geformt und verleiht diesem Schmuckst\u00fcck eine pers\u00f6nliche Note, die es zu einem echten Unikat macht. Dieser Anh\u00e4nger ist eine bezaubernde M\u00f6glichkeit, Ihre Individualit\u00e4t zum Ausdruck zu bringen oder ein bedeutungsvolles Geschenk f\u00fcr einen geliebten Menschen zu machen.<\/p>\n","protected":false},"excerpt":{"rendered":"<p>Entdecken Sie unseren Anh\u00e4nger Buchstabe J, ein zartes und elegantes Schmuckst\u00fcck, das f\u00fcr die Liebhaber der anspruchsvollen Einfachheit entworfen wurde. Der Anh\u00e4nger ist aus 750\/18 kt. Gelbgold gefertigt und hat eine gl\u00e4nzende polierte Oberfl\u00e4che, die die nat\u00fcrliche Sch\u00f6nheit des Goldes hervorhebt. Der Buchstabe \u201eJ\u201c ist sorgf\u00e4ltig geformt und verleiht diesem Schmuckst\u00fcck eine pers\u00f6nliche Note, die &#8230; <a title=\"Anh\u00e4nger Buchstabe J Gelbgold 750\/18 kt.\" class=\"read-more\" href=\"https:\/\/lediamant.ch\/de\/schmuck\/134877-anhaenger-buchstabe-j-gelbgold-750-18-kt-115608526\/0100\/\" aria-label=\"Mehr Informationen \u00fcber Anh\u00e4nger Buchstabe J Gelbgold 750\/18 kt.\">Weiterlesen &#8230;<\/a><\/p>\n","protected":false},"featured_media":134875,"template":"","meta":{"_acf_changed":false,"_seopress_robots_primary_cat":"27343","_seopress_titles_title":"","_seopress_titles_desc":"Entdecken Sie den Anh\u00e4nger Buchstabe J, ein Schmuckst\u00fcck aus 18 Kt Gelbgold. Eleganz und Schlichtheit vereint f\u00fcr ein einzigartiges und pers\u00f6nliches Geschenk.","_seopress_robots_index":""},"brand":[27089],"product_brand":[],"product_cat":[27343,27121],"product_tag":[],"class_list":{"0":"post-134877","1":"product","2":"type-product","3":"status-publish","4":"has-post-thumbnail","6":"brand-gold-jewellery-de","7":"product_cat-buchstaben-anhanger","8":"product_cat-schmuck","9":"pa_dimensions-4-x-6-mm","10":"pa_garantie-12monate","11":"pa_genre-frau","12":"pa_genre-kind","13":"pa_genre-mann","14":"pa_matiere-75018ktgelbgold","15":"pa_motif-buchstaben","16":"sales-flash-overlay","17":"woocommerce-text-align-center","18":"woocommerce-image-align-center","19":"do-quantity-buttons","21":"first","22":"instock","23":"taxable","24":"shipping-taxable","25":"purchasable","26":"product-type-simple"},"acf":[],"_links":{"self":[{"href":"https:\/\/lediamant.ch\/de\/wp-json\/wp\/v2\/product\/134877","targetHints":{"allow":["GET"]}}],"collection":[{"href":"https:\/\/lediamant.ch\/de\/wp-json\/wp\/v2\/product"}],"about":[{"href":"https:\/\/lediamant.ch\/de\/wp-json\/wp\/v2\/types\/product"}],"wp:featuredmedia":[{"embeddable":true,"href":"https:\/\/lediamant.ch\/de\/wp-json\/wp\/v2\/media\/134875"}],"wp:attachment":[{"href":"https:\/\/lediamant.ch\/de\/wp-json\/wp\/v2\/media?parent=134877"}],"wp:term":[{"taxonomy":"brand","embeddable":true,"href":"https:\/\/lediamant.ch\/de\/wp-json\/wp\/v2\/brand?post=134877"},{"taxonomy":"product_brand","embeddable":true,"href":"https:\/\/lediamant.ch\/de\/wp-json\/wp\/v2\/product_brand?post=134877"},{"taxonomy":"product_cat","embeddable":true,"href":"https:\/\/lediamant.ch\/de\/wp-json\/wp\/v2\/product_cat?post=134877"},{"taxonomy":"product_tag","embeddable":true,"href":"https:\/\/lediamant.ch\/de\/wp-json\/wp\/v2\/product_tag?post=134877"}],"curies":[{"name":"wp","href":"https:\/\/api.w.org\/{rel}","templated":true}]}}