{"id":134881,"date":"2020-03-17T07:45:07","date_gmt":"2020-03-17T06:45:07","guid":{"rendered":"https:\/\/lediamant.ch\/produit\/schmuck-de\/anhanger-de\/anhaenger-buchstabe-de\/anhaenger-buchstabe-k-75018-karat-gelbgold-2\/"},"modified":"2025-05-21T17:49:53","modified_gmt":"2025-05-21T15:49:53","slug":"anhaenger-buchstabe-k-gelbgold-750-18-kt-2","status":"publish","type":"product","link":"https:\/\/lediamant.ch\/de\/schmuck\/134881-anhaenger-buchstabe-k-gelbgold-750-18-kt-115608526\/0110\/","title":{"rendered":"Anh\u00e4nger Buchstabe K Gelbgold 750\/18 kt."},"content":{"rendered":"<p>Dieser elegante Anh\u00e4nger in Form des Buchstabens &#8222;K&#8220; ist fein aus 750\/18 kt Gelbgold gefertigt und bietet einen luxuri\u00f6sen und dauerhaften Glanz. Sein zartes und minimalistisches Design macht dieses Schmuckst\u00fcck zu einer perfekten Wahl f\u00fcr ein pers\u00f6nliches Geschenk oder um Ihrer eigenen Kollektion einen Hauch von Raffinesse zu verleihen. Seine Schlichtheit ist seine St\u00e4rke, so dass Sie es allein f\u00fcr einen schicken und diskreten Look tragen k\u00f6nnen oder es mit anderen St\u00fccken f\u00fcr einen gewagteren Effekt kombinieren k\u00f6nnen. Es ist mehr als nur ein Schmuckst\u00fcck, es ist ein Stil-Statement.<\/p>\n","protected":false},"excerpt":{"rendered":"<p>Dieser elegante Anh\u00e4nger in Form des Buchstabens &#8222;K&#8220; ist fein aus 750\/18 kt Gelbgold gefertigt und bietet einen luxuri\u00f6sen und dauerhaften Glanz. Sein zartes und minimalistisches Design macht dieses Schmuckst\u00fcck zu einer perfekten Wahl f\u00fcr ein pers\u00f6nliches Geschenk oder um Ihrer eigenen Kollektion einen Hauch von Raffinesse zu verleihen. Seine Schlichtheit ist seine St\u00e4rke, so &#8230; <a title=\"Anh\u00e4nger Buchstabe K Gelbgold 750\/18 kt.\" class=\"read-more\" href=\"https:\/\/lediamant.ch\/de\/schmuck\/134881-anhaenger-buchstabe-k-gelbgold-750-18-kt-115608526\/0110\/\" aria-label=\"Mehr Informationen \u00fcber Anh\u00e4nger Buchstabe K Gelbgold 750\/18 kt.\">Weiterlesen &#8230;<\/a><\/p>\n","protected":false},"featured_media":134879,"template":"","meta":{"_acf_changed":false,"_seopress_robots_primary_cat":"27343","_seopress_titles_title":"","_seopress_titles_desc":"Entdecken Sie den Luxus dieses 'K'-Anh\u00e4ngers aus 18 kt Gelbgold. Perfekt als pers\u00f6nliches Geschenk oder stilvolles Accessoire.","_seopress_robots_index":""},"brand":[27089],"product_brand":[],"product_cat":[27343,27121],"product_tag":[],"class_list":{"0":"post-134881","1":"product","2":"type-product","3":"status-publish","4":"has-post-thumbnail","6":"brand-gold-jewellery-de","7":"product_cat-buchstaben-anhanger","8":"product_cat-schmuck","9":"pa_dimensions-6-x-6-mm-de","10":"pa_garantie-12monate","11":"pa_genre-frau","12":"pa_genre-kind","13":"pa_genre-mann","14":"pa_matiere-75018ktgelbgold","15":"pa_motif-buchstaben","16":"sales-flash-overlay","17":"woocommerce-text-align-center","18":"woocommerce-image-align-center","19":"do-quantity-buttons","21":"first","22":"instock","23":"taxable","24":"shipping-taxable","25":"purchasable","26":"product-type-simple"},"acf":[],"_links":{"self":[{"href":"https:\/\/lediamant.ch\/de\/wp-json\/wp\/v2\/product\/134881","targetHints":{"allow":["GET"]}}],"collection":[{"href":"https:\/\/lediamant.ch\/de\/wp-json\/wp\/v2\/product"}],"about":[{"href":"https:\/\/lediamant.ch\/de\/wp-json\/wp\/v2\/types\/product"}],"wp:featuredmedia":[{"embeddable":true,"href":"https:\/\/lediamant.ch\/de\/wp-json\/wp\/v2\/media\/134879"}],"wp:attachment":[{"href":"https:\/\/lediamant.ch\/de\/wp-json\/wp\/v2\/media?parent=134881"}],"wp:term":[{"taxonomy":"brand","embeddable":true,"href":"https:\/\/lediamant.ch\/de\/wp-json\/wp\/v2\/brand?post=134881"},{"taxonomy":"product_brand","embeddable":true,"href":"https:\/\/lediamant.ch\/de\/wp-json\/wp\/v2\/product_brand?post=134881"},{"taxonomy":"product_cat","embeddable":true,"href":"https:\/\/lediamant.ch\/de\/wp-json\/wp\/v2\/product_cat?post=134881"},{"taxonomy":"product_tag","embeddable":true,"href":"https:\/\/lediamant.ch\/de\/wp-json\/wp\/v2\/product_tag?post=134881"}],"curies":[{"name":"wp","href":"https:\/\/api.w.org\/{rel}","templated":true}]}}