{"id":134885,"date":"2020-03-17T07:45:07","date_gmt":"2020-03-17T06:45:07","guid":{"rendered":"https:\/\/lediamant.ch\/produit\/schmuck-de\/anhanger-de\/anhaenger-buchstabe-de\/l-anhaenger-aus-75018-karat-gelbgold\/"},"modified":"2025-05-27T17:52:09","modified_gmt":"2025-05-27T15:52:09","slug":"anhaenger-buchstabe-l-gelbgold-750-18-kt-2","status":"publish","type":"product","link":"https:\/\/lediamant.ch\/de\/schmuck\/134885-anhaenger-buchstabe-l-gelbgold-750-18-kt-115608526\/0120\/","title":{"rendered":"Anh\u00e4nger Buchstabe L Gelbgold 750\/18 kt."},"content":{"rendered":"<p>Dieser elegante Anh\u00e4nger ist ein fein gearbeiteter Buchstabe \u201eL\u201c aus 750\/18 kt Gelbgold und bietet einen luxuri\u00f6sen Glanz. Er wurde entworfen, um Ihrer Schmuckkollektion eine pers\u00f6nliche Note zu verleihen. Dieser zarte Anh\u00e4nger ist die perfekte Wahl f\u00fcr ein Geburtstagsgeschenk, ein Geschenk zum Hochzeitstag oder um einfach einen geliebten Menschen zu feiern, dessen Name mit dem Buchstaben \u201eL\u201c beginnt. Er kann allein f\u00fcr einen minimalistischen Look oder in Kombination mit anderen Anh\u00e4ngern f\u00fcr einen gewagteren Stil getragen werden.<\/p>\n","protected":false},"excerpt":{"rendered":"<p>Dieser elegante Anh\u00e4nger ist ein fein gearbeiteter Buchstabe \u201eL\u201c aus 750\/18 kt Gelbgold und bietet einen luxuri\u00f6sen Glanz. Er wurde entworfen, um Ihrer Schmuckkollektion eine pers\u00f6nliche Note zu verleihen. Dieser zarte Anh\u00e4nger ist die perfekte Wahl f\u00fcr ein Geburtstagsgeschenk, ein Geschenk zum Hochzeitstag oder um einfach einen geliebten Menschen zu feiern, dessen Name mit dem &#8230; <a title=\"Anh\u00e4nger Buchstabe L Gelbgold 750\/18 kt.\" class=\"read-more\" href=\"https:\/\/lediamant.ch\/de\/schmuck\/134885-anhaenger-buchstabe-l-gelbgold-750-18-kt-115608526\/0120\/\" aria-label=\"Mehr Informationen \u00fcber Anh\u00e4nger Buchstabe L Gelbgold 750\/18 kt.\">Weiterlesen &#8230;<\/a><\/p>\n","protected":false},"featured_media":134883,"template":"","meta":{"_acf_changed":false,"_seopress_robots_primary_cat":"27343","_seopress_titles_title":"","_seopress_titles_desc":"Entdecken Sie unseren Buchstaben \u201aL\u2018 Anh\u00e4nger aus 18 kt Gelbgold, ideal f\u00fcr Geburtstage oder als personalisiertes Geschenk.","_seopress_robots_index":""},"brand":[27089],"product_brand":[],"product_cat":[27343,27121],"product_tag":[],"class_list":{"0":"post-134885","1":"product","2":"type-product","3":"status-publish","4":"has-post-thumbnail","6":"brand-gold-jewellery-de","7":"product_cat-buchstaben-anhanger","8":"product_cat-schmuck","9":"pa_dimensions-5-x-6-mm-de","10":"pa_garantie-12monate","11":"pa_genre-frau","12":"pa_genre-kind","13":"pa_genre-mann","14":"pa_matiere-75018ktgelbgold","15":"pa_motif-buchstaben","16":"sales-flash-overlay","17":"woocommerce-text-align-center","18":"woocommerce-image-align-center","19":"do-quantity-buttons","21":"first","22":"instock","23":"taxable","24":"shipping-taxable","25":"purchasable","26":"product-type-simple"},"acf":[],"_links":{"self":[{"href":"https:\/\/lediamant.ch\/de\/wp-json\/wp\/v2\/product\/134885","targetHints":{"allow":["GET"]}}],"collection":[{"href":"https:\/\/lediamant.ch\/de\/wp-json\/wp\/v2\/product"}],"about":[{"href":"https:\/\/lediamant.ch\/de\/wp-json\/wp\/v2\/types\/product"}],"wp:featuredmedia":[{"embeddable":true,"href":"https:\/\/lediamant.ch\/de\/wp-json\/wp\/v2\/media\/134883"}],"wp:attachment":[{"href":"https:\/\/lediamant.ch\/de\/wp-json\/wp\/v2\/media?parent=134885"}],"wp:term":[{"taxonomy":"brand","embeddable":true,"href":"https:\/\/lediamant.ch\/de\/wp-json\/wp\/v2\/brand?post=134885"},{"taxonomy":"product_brand","embeddable":true,"href":"https:\/\/lediamant.ch\/de\/wp-json\/wp\/v2\/product_brand?post=134885"},{"taxonomy":"product_cat","embeddable":true,"href":"https:\/\/lediamant.ch\/de\/wp-json\/wp\/v2\/product_cat?post=134885"},{"taxonomy":"product_tag","embeddable":true,"href":"https:\/\/lediamant.ch\/de\/wp-json\/wp\/v2\/product_tag?post=134885"}],"curies":[{"name":"wp","href":"https:\/\/api.w.org\/{rel}","templated":true}]}}