{"id":134889,"date":"2020-03-17T07:45:07","date_gmt":"2020-03-17T06:45:07","guid":{"rendered":"https:\/\/lediamant.ch\/produit\/schmuck-de\/anhanger-de\/anhaenger-buchstabe-de\/anhaenger-buchstabe-m-75018-kt-gelbgold-2\/"},"modified":"2025-06-06T14:52:10","modified_gmt":"2025-06-06T12:52:10","slug":"anhaenger-buchstabe-m-gelbgold-750-18-kt","status":"publish","type":"product","link":"https:\/\/lediamant.ch\/de\/schmuck\/134889-anhaenger-buchstabe-m-gelbgold-750-18-kt-115608526\/0130\/","title":{"rendered":"Anh\u00e4nger Buchstabe M Gelbgold 750\/18 kt."},"content":{"rendered":"<p>Dieser elegante Anh\u00e4nger in Form des Buchstabens \u201eM\u201c ist aus hochwertigem 750\/18 kt Gelbgold gefertigt und bietet einen au\u00dfergew\u00f6hnlichen Glanz und Haltbarkeit. Sein zartes und minimalistisches Design macht ihn zur perfekten Wahl, um Ihrem Alltag eine pers\u00f6nliche Note zu verleihen. Ob Sie ihn allein oder in Kombination mit anderen Anh\u00e4ngern tragen, dieses St\u00fcck ist eine subtile M\u00f6glichkeit, Ihre Initiale oder die eines geliebten Menschen zu zeigen. Es ist auch ein perfektes Geschenk f\u00fcr Geburtstage, Schulabschl\u00fcsse oder andere besondere Anl\u00e4sse.<\/p>\n","protected":false},"excerpt":{"rendered":"<p>Dieser elegante Anh\u00e4nger in Form des Buchstabens \u201eM\u201c ist aus hochwertigem 750\/18 kt Gelbgold gefertigt und bietet einen au\u00dfergew\u00f6hnlichen Glanz und Haltbarkeit. Sein zartes und minimalistisches Design macht ihn zur perfekten Wahl, um Ihrem Alltag eine pers\u00f6nliche Note zu verleihen. Ob Sie ihn allein oder in Kombination mit anderen Anh\u00e4ngern tragen, dieses St\u00fcck ist eine &#8230; <a title=\"Anh\u00e4nger Buchstabe M Gelbgold 750\/18 kt.\" class=\"read-more\" href=\"https:\/\/lediamant.ch\/de\/schmuck\/134889-anhaenger-buchstabe-m-gelbgold-750-18-kt-115608526\/0130\/\" aria-label=\"Mehr Informationen \u00fcber Anh\u00e4nger Buchstabe M Gelbgold 750\/18 kt.\">Weiterlesen &#8230;<\/a><\/p>\n","protected":false},"featured_media":134887,"template":"","meta":{"_acf_changed":false,"_seopress_robots_primary_cat":"27343","_seopress_titles_title":"","_seopress_titles_desc":"Entdecken Sie unseren Anh\u00e4nger \u201eM\u201c aus strahlendem Gelbgold 750\/18 kt, perfekt f\u00fcr ein besonderes Geschenk oder um Ihren Stil mit Eleganz zu personalisieren.","_seopress_robots_index":""},"brand":[27089],"product_brand":[],"product_cat":[27343,27121],"product_tag":[],"class_list":{"0":"post-134889","1":"product","2":"type-product","3":"status-publish","4":"has-post-thumbnail","6":"brand-gold-jewellery-de","7":"product_cat-buchstaben-anhanger","8":"product_cat-schmuck","9":"pa_dimensions-8-x-5-mm","10":"pa_garantie-12monate","11":"pa_genre-frau","12":"pa_genre-kind","13":"pa_genre-mann","14":"pa_matiere-75018ktgelbgold","15":"pa_motif-buchstaben","16":"sales-flash-overlay","17":"woocommerce-text-align-center","18":"woocommerce-image-align-center","19":"do-quantity-buttons","21":"first","22":"instock","23":"taxable","24":"shipping-taxable","25":"purchasable","26":"product-type-simple"},"acf":[],"_links":{"self":[{"href":"https:\/\/lediamant.ch\/de\/wp-json\/wp\/v2\/product\/134889","targetHints":{"allow":["GET"]}}],"collection":[{"href":"https:\/\/lediamant.ch\/de\/wp-json\/wp\/v2\/product"}],"about":[{"href":"https:\/\/lediamant.ch\/de\/wp-json\/wp\/v2\/types\/product"}],"wp:featuredmedia":[{"embeddable":true,"href":"https:\/\/lediamant.ch\/de\/wp-json\/wp\/v2\/media\/134887"}],"wp:attachment":[{"href":"https:\/\/lediamant.ch\/de\/wp-json\/wp\/v2\/media?parent=134889"}],"wp:term":[{"taxonomy":"brand","embeddable":true,"href":"https:\/\/lediamant.ch\/de\/wp-json\/wp\/v2\/brand?post=134889"},{"taxonomy":"product_brand","embeddable":true,"href":"https:\/\/lediamant.ch\/de\/wp-json\/wp\/v2\/product_brand?post=134889"},{"taxonomy":"product_cat","embeddable":true,"href":"https:\/\/lediamant.ch\/de\/wp-json\/wp\/v2\/product_cat?post=134889"},{"taxonomy":"product_tag","embeddable":true,"href":"https:\/\/lediamant.ch\/de\/wp-json\/wp\/v2\/product_tag?post=134889"}],"curies":[{"name":"wp","href":"https:\/\/api.w.org\/{rel}","templated":true}]}}