{"id":134893,"date":"2020-03-17T07:45:07","date_gmt":"2020-03-17T06:45:07","guid":{"rendered":"https:\/\/lediamant.ch\/produit\/schmuck-de\/anhanger-de\/anhaenger-buchstabe-de\/anhaenger-buchstabe-n-gelbgold-75018-kt-2\/"},"modified":"2025-06-06T15:54:33","modified_gmt":"2025-06-06T13:54:33","slug":"anhaenger-buchstabe-n-gelbgold-750-18-kt-3","status":"publish","type":"product","link":"https:\/\/lediamant.ch\/de\/schmuck\/134893-anhaenger-buchstabe-n-gelbgold-750-18-kt-115608526\/0140\/","title":{"rendered":"Anh\u00e4nger Buchstabe N Gelbgold 750\/18 kt."},"content":{"rendered":"<p>Dieser elegante Anh\u00e4nger in Form des Buchstabens \u201eN\u201c ist aus feinstem 750\/18 kt Gelbgold gefertigt und bietet einen luxuri\u00f6sen Glanz, der Sie garantiert in seinen Bann ziehen wird. Schlicht und doch raffiniert, ist dieser Anh\u00e4nger die perfekte Wahl f\u00fcr ein pers\u00f6nliches Geschenk oder als zartes Stilbekenntnis. Sein minimalistisches Design erm\u00f6glicht es, ihn harmonisch mit anderen Schmuckst\u00fccken zu kombinieren. Verleihen Sie Ihrer Sammlung eine pers\u00f6nliche Note mit diesem Anh\u00e4nger mit dem Buchstaben \u201eN\u201c aus Gelbgold.<\/p>\n","protected":false},"excerpt":{"rendered":"<p>Dieser elegante Anh\u00e4nger in Form des Buchstabens \u201eN\u201c ist aus feinstem 750\/18 kt Gelbgold gefertigt und bietet einen luxuri\u00f6sen Glanz, der Sie garantiert in seinen Bann ziehen wird. Schlicht und doch raffiniert, ist dieser Anh\u00e4nger die perfekte Wahl f\u00fcr ein pers\u00f6nliches Geschenk oder als zartes Stilbekenntnis. Sein minimalistisches Design erm\u00f6glicht es, ihn harmonisch mit anderen &#8230; <a title=\"Anh\u00e4nger Buchstabe N Gelbgold 750\/18 kt.\" class=\"read-more\" href=\"https:\/\/lediamant.ch\/de\/schmuck\/134893-anhaenger-buchstabe-n-gelbgold-750-18-kt-115608526\/0140\/\" aria-label=\"Mehr Informationen \u00fcber Anh\u00e4nger Buchstabe N Gelbgold 750\/18 kt.\">Weiterlesen &#8230;<\/a><\/p>\n","protected":false},"featured_media":134891,"template":"","meta":{"_acf_changed":false,"_seopress_robots_primary_cat":"27343","_seopress_titles_title":"","_seopress_titles_desc":"Entdecken Sie den Glanz und die Raffinesse des Anh\u00e4ngers mit dem Buchstaben \u201eN\u201c aus 18 Kt Gelbgold. Ideal als Geschenk oder um Ihren Stil zu unterstreichen.","_seopress_robots_index":""},"brand":[27089],"product_brand":[],"product_cat":[27343,27121],"product_tag":[],"class_list":{"0":"post-134893","1":"product","2":"type-product","3":"status-publish","4":"has-post-thumbnail","6":"brand-gold-jewellery-de","7":"product_cat-buchstaben-anhanger","8":"product_cat-schmuck","9":"pa_dimensions-5-x-5-mm","10":"pa_garantie-12monate","11":"pa_genre-frau","12":"pa_genre-kind","13":"pa_genre-mann","14":"pa_matiere-75018ktgelbgold","15":"pa_motif-buchstaben","16":"sales-flash-overlay","17":"woocommerce-text-align-center","18":"woocommerce-image-align-center","19":"do-quantity-buttons","21":"first","22":"instock","23":"taxable","24":"shipping-taxable","25":"purchasable","26":"product-type-simple"},"acf":[],"_links":{"self":[{"href":"https:\/\/lediamant.ch\/de\/wp-json\/wp\/v2\/product\/134893","targetHints":{"allow":["GET"]}}],"collection":[{"href":"https:\/\/lediamant.ch\/de\/wp-json\/wp\/v2\/product"}],"about":[{"href":"https:\/\/lediamant.ch\/de\/wp-json\/wp\/v2\/types\/product"}],"wp:featuredmedia":[{"embeddable":true,"href":"https:\/\/lediamant.ch\/de\/wp-json\/wp\/v2\/media\/134891"}],"wp:attachment":[{"href":"https:\/\/lediamant.ch\/de\/wp-json\/wp\/v2\/media?parent=134893"}],"wp:term":[{"taxonomy":"brand","embeddable":true,"href":"https:\/\/lediamant.ch\/de\/wp-json\/wp\/v2\/brand?post=134893"},{"taxonomy":"product_brand","embeddable":true,"href":"https:\/\/lediamant.ch\/de\/wp-json\/wp\/v2\/product_brand?post=134893"},{"taxonomy":"product_cat","embeddable":true,"href":"https:\/\/lediamant.ch\/de\/wp-json\/wp\/v2\/product_cat?post=134893"},{"taxonomy":"product_tag","embeddable":true,"href":"https:\/\/lediamant.ch\/de\/wp-json\/wp\/v2\/product_tag?post=134893"}],"curies":[{"name":"wp","href":"https:\/\/api.w.org\/{rel}","templated":true}]}}