{"id":134901,"date":"2020-03-17T07:45:16","date_gmt":"2020-03-17T06:45:16","guid":{"rendered":"https:\/\/lediamant.ch\/produit\/schmuck-de\/anhanger-de\/anhaenger-buchstabe-de\/anhaenger-buchstabe-p-75018-kt-gelbgold-2\/"},"modified":"2025-06-06T18:23:32","modified_gmt":"2025-06-06T16:23:32","slug":"anhaenger-buchstabe-p-gelbgold-750-18-kt-3","status":"publish","type":"product","link":"https:\/\/lediamant.ch\/de\/schmuck\/134901-anhaenger-buchstabe-p-gelbgold-750-18-kt-115608526\/0160\/","title":{"rendered":"Anh\u00e4nger Buchstabe P Gelbgold 750\/18 kt."},"content":{"rendered":"<p>Dieser bezaubernde Anh\u00e4nger in Form des Buchstabens \u201eP\u201c ist fein aus 18 kt Gelbgold gefertigt und bietet einen luxuri\u00f6sen Glanz und eine au\u00dfergew\u00f6hnliche Haltbarkeit. Sein zartes und minimalistisches Design macht ihn perfekt f\u00fcr den t\u00e4glichen Gebrauch oder um einem Abendkleid einen Hauch von Eleganz zu verleihen. Eine ideale Wahl f\u00fcr ein pers\u00f6nliches Geschenk oder um Ihre Individualit\u00e4t auszudr\u00fccken. Dieser Anh\u00e4nger ist eine zeitlose Erg\u00e4nzung f\u00fcr jede Schmuckkollektion.<\/p>\n","protected":false},"excerpt":{"rendered":"<p>Dieser bezaubernde Anh\u00e4nger in Form des Buchstabens \u201eP\u201c ist fein aus 18 kt Gelbgold gefertigt und bietet einen luxuri\u00f6sen Glanz und eine au\u00dfergew\u00f6hnliche Haltbarkeit. Sein zartes und minimalistisches Design macht ihn perfekt f\u00fcr den t\u00e4glichen Gebrauch oder um einem Abendkleid einen Hauch von Eleganz zu verleihen. Eine ideale Wahl f\u00fcr ein pers\u00f6nliches Geschenk oder um &#8230; <a title=\"Anh\u00e4nger Buchstabe P Gelbgold 750\/18 kt.\" class=\"read-more\" href=\"https:\/\/lediamant.ch\/de\/schmuck\/134901-anhaenger-buchstabe-p-gelbgold-750-18-kt-115608526\/0160\/\" aria-label=\"Mehr Informationen \u00fcber Anh\u00e4nger Buchstabe P Gelbgold 750\/18 kt.\">Weiterlesen &#8230;<\/a><\/p>\n","protected":false},"featured_media":134899,"template":"","meta":{"_acf_changed":false,"_seopress_robots_primary_cat":"27343","_seopress_titles_title":"","_seopress_titles_desc":"Entdecken Sie die Eleganz des Anh\u00e4ngers \u201eP\u201c aus 18 Kt Gelbgold, der sich perfekt f\u00fcr den Alltag oder einen Abend eignet. Ideal f\u00fcr ein einzigartiges Geschenk.","_seopress_robots_index":""},"brand":[27089],"product_brand":[],"product_cat":[27343,27121],"product_tag":[],"class_list":{"0":"post-134901","1":"product","2":"type-product","3":"status-publish","4":"has-post-thumbnail","6":"brand-gold-jewellery-de","7":"product_cat-buchstaben-anhanger","8":"product_cat-schmuck","9":"pa_dimensions-5-x-5-mm","10":"pa_garantie-12monate","11":"pa_genre-frau","12":"pa_genre-kind","13":"pa_genre-mann","14":"pa_matiere-75018ktgelbgold","15":"pa_motif-buchstaben","16":"sales-flash-overlay","17":"woocommerce-text-align-center","18":"woocommerce-image-align-center","19":"do-quantity-buttons","21":"first","22":"instock","23":"taxable","24":"shipping-taxable","25":"purchasable","26":"product-type-simple"},"acf":[],"_links":{"self":[{"href":"https:\/\/lediamant.ch\/de\/wp-json\/wp\/v2\/product\/134901","targetHints":{"allow":["GET"]}}],"collection":[{"href":"https:\/\/lediamant.ch\/de\/wp-json\/wp\/v2\/product"}],"about":[{"href":"https:\/\/lediamant.ch\/de\/wp-json\/wp\/v2\/types\/product"}],"wp:featuredmedia":[{"embeddable":true,"href":"https:\/\/lediamant.ch\/de\/wp-json\/wp\/v2\/media\/134899"}],"wp:attachment":[{"href":"https:\/\/lediamant.ch\/de\/wp-json\/wp\/v2\/media?parent=134901"}],"wp:term":[{"taxonomy":"brand","embeddable":true,"href":"https:\/\/lediamant.ch\/de\/wp-json\/wp\/v2\/brand?post=134901"},{"taxonomy":"product_brand","embeddable":true,"href":"https:\/\/lediamant.ch\/de\/wp-json\/wp\/v2\/product_brand?post=134901"},{"taxonomy":"product_cat","embeddable":true,"href":"https:\/\/lediamant.ch\/de\/wp-json\/wp\/v2\/product_cat?post=134901"},{"taxonomy":"product_tag","embeddable":true,"href":"https:\/\/lediamant.ch\/de\/wp-json\/wp\/v2\/product_tag?post=134901"}],"curies":[{"name":"wp","href":"https:\/\/api.w.org\/{rel}","templated":true}]}}