{"id":134937,"date":"2020-03-17T07:45:35","date_gmt":"2020-03-17T06:45:35","guid":{"rendered":"https:\/\/lediamant.ch\/produit\/schmuck-de\/anhanger-de\/anhaenger-buchstabe-de\/anhaenger-buchstabe-a-weissgold-75018-kt\/"},"modified":"2025-05-08T14:03:30","modified_gmt":"2025-05-08T12:03:30","slug":"pendentif-lettre-a-or-blanc-75018-ct","status":"publish","type":"product","link":"https:\/\/lediamant.ch\/de\/schmuck\/134937-anhaenger-buchstabe-a-weissgold-75018-kt\/","title":{"rendered":"Anh\u00e4nger Buchstabe A Wei\u00dfgold 750\/18 ct."},"content":{"rendered":"<p>Dieser wundersch\u00f6ne Anh\u00e4nger in Form des Buchstabens &#8222;A&#8220; ist aus feinstem 750\/18 ct Wei\u00dfgold gefertigt und bietet einen unvergleichlichen Glanz und Eleganz. Sein zartes und minimalistisches Design macht ihn zu einer perfekten Wahl f\u00fcr den t\u00e4glichen Gebrauch oder f\u00fcr besondere Anl\u00e4sse. Dieser Anh\u00e4nger ist ein ideales Geschenk, um Ihre Zuneigung zu einer Person, deren Name mit dem Buchstaben &#8222;A&#8220; beginnt, auszudr\u00fccken oder um Ihre Individualit\u00e4t zu betonen. Er kann allein getragen oder mit anderen Schmuckst\u00fccken kombiniert werden, um einen individuellen Look zu kreieren.<\/p>\n","protected":false},"excerpt":{"rendered":"<p>Dieser wundersch\u00f6ne Anh\u00e4nger in Form des Buchstabens &#8222;A&#8220; ist aus feinstem 750\/18 ct Wei\u00dfgold gefertigt und bietet einen unvergleichlichen Glanz und Eleganz. Sein zartes und minimalistisches Design macht ihn zu einer perfekten Wahl f\u00fcr den t\u00e4glichen Gebrauch oder f\u00fcr besondere Anl\u00e4sse. Dieser Anh\u00e4nger ist ein ideales Geschenk, um Ihre Zuneigung zu einer Person, deren Name &#8230; <a title=\"Anh\u00e4nger Buchstabe A Wei\u00dfgold 750\/18 ct.\" class=\"read-more\" href=\"https:\/\/lediamant.ch\/de\/schmuck\/134937-anhaenger-buchstabe-a-weissgold-75018-kt\/\" aria-label=\"Mehr Informationen \u00fcber Anh\u00e4nger Buchstabe A Wei\u00dfgold 750\/18 ct.\">Weiterlesen &#8230;<\/a><\/p>\n","protected":false},"featured_media":134935,"template":"","meta":{"_acf_changed":false,"_seopress_robots_primary_cat":"27343","_seopress_titles_title":"","_seopress_titles_desc":"Entdecken Sie pure Eleganz mit unserem Anh\u00e4nger 'A' aus 18 ct Wei\u00dfgold \u2013 perfekt f\u00fcr den Alltag oder besondere Momente.","_seopress_robots_index":""},"brand":[27089],"product_brand":[],"product_cat":[42331,27343,27121],"product_tag":[],"class_list":{"0":"post-134937","1":"product","2":"type-product","3":"status-publish","4":"has-post-thumbnail","6":"brand-gold-jewellery-de","7":"product_cat-a","8":"product_cat-buchstaben-anhanger","9":"product_cat-schmuck","10":"pa_dimensions-6-x-6-mm-de","11":"pa_garantie-12monate","12":"pa_genre-frau","13":"pa_genre-kind","14":"pa_genre-mann","15":"pa_matiere-75018ktweissgold","16":"pa_motif-buchstaben","17":"sales-flash-overlay","18":"woocommerce-text-align-center","19":"woocommerce-image-align-center","20":"do-quantity-buttons","22":"first","23":"instock","24":"taxable","25":"shipping-taxable","26":"purchasable","27":"product-type-simple"},"acf":[],"_links":{"self":[{"href":"https:\/\/lediamant.ch\/de\/wp-json\/wp\/v2\/product\/134937","targetHints":{"allow":["GET"]}}],"collection":[{"href":"https:\/\/lediamant.ch\/de\/wp-json\/wp\/v2\/product"}],"about":[{"href":"https:\/\/lediamant.ch\/de\/wp-json\/wp\/v2\/types\/product"}],"wp:featuredmedia":[{"embeddable":true,"href":"https:\/\/lediamant.ch\/de\/wp-json\/wp\/v2\/media\/134935"}],"wp:attachment":[{"href":"https:\/\/lediamant.ch\/de\/wp-json\/wp\/v2\/media?parent=134937"}],"wp:term":[{"taxonomy":"brand","embeddable":true,"href":"https:\/\/lediamant.ch\/de\/wp-json\/wp\/v2\/brand?post=134937"},{"taxonomy":"product_brand","embeddable":true,"href":"https:\/\/lediamant.ch\/de\/wp-json\/wp\/v2\/product_brand?post=134937"},{"taxonomy":"product_cat","embeddable":true,"href":"https:\/\/lediamant.ch\/de\/wp-json\/wp\/v2\/product_cat?post=134937"},{"taxonomy":"product_tag","embeddable":true,"href":"https:\/\/lediamant.ch\/de\/wp-json\/wp\/v2\/product_tag?post=134937"}],"curies":[{"name":"wp","href":"https:\/\/api.w.org\/{rel}","templated":true}]}}