{"id":134941,"date":"2020-03-17T07:45:35","date_gmt":"2020-03-17T06:45:35","guid":{"rendered":"https:\/\/lediamant.ch\/produit\/schmuck-de\/anhanger-de\/anhaenger-buchstabe-de\/anhaenger-buchstabe-b-weissgold-75018-kt\/"},"modified":"2025-12-10T18:28:11","modified_gmt":"2025-12-10T17:28:11","slug":"pendentif-lettre-b-or-blanc-75018-ct","status":"publish","type":"product","link":"https:\/\/lediamant.ch\/de\/schmuck\/134941-anhaenger-buchstabe-b-weissgold-75018-kt\/","title":{"rendered":"Anh\u00e4nger Buchstabe B Wei\u00dfgold 750\/18 kt."},"content":{"rendered":"<p>Dieser elegante Anh\u00e4nger in Form des Buchstabens &#8222;B&#8220; ist fein aus 750\/18 kt Wei\u00dfgold gefertigt und bietet einen au\u00dfergew\u00f6hnlichen Glanz und Haltbarkeit. Er ist die perfekte Wahl f\u00fcr ein pers\u00f6nliches Geschenk oder ein t\u00e4gliches Schmuckst\u00fcck. Durch sein zartes und minimalistisches Design l\u00e4sst er sich leicht mit jedem Outfit kombinieren und verleiht ihm einen Hauch von Eleganz und Raffinesse. Es ist mehr als nur ein Schmuckst\u00fcck, es ist ein Stil-Statement.<\/p>\n","protected":false},"excerpt":{"rendered":"<p>Dieser elegante Anh\u00e4nger in Form des Buchstabens &#8222;B&#8220; ist fein aus 750\/18 kt Wei\u00dfgold gefertigt und bietet einen au\u00dfergew\u00f6hnlichen Glanz und Haltbarkeit. Er ist die perfekte Wahl f\u00fcr ein pers\u00f6nliches Geschenk oder ein t\u00e4gliches Schmuckst\u00fcck. Durch sein zartes und minimalistisches Design l\u00e4sst er sich leicht mit jedem Outfit kombinieren und verleiht ihm einen Hauch von &#8230; <a title=\"Anh\u00e4nger Buchstabe B Wei\u00dfgold 750\/18 kt.\" class=\"read-more\" href=\"https:\/\/lediamant.ch\/de\/schmuck\/134941-anhaenger-buchstabe-b-weissgold-75018-kt\/\" aria-label=\"Mehr Informationen \u00fcber Anh\u00e4nger Buchstabe B Wei\u00dfgold 750\/18 kt.\">Weiterlesen &#8230;<\/a><\/p>\n","protected":false},"featured_media":134939,"template":"","meta":{"_acf_changed":false,"_seopress_robots_primary_cat":"27343","_seopress_titles_title":"","_seopress_titles_desc":"Entdecken Sie den Glanz des 18 ct Wei\u00dfgold-Anh\u00e4ngers in Form eines 'B'. Ein perfektes Geschenk, das Eleganz mit jedem Outfit kombiniert.","_seopress_robots_index":""},"brand":[27089],"product_brand":[],"product_cat":[42332,27343,27121],"product_tag":[],"class_list":{"0":"post-134941","1":"product","2":"type-product","3":"status-publish","4":"has-post-thumbnail","6":"brand-gold-jewellery-de","7":"product_cat-b","8":"product_cat-buchstaben-anhanger","9":"product_cat-schmuck","10":"pa_dimensions-5-x-5-mm","11":"pa_garantie-12monate","12":"pa_genre-frau","13":"pa_genre-kind","14":"pa_genre-mann","15":"pa_matiere-75018ktweissgold","16":"pa_motif-buchstaben","17":"sales-flash-overlay","18":"woocommerce-text-align-center","19":"woocommerce-image-align-center","20":"do-quantity-buttons","22":"first","23":"instock","24":"taxable","25":"shipping-taxable","26":"purchasable","27":"product-type-simple"},"acf":[],"_links":{"self":[{"href":"https:\/\/lediamant.ch\/de\/wp-json\/wp\/v2\/product\/134941","targetHints":{"allow":["GET"]}}],"collection":[{"href":"https:\/\/lediamant.ch\/de\/wp-json\/wp\/v2\/product"}],"about":[{"href":"https:\/\/lediamant.ch\/de\/wp-json\/wp\/v2\/types\/product"}],"wp:featuredmedia":[{"embeddable":true,"href":"https:\/\/lediamant.ch\/de\/wp-json\/wp\/v2\/media\/134939"}],"wp:attachment":[{"href":"https:\/\/lediamant.ch\/de\/wp-json\/wp\/v2\/media?parent=134941"}],"wp:term":[{"taxonomy":"brand","embeddable":true,"href":"https:\/\/lediamant.ch\/de\/wp-json\/wp\/v2\/brand?post=134941"},{"taxonomy":"product_brand","embeddable":true,"href":"https:\/\/lediamant.ch\/de\/wp-json\/wp\/v2\/product_brand?post=134941"},{"taxonomy":"product_cat","embeddable":true,"href":"https:\/\/lediamant.ch\/de\/wp-json\/wp\/v2\/product_cat?post=134941"},{"taxonomy":"product_tag","embeddable":true,"href":"https:\/\/lediamant.ch\/de\/wp-json\/wp\/v2\/product_tag?post=134941"}],"curies":[{"name":"wp","href":"https:\/\/api.w.org\/{rel}","templated":true}]}}