{"id":134949,"date":"2020-03-17T07:45:35","date_gmt":"2020-03-17T06:45:35","guid":{"rendered":"https:\/\/lediamant.ch\/produit\/schmuck-de\/anhanger-de\/anhaenger-buchstabe-de\/anhaenger-buchstabe-d-weissgold-75018-kt\/"},"modified":"2026-03-07T14:49:37","modified_gmt":"2026-03-07T13:49:37","slug":"pendentif-lettre-d-or-blanc-75018-ct","status":"publish","type":"product","link":"https:\/\/lediamant.ch\/de\/schmuck\/134949-anhaenger-buchstabe-d-weissgold-75018-kt\/","title":{"rendered":"Anh\u00e4nger Buchstabe D aus Wei\u00dfgold 750\/18 ct."},"content":{"rendered":"<p>Dieser bezaubernde Anh\u00e4nger in Form des Buchstabens &#8222;D&#8220; ist eine elegante Wahl f\u00fcr ein pers\u00f6nliches Geschenk. Hergestellt aus 750\/18 ct Wei\u00dfgold, verleiht dieses zarte Schmuckst\u00fcck jedem Outfit einen Hauch von subtiler Raffinesse. Sein einfaches, aber raffiniertes Design ist perfekt f\u00fcr diejenigen, die diskrete Eleganz sch\u00e4tzen. Tragen Sie ihn allein f\u00fcr einen minimalistischen Look oder kombinieren Sie ihn mit anderen Anh\u00e4ngern f\u00fcr einen gewagteren Stil. Eine perfekte Wahl, um einen Namen oder einen Geburtstag zu feiern oder einfach nur, um Ihrer Schmuckkollektion einen Hauch von Individualit\u00e4t zu verleihen.    <\/p>\n","protected":false},"excerpt":{"rendered":"<p>Dieser bezaubernde Anh\u00e4nger in Form des Buchstabens &#8222;D&#8220; ist eine elegante Wahl f\u00fcr ein pers\u00f6nliches Geschenk. Hergestellt aus 750\/18 ct Wei\u00dfgold, verleiht dieses zarte Schmuckst\u00fcck jedem Outfit einen Hauch von subtiler Raffinesse. Sein einfaches, aber raffiniertes Design ist perfekt f\u00fcr diejenigen, die diskrete Eleganz sch\u00e4tzen. Tragen Sie ihn allein f\u00fcr einen minimalistischen Look oder kombinieren &#8230; <a title=\"Anh\u00e4nger Buchstabe D aus Wei\u00dfgold 750\/18 ct.\" class=\"read-more\" href=\"https:\/\/lediamant.ch\/de\/schmuck\/134949-anhaenger-buchstabe-d-weissgold-75018-kt\/\" aria-label=\"Mehr Informationen \u00fcber Anh\u00e4nger Buchstabe D aus Wei\u00dfgold 750\/18 ct.\">Weiterlesen &#8230;<\/a><\/p>\n","protected":false},"featured_media":134947,"template":"","meta":{"_acf_changed":false,"_seopress_robots_primary_cat":"27342","_seopress_titles_title":"","_seopress_titles_desc":"Entdecken Sie unseren Anh\u00e4nger 'D' aus 750\/18 ct Wei\u00dfgold, der sich ideal f\u00fcr ein einzigartiges Geschenk eignet. Eleganz und subtile Raffinesse f\u00fcr jedes Outfit. ","_seopress_robots_index":""},"brand":[27089],"product_brand":[],"product_cat":[27121,27343],"product_tag":[],"class_list":{"0":"post-134949","1":"product","2":"type-product","3":"status-publish","4":"has-post-thumbnail","6":"brand-gold-jewellery-de","7":"product_cat-schmuck","8":"product_cat-buchstaben-anhanger","9":"pa_dimensions-6-x-6-mm-de","10":"pa_garantie-12monate","11":"pa_genre-frau","12":"pa_genre-kind","13":"pa_genre-mann","14":"pa_matiere-75018ktweissgold","15":"pa_motif-buchstaben","16":"sales-flash-overlay","17":"woocommerce-text-align-center","18":"woocommerce-image-align-center","19":"do-quantity-buttons","21":"first","22":"instock","23":"taxable","24":"shipping-taxable","25":"purchasable","26":"product-type-simple"},"acf":[],"_links":{"self":[{"href":"https:\/\/lediamant.ch\/de\/wp-json\/wp\/v2\/product\/134949","targetHints":{"allow":["GET"]}}],"collection":[{"href":"https:\/\/lediamant.ch\/de\/wp-json\/wp\/v2\/product"}],"about":[{"href":"https:\/\/lediamant.ch\/de\/wp-json\/wp\/v2\/types\/product"}],"wp:featuredmedia":[{"embeddable":true,"href":"https:\/\/lediamant.ch\/de\/wp-json\/wp\/v2\/media\/134947"}],"wp:attachment":[{"href":"https:\/\/lediamant.ch\/de\/wp-json\/wp\/v2\/media?parent=134949"}],"wp:term":[{"taxonomy":"brand","embeddable":true,"href":"https:\/\/lediamant.ch\/de\/wp-json\/wp\/v2\/brand?post=134949"},{"taxonomy":"product_brand","embeddable":true,"href":"https:\/\/lediamant.ch\/de\/wp-json\/wp\/v2\/product_brand?post=134949"},{"taxonomy":"product_cat","embeddable":true,"href":"https:\/\/lediamant.ch\/de\/wp-json\/wp\/v2\/product_cat?post=134949"},{"taxonomy":"product_tag","embeddable":true,"href":"https:\/\/lediamant.ch\/de\/wp-json\/wp\/v2\/product_tag?post=134949"}],"curies":[{"name":"wp","href":"https:\/\/api.w.org\/{rel}","templated":true}]}}