{"id":134953,"date":"2020-03-17T07:45:35","date_gmt":"2020-03-17T06:45:35","guid":{"rendered":"https:\/\/lediamant.ch\/produit\/schmuck-de\/anhanger-de\/anhaenger-buchstabe-de\/anhaenger-buchstabe-e-weissgold-75018-kt\/"},"modified":"2025-05-20T17:07:17","modified_gmt":"2025-05-20T15:07:17","slug":"anhaenger-buchstabe-e-weissgold-750-18-kt","status":"publish","type":"product","link":"https:\/\/lediamant.ch\/de\/schmuck\/134953-anhaenger-buchstabe-e-weissgold-750-18-kt-125608526\/0050\/","title":{"rendered":"Anh\u00e4nger Buchstabe E Wei\u00dfgold 750\/18 ct."},"content":{"rendered":"<p>Dieser wundersch\u00f6ne Anh\u00e4nger stellt den Buchstaben &#8222;E&#8220; dar und ist aus 750\/18 Karat Wei\u00dfgold gefertigt, was seine Qualit\u00e4t und Haltbarkeit garantiert. Sein zartes und elegantes Design macht ihn perfekt f\u00fcr den t\u00e4glichen Gebrauch oder um jedem Outfit einen Hauch von Raffinesse zu verleihen. Er ist auch ein ideales Geschenk f\u00fcr eine besondere Person, deren Name mit dem Buchstaben &#8222;E&#8220; beginnt. Dieser Anh\u00e4nger ist nicht nur ein Schmuckst\u00fcck, sondern auch eine pers\u00f6nliche und bedeutungsvolle Art, Ihre Individualit\u00e4t zum Ausdruck zu bringen.<\/p>\n","protected":false},"excerpt":{"rendered":"<p>Dieser wundersch\u00f6ne Anh\u00e4nger stellt den Buchstaben &#8222;E&#8220; dar und ist aus 750\/18 Karat Wei\u00dfgold gefertigt, was seine Qualit\u00e4t und Haltbarkeit garantiert. Sein zartes und elegantes Design macht ihn perfekt f\u00fcr den t\u00e4glichen Gebrauch oder um jedem Outfit einen Hauch von Raffinesse zu verleihen. Er ist auch ein ideales Geschenk f\u00fcr eine besondere Person, deren Name &#8230; <a title=\"Anh\u00e4nger Buchstabe E Wei\u00dfgold 750\/18 ct.\" class=\"read-more\" href=\"https:\/\/lediamant.ch\/de\/schmuck\/134953-anhaenger-buchstabe-e-weissgold-750-18-kt-125608526\/0050\/\" aria-label=\"Mehr Informationen \u00fcber Anh\u00e4nger Buchstabe E Wei\u00dfgold 750\/18 ct.\">Weiterlesen &#8230;<\/a><\/p>\n","protected":false},"featured_media":134951,"template":"","meta":{"_acf_changed":false,"_seopress_robots_primary_cat":"27343","_seopress_titles_title":"","_seopress_titles_desc":"Entdecken Sie unseren Anh\u00e4nger aus 18 Karat Wei\u00dfgold in der Form des Buchstabens 'E'. Perfekt f\u00fcr den t\u00e4glichen Gebrauch oder als besonderes Geschenk.","_seopress_robots_index":""},"brand":[27089],"product_brand":[],"product_cat":[27155,27343,27121],"product_tag":[],"class_list":{"0":"post-134953","1":"product","2":"type-product","3":"status-publish","4":"has-post-thumbnail","6":"brand-gold-jewellery-de","7":"product_cat-anhanger","8":"product_cat-buchstaben-anhanger","9":"product_cat-schmuck","10":"pa_dimensions-5-x-6mm-de","11":"pa_garantie-12monate","12":"pa_genre-frau","13":"pa_genre-kind","14":"pa_genre-mann","15":"pa_matiere-75018ktweissgold","16":"pa_motif-buchstaben","17":"sales-flash-overlay","18":"woocommerce-text-align-center","19":"woocommerce-image-align-center","20":"do-quantity-buttons","22":"first","23":"instock","24":"taxable","25":"shipping-taxable","26":"purchasable","27":"product-type-simple"},"acf":[],"_links":{"self":[{"href":"https:\/\/lediamant.ch\/de\/wp-json\/wp\/v2\/product\/134953","targetHints":{"allow":["GET"]}}],"collection":[{"href":"https:\/\/lediamant.ch\/de\/wp-json\/wp\/v2\/product"}],"about":[{"href":"https:\/\/lediamant.ch\/de\/wp-json\/wp\/v2\/types\/product"}],"wp:featuredmedia":[{"embeddable":true,"href":"https:\/\/lediamant.ch\/de\/wp-json\/wp\/v2\/media\/134951"}],"wp:attachment":[{"href":"https:\/\/lediamant.ch\/de\/wp-json\/wp\/v2\/media?parent=134953"}],"wp:term":[{"taxonomy":"brand","embeddable":true,"href":"https:\/\/lediamant.ch\/de\/wp-json\/wp\/v2\/brand?post=134953"},{"taxonomy":"product_brand","embeddable":true,"href":"https:\/\/lediamant.ch\/de\/wp-json\/wp\/v2\/product_brand?post=134953"},{"taxonomy":"product_cat","embeddable":true,"href":"https:\/\/lediamant.ch\/de\/wp-json\/wp\/v2\/product_cat?post=134953"},{"taxonomy":"product_tag","embeddable":true,"href":"https:\/\/lediamant.ch\/de\/wp-json\/wp\/v2\/product_tag?post=134953"}],"curies":[{"name":"wp","href":"https:\/\/api.w.org\/{rel}","templated":true}]}}