{"id":134969,"date":"2020-03-17T07:45:44","date_gmt":"2020-03-17T06:45:44","guid":{"rendered":"https:\/\/lediamant.ch\/produit\/schmuck-de\/anhanger-de\/anhaenger-buchstabe-de\/anhaenger-buchstabe-i-weissgold-75018-kt\/"},"modified":"2025-05-21T15:24:09","modified_gmt":"2025-05-21T13:24:09","slug":"anhaenger-buchstabe-i-weissgold-750-18-kt","status":"publish","type":"product","link":"https:\/\/lediamant.ch\/de\/schmuck\/134969-anhaenger-buchstabe-i-weissgold-750-18-kt-125608526\/0090\/","title":{"rendered":"Anh\u00e4nger Buchstabe i Wei\u00dfgold 750\/18 kt."},"content":{"rendered":"<p>Entdecken Sie unseren Anh\u00e4nger Buchstabe i, ein elegantes und zeitloses Schmuckst\u00fcck. Dieser Anh\u00e4nger ist aus 750\/18 kt Wei\u00dfgold gefertigt und zeichnet sich durch seinen Glanz und seine Raffinesse aus. Er wurde entworfen, um den Buchstaben \u201eI\u201c darzustellen und eignet sich daher perfekt als pers\u00f6nliches Geschenk oder um etwas Besonderes f\u00fcr Sie darzustellen. Das zarte Design und die hochwertige Verarbeitung machen diesen Anh\u00e4nger zu einer idealen Wahl, um jedem Outfit einen Hauch von Raffinesse zu verleihen.<\/p>\n","protected":false},"excerpt":{"rendered":"<p>Entdecken Sie unseren Anh\u00e4nger Buchstabe i, ein elegantes und zeitloses Schmuckst\u00fcck. Dieser Anh\u00e4nger ist aus 750\/18 kt Wei\u00dfgold gefertigt und zeichnet sich durch seinen Glanz und seine Raffinesse aus. Er wurde entworfen, um den Buchstaben \u201eI\u201c darzustellen und eignet sich daher perfekt als pers\u00f6nliches Geschenk oder um etwas Besonderes f\u00fcr Sie darzustellen. Das zarte Design &#8230; <a title=\"Anh\u00e4nger Buchstabe i Wei\u00dfgold 750\/18 kt.\" class=\"read-more\" href=\"https:\/\/lediamant.ch\/de\/schmuck\/134969-anhaenger-buchstabe-i-weissgold-750-18-kt-125608526\/0090\/\" aria-label=\"Mehr Informationen \u00fcber Anh\u00e4nger Buchstabe i Wei\u00dfgold 750\/18 kt.\">Weiterlesen &#8230;<\/a><\/p>\n","protected":false},"featured_media":134967,"template":"","meta":{"_acf_changed":false,"_seopress_robots_primary_cat":"27343","_seopress_titles_title":"","_seopress_titles_desc":"Entdecken Sie den Anh\u00e4nger Buchstabe I aus 750\/18 kt Wei\u00dfgold, eine elegante und raffinierte Wahl f\u00fcr ein einzigartiges Geschenk oder eine pers\u00f6nliche Note.","_seopress_robots_index":""},"brand":[27089],"product_brand":[],"product_cat":[27343,27121],"product_tag":[],"class_list":{"0":"post-134969","1":"product","2":"type-product","3":"status-publish","4":"has-post-thumbnail","6":"brand-gold-jewellery-de","7":"product_cat-buchstaben-anhanger","8":"product_cat-schmuck","9":"pa_dimensions-3-x-6-mm","10":"pa_garantie-12monate","11":"pa_genre-frau","12":"pa_genre-kind","13":"pa_genre-mann","14":"pa_matiere-75018ktweissgold","15":"pa_motif-buchstaben","16":"sales-flash-overlay","17":"woocommerce-text-align-center","18":"woocommerce-image-align-center","19":"do-quantity-buttons","21":"first","22":"instock","23":"taxable","24":"shipping-taxable","25":"purchasable","26":"product-type-simple"},"acf":[],"_links":{"self":[{"href":"https:\/\/lediamant.ch\/de\/wp-json\/wp\/v2\/product\/134969","targetHints":{"allow":["GET"]}}],"collection":[{"href":"https:\/\/lediamant.ch\/de\/wp-json\/wp\/v2\/product"}],"about":[{"href":"https:\/\/lediamant.ch\/de\/wp-json\/wp\/v2\/types\/product"}],"wp:featuredmedia":[{"embeddable":true,"href":"https:\/\/lediamant.ch\/de\/wp-json\/wp\/v2\/media\/134967"}],"wp:attachment":[{"href":"https:\/\/lediamant.ch\/de\/wp-json\/wp\/v2\/media?parent=134969"}],"wp:term":[{"taxonomy":"brand","embeddable":true,"href":"https:\/\/lediamant.ch\/de\/wp-json\/wp\/v2\/brand?post=134969"},{"taxonomy":"product_brand","embeddable":true,"href":"https:\/\/lediamant.ch\/de\/wp-json\/wp\/v2\/product_brand?post=134969"},{"taxonomy":"product_cat","embeddable":true,"href":"https:\/\/lediamant.ch\/de\/wp-json\/wp\/v2\/product_cat?post=134969"},{"taxonomy":"product_tag","embeddable":true,"href":"https:\/\/lediamant.ch\/de\/wp-json\/wp\/v2\/product_tag?post=134969"}],"curies":[{"name":"wp","href":"https:\/\/api.w.org\/{rel}","templated":true}]}}