{"id":134973,"date":"2020-03-17T07:45:44","date_gmt":"2020-03-17T06:45:44","guid":{"rendered":"https:\/\/lediamant.ch\/produit\/schmuck-de\/anhanger-de\/anhaenger-buchstabe-de\/anhaenger-buchstabe-j-weissgold-75018-ct\/"},"modified":"2025-05-27T16:48:02","modified_gmt":"2025-05-27T14:48:02","slug":"pendentif-lettre-j-or-blanc-75018-ct","status":"publish","type":"product","link":"https:\/\/lediamant.ch\/de\/schmuck\/134973-anhaenger-buchstabe-j-weissgold-750-18-kt-125608526\/0100\/","title":{"rendered":"Anh\u00e4nger Buchstabe J Wei\u00dfgold 750\/18 kt."},"content":{"rendered":"<p>Entdecken Sie unseren eleganten Anh\u00e4nger in Form des Buchstabens &#8222;J&#8220;, der sorgf\u00e4ltig aus 750\/18 kt Wei\u00dfgold gefertigt wurde. Dieses feine und raffinierte Schmuckst\u00fcck ist das perfekte Accessoire, um Ihrem Stil eine pers\u00f6nliche Note zu verleihen. Ob Sie Ihre Initiale oder die eines geliebten Menschen darstellen m\u00f6chten, dieser Anh\u00e4nger ist eine wunderbare Wahl. Sein einfaches aber raffiniertes Design macht ihn ideal f\u00fcr den t\u00e4glichen Gebrauch oder f\u00fcr besondere Anl\u00e4sse. Er kann auch ein bedeutungsvolles Geschenk f\u00fcr einen besonderen Menschen sein.<\/p>\n","protected":false},"excerpt":{"rendered":"<p>Entdecken Sie unseren eleganten Anh\u00e4nger in Form des Buchstabens &#8222;J&#8220;, der sorgf\u00e4ltig aus 750\/18 kt Wei\u00dfgold gefertigt wurde. Dieses feine und raffinierte Schmuckst\u00fcck ist das perfekte Accessoire, um Ihrem Stil eine pers\u00f6nliche Note zu verleihen. Ob Sie Ihre Initiale oder die eines geliebten Menschen darstellen m\u00f6chten, dieser Anh\u00e4nger ist eine wunderbare Wahl. Sein einfaches aber &#8230; <a title=\"Anh\u00e4nger Buchstabe J Wei\u00dfgold 750\/18 kt.\" class=\"read-more\" href=\"https:\/\/lediamant.ch\/de\/schmuck\/134973-anhaenger-buchstabe-j-weissgold-750-18-kt-125608526\/0100\/\" aria-label=\"Mehr Informationen \u00fcber Anh\u00e4nger Buchstabe J Wei\u00dfgold 750\/18 kt.\">Weiterlesen &#8230;<\/a><\/p>\n","protected":false},"featured_media":134971,"template":"","meta":{"_acf_changed":false,"_seopress_robots_primary_cat":"27343","_seopress_titles_title":"","_seopress_titles_desc":"Entdecken Sie unseren stilvollen Anh\u00e4nger 'J' aus 18 kt Wei\u00dfgold - ideal f\u00fcr den Alltag oder als besonderes Geschenk.","_seopress_robots_index":""},"brand":[27089],"product_brand":[],"product_cat":[27343,27121],"product_tag":[],"class_list":{"0":"post-134973","1":"product","2":"type-product","3":"status-publish","4":"has-post-thumbnail","6":"brand-gold-jewellery-de","7":"product_cat-buchstaben-anhanger","8":"product_cat-schmuck","9":"pa_dimensions-4-x-6-mm","10":"pa_garantie-12monate","11":"pa_genre-frau","12":"pa_genre-kind","13":"pa_genre-mann","14":"pa_matiere-75018ktweissgold","15":"pa_motif-buchstaben","16":"sales-flash-overlay","17":"woocommerce-text-align-center","18":"woocommerce-image-align-center","19":"do-quantity-buttons","21":"first","22":"instock","23":"taxable","24":"shipping-taxable","25":"purchasable","26":"product-type-simple"},"acf":[],"_links":{"self":[{"href":"https:\/\/lediamant.ch\/de\/wp-json\/wp\/v2\/product\/134973","targetHints":{"allow":["GET"]}}],"collection":[{"href":"https:\/\/lediamant.ch\/de\/wp-json\/wp\/v2\/product"}],"about":[{"href":"https:\/\/lediamant.ch\/de\/wp-json\/wp\/v2\/types\/product"}],"wp:featuredmedia":[{"embeddable":true,"href":"https:\/\/lediamant.ch\/de\/wp-json\/wp\/v2\/media\/134971"}],"wp:attachment":[{"href":"https:\/\/lediamant.ch\/de\/wp-json\/wp\/v2\/media?parent=134973"}],"wp:term":[{"taxonomy":"brand","embeddable":true,"href":"https:\/\/lediamant.ch\/de\/wp-json\/wp\/v2\/brand?post=134973"},{"taxonomy":"product_brand","embeddable":true,"href":"https:\/\/lediamant.ch\/de\/wp-json\/wp\/v2\/product_brand?post=134973"},{"taxonomy":"product_cat","embeddable":true,"href":"https:\/\/lediamant.ch\/de\/wp-json\/wp\/v2\/product_cat?post=134973"},{"taxonomy":"product_tag","embeddable":true,"href":"https:\/\/lediamant.ch\/de\/wp-json\/wp\/v2\/product_tag?post=134973"}],"curies":[{"name":"wp","href":"https:\/\/api.w.org\/{rel}","templated":true}]}}