{"id":134977,"date":"2020-03-17T07:45:53","date_gmt":"2020-03-17T06:45:53","guid":{"rendered":"https:\/\/lediamant.ch\/produit\/schmuck-de\/anhanger-de\/anhaenger-buchstabe-de\/anhaenger-buchstabe-k-weissgold-75018-kt\/"},"modified":"2025-05-21T17:55:19","modified_gmt":"2025-05-21T15:55:19","slug":"anhaenger-buchstabe-k-weissgold-750-18-kt","status":"publish","type":"product","link":"https:\/\/lediamant.ch\/de\/schmuck\/134977-anhaenger-buchstabe-k-weissgold-750-18-kt-125608526\/0110\/","title":{"rendered":"Anh\u00e4nger Buchstabe K Wei\u00dfgold 750\/18 kt."},"content":{"rendered":"<p>Dieser zarte Anh\u00e4nger in Form des Buchstabens &#8222;K&#8220; ist das perfekte Schmuckst\u00fcck f\u00fcr alle, die eine pers\u00f6nliche Note bevorzugen. Er ist aus 750\/18 kt Wei\u00dfgold gefertigt und hat ein gl\u00e4nzendes Finish, das jedem Outfit einen Hauch von Eleganz verleiht. Ob Sie nach einem bedeutungsvollen Geschenk suchen oder sich selbst eine Freude machen m\u00f6chten, dieser Anh\u00e4nger ist die perfekte Wahl. Er kann allein f\u00fcr einen minimalistischen Look oder in Kombination mit anderen Schmuckst\u00fccken f\u00fcr einen modischen Lagenlook getragen werden.<\/p>\n","protected":false},"excerpt":{"rendered":"<p>Dieser zarte Anh\u00e4nger in Form des Buchstabens &#8222;K&#8220; ist das perfekte Schmuckst\u00fcck f\u00fcr alle, die eine pers\u00f6nliche Note bevorzugen. Er ist aus 750\/18 kt Wei\u00dfgold gefertigt und hat ein gl\u00e4nzendes Finish, das jedem Outfit einen Hauch von Eleganz verleiht. Ob Sie nach einem bedeutungsvollen Geschenk suchen oder sich selbst eine Freude machen m\u00f6chten, dieser Anh\u00e4nger &#8230; <a title=\"Anh\u00e4nger Buchstabe K Wei\u00dfgold 750\/18 kt.\" class=\"read-more\" href=\"https:\/\/lediamant.ch\/de\/schmuck\/134977-anhaenger-buchstabe-k-weissgold-750-18-kt-125608526\/0110\/\" aria-label=\"Mehr Informationen \u00fcber Anh\u00e4nger Buchstabe K Wei\u00dfgold 750\/18 kt.\">Weiterlesen &#8230;<\/a><\/p>\n","protected":false},"featured_media":134975,"template":"","meta":{"_acf_changed":false,"_seopress_robots_primary_cat":"27343","_seopress_titles_title":"","_seopress_titles_desc":"Entdecken Sie die Eleganz des Anh\u00e4ngers mit dem Buchstaben 'K' aus 750\/18 kt Wei\u00dfgold. Ideal f\u00fcr ein pers\u00f6nliches Geschenk oder um Ihren Stil mit Raffinesse zu vervollst\u00e4ndigen.","_seopress_robots_index":""},"brand":[27089],"product_brand":[],"product_cat":[27343,27121],"product_tag":[],"class_list":{"0":"post-134977","1":"product","2":"type-product","3":"status-publish","4":"has-post-thumbnail","6":"brand-gold-jewellery-de","7":"product_cat-buchstaben-anhanger","8":"product_cat-schmuck","9":"pa_dimensions-6-x-6-mm-de","10":"pa_garantie-12monate","11":"pa_genre-frau","12":"pa_genre-kind","13":"pa_genre-mann","14":"pa_matiere-75018ktweissgold","15":"pa_motif-buchstaben","16":"sales-flash-overlay","17":"woocommerce-text-align-center","18":"woocommerce-image-align-center","19":"do-quantity-buttons","21":"first","22":"instock","23":"taxable","24":"shipping-taxable","25":"purchasable","26":"product-type-simple"},"acf":[],"_links":{"self":[{"href":"https:\/\/lediamant.ch\/de\/wp-json\/wp\/v2\/product\/134977","targetHints":{"allow":["GET"]}}],"collection":[{"href":"https:\/\/lediamant.ch\/de\/wp-json\/wp\/v2\/product"}],"about":[{"href":"https:\/\/lediamant.ch\/de\/wp-json\/wp\/v2\/types\/product"}],"wp:featuredmedia":[{"embeddable":true,"href":"https:\/\/lediamant.ch\/de\/wp-json\/wp\/v2\/media\/134975"}],"wp:attachment":[{"href":"https:\/\/lediamant.ch\/de\/wp-json\/wp\/v2\/media?parent=134977"}],"wp:term":[{"taxonomy":"brand","embeddable":true,"href":"https:\/\/lediamant.ch\/de\/wp-json\/wp\/v2\/brand?post=134977"},{"taxonomy":"product_brand","embeddable":true,"href":"https:\/\/lediamant.ch\/de\/wp-json\/wp\/v2\/product_brand?post=134977"},{"taxonomy":"product_cat","embeddable":true,"href":"https:\/\/lediamant.ch\/de\/wp-json\/wp\/v2\/product_cat?post=134977"},{"taxonomy":"product_tag","embeddable":true,"href":"https:\/\/lediamant.ch\/de\/wp-json\/wp\/v2\/product_tag?post=134977"}],"curies":[{"name":"wp","href":"https:\/\/api.w.org\/{rel}","templated":true}]}}