{"id":134985,"date":"2020-03-17T07:45:53","date_gmt":"2020-03-17T06:45:53","guid":{"rendered":"https:\/\/lediamant.ch\/produit\/schmuck-de\/anhanger-de\/anhaenger-buchstabe-de\/anhaenger-buchstabe-m-weissgold-75018-kt\/"},"modified":"2025-06-06T14:29:31","modified_gmt":"2025-06-06T12:29:31","slug":"anhaenger-buchstabe-m-weissgold-750-18-kt","status":"publish","type":"product","link":"https:\/\/lediamant.ch\/de\/schmuck\/134985-anhaenger-buchstabe-m-weissgold-750-18-kt-125608526\/0130\/","title":{"rendered":"Anh\u00e4nger Buchstabe M Wei\u00dfgold 750\/18 kt."},"content":{"rendered":"<p>Entdecken Sie unseren Anh\u00e4nger Buchstabe M, ein zartes und elegantes Schmuckst\u00fcck aus 750\/18 kt Wei\u00dfgold. Dieser Anh\u00e4nger zeichnet sich durch die Form des Buchstabens M aus, der perfekt ist, um einen Vornamen, einen Familiennamen oder ein Wort, das Ihnen wichtig ist, zu repr\u00e4sentieren. Die Verarbeitung aus Wei\u00dfgold verleiht ihm einen raffinierten und modernen Touch. Dieses Schmuckst\u00fcck ist ein ideales Geschenk f\u00fcr einen Geburtstag, eine Party oder einfach, um Ihre Zuneigung zu einer besonderen Person zu zeigen. Tragen Sie Ihren Lieblingsbuchstaben ganz nah an Ihrem Herzen mit diesem Anh\u00e4nger Buchstabe M aus Wei\u00dfgold.<\/p>\n","protected":false},"excerpt":{"rendered":"<p>Entdecken Sie unseren Anh\u00e4nger Buchstabe M, ein zartes und elegantes Schmuckst\u00fcck aus 750\/18 kt Wei\u00dfgold. Dieser Anh\u00e4nger zeichnet sich durch die Form des Buchstabens M aus, der perfekt ist, um einen Vornamen, einen Familiennamen oder ein Wort, das Ihnen wichtig ist, zu repr\u00e4sentieren. Die Verarbeitung aus Wei\u00dfgold verleiht ihm einen raffinierten und modernen Touch. Dieses &#8230; <a title=\"Anh\u00e4nger Buchstabe M Wei\u00dfgold 750\/18 kt.\" class=\"read-more\" href=\"https:\/\/lediamant.ch\/de\/schmuck\/134985-anhaenger-buchstabe-m-weissgold-750-18-kt-125608526\/0130\/\" aria-label=\"Mehr Informationen \u00fcber Anh\u00e4nger Buchstabe M Wei\u00dfgold 750\/18 kt.\">Weiterlesen &#8230;<\/a><\/p>\n","protected":false},"featured_media":134983,"template":"","meta":{"_acf_changed":false,"_seopress_robots_primary_cat":"27343","_seopress_titles_title":"","_seopress_titles_desc":"Entdecken Sie den Anh\u00e4nger Buchstabe M aus Wei\u00dfgold, ein elegantes Schmuckst\u00fcck, das ideal ist, um einen Namen oder einen besonderen Moment zu symbolisieren.","_seopress_robots_index":""},"brand":[27089],"product_brand":[],"product_cat":[27343,27121],"product_tag":[],"class_list":{"0":"post-134985","1":"product","2":"type-product","3":"status-publish","4":"has-post-thumbnail","6":"brand-gold-jewellery-de","7":"product_cat-buchstaben-anhanger","8":"product_cat-schmuck","9":"pa_dimensions-8-x-5-mm","10":"pa_garantie-12monate","11":"pa_genre-frau","12":"pa_genre-kind","13":"pa_genre-mann","14":"pa_matiere-75018ktweissgold","15":"pa_motif-buchstaben","16":"sales-flash-overlay","17":"woocommerce-text-align-center","18":"woocommerce-image-align-center","19":"do-quantity-buttons","21":"first","22":"instock","23":"taxable","24":"shipping-taxable","25":"purchasable","26":"product-type-simple"},"acf":[],"_links":{"self":[{"href":"https:\/\/lediamant.ch\/de\/wp-json\/wp\/v2\/product\/134985","targetHints":{"allow":["GET"]}}],"collection":[{"href":"https:\/\/lediamant.ch\/de\/wp-json\/wp\/v2\/product"}],"about":[{"href":"https:\/\/lediamant.ch\/de\/wp-json\/wp\/v2\/types\/product"}],"wp:featuredmedia":[{"embeddable":true,"href":"https:\/\/lediamant.ch\/de\/wp-json\/wp\/v2\/media\/134983"}],"wp:attachment":[{"href":"https:\/\/lediamant.ch\/de\/wp-json\/wp\/v2\/media?parent=134985"}],"wp:term":[{"taxonomy":"brand","embeddable":true,"href":"https:\/\/lediamant.ch\/de\/wp-json\/wp\/v2\/brand?post=134985"},{"taxonomy":"product_brand","embeddable":true,"href":"https:\/\/lediamant.ch\/de\/wp-json\/wp\/v2\/product_brand?post=134985"},{"taxonomy":"product_cat","embeddable":true,"href":"https:\/\/lediamant.ch\/de\/wp-json\/wp\/v2\/product_cat?post=134985"},{"taxonomy":"product_tag","embeddable":true,"href":"https:\/\/lediamant.ch\/de\/wp-json\/wp\/v2\/product_tag?post=134985"}],"curies":[{"name":"wp","href":"https:\/\/api.w.org\/{rel}","templated":true}]}}