{"id":134989,"date":"2020-03-17T07:45:53","date_gmt":"2020-03-17T06:45:53","guid":{"rendered":"https:\/\/lediamant.ch\/produit\/schmuck-de\/anhanger-de\/anhaenger-buchstabe-de\/anhaenger-buchstabe-n-weissgold-75018-kt\/"},"modified":"2025-06-06T16:52:44","modified_gmt":"2025-06-06T14:52:44","slug":"pendentif-buchstabe-n-weissgold-750-18-kt","status":"publish","type":"product","link":"https:\/\/lediamant.ch\/de\/schmuck\/134989-pendentif-buchstabe-n-weissgold-750-18-kt-125608526\/0140\/","title":{"rendered":"Anh\u00e4nger Buchstabe N Wei\u00dfgold 750\/18 kt."},"content":{"rendered":"<p>Entdecken Sie unseren Anh\u00e4nger Buchstabe N, ein elegantes und raffiniertes St\u00fcck, das f\u00fcr Liebhaber von individuellem Schmuck entworfen wurde. Dieser Anh\u00e4nger ist aus 750\/18 kt Wei\u00dfgold gefertigt und besticht durch seine Schlichtheit und seinen zeitlosen Charme. Ideal als Geschenk oder um sich selbst zu verw\u00f6hnen, verleiht dieses Schmuckst\u00fcck jedem Outfit einen Hauch von Raffinesse. Bringen Sie Ihre Individualit\u00e4t mit unserem Anh\u00e4nger Buchstabe N aus Wei\u00dfgold zum Ausdruck.<\/p>\n","protected":false},"excerpt":{"rendered":"<p>Entdecken Sie unseren Anh\u00e4nger Buchstabe N, ein elegantes und raffiniertes St\u00fcck, das f\u00fcr Liebhaber von individuellem Schmuck entworfen wurde. Dieser Anh\u00e4nger ist aus 750\/18 kt Wei\u00dfgold gefertigt und besticht durch seine Schlichtheit und seinen zeitlosen Charme. Ideal als Geschenk oder um sich selbst zu verw\u00f6hnen, verleiht dieses Schmuckst\u00fcck jedem Outfit einen Hauch von Raffinesse. Bringen &#8230; <a title=\"Anh\u00e4nger Buchstabe N Wei\u00dfgold 750\/18 kt.\" class=\"read-more\" href=\"https:\/\/lediamant.ch\/de\/schmuck\/134989-pendentif-buchstabe-n-weissgold-750-18-kt-125608526\/0140\/\" aria-label=\"Mehr Informationen \u00fcber Anh\u00e4nger Buchstabe N Wei\u00dfgold 750\/18 kt.\">Weiterlesen &#8230;<\/a><\/p>\n","protected":false},"featured_media":134987,"template":"","meta":{"_acf_changed":false,"_seopress_robots_primary_cat":"27343","_seopress_titles_title":"","_seopress_titles_desc":"Entdecken Sie den Anh\u00e4nger Buchstabe N: Einzigartig und edel aus 750\/18 kt Wei\u00dfgold, perfekt als Geschenk oder f\u00fcr Sie selbst!","_seopress_robots_index":""},"brand":[27089],"product_brand":[],"product_cat":[27343,27121],"product_tag":[],"class_list":{"0":"post-134989","1":"product","2":"type-product","3":"status-publish","4":"has-post-thumbnail","6":"brand-gold-jewellery-de","7":"product_cat-buchstaben-anhanger","8":"product_cat-schmuck","9":"pa_dimensions-5-x-5-mm","10":"pa_garantie-12monate","11":"pa_genre-frau","12":"pa_genre-kind","13":"pa_genre-mann","14":"pa_matiere-75018ktweissgold","15":"pa_motif-buchstaben","16":"sales-flash-overlay","17":"woocommerce-text-align-center","18":"woocommerce-image-align-center","19":"do-quantity-buttons","21":"first","22":"instock","23":"taxable","24":"shipping-taxable","25":"purchasable","26":"product-type-simple"},"acf":[],"_links":{"self":[{"href":"https:\/\/lediamant.ch\/de\/wp-json\/wp\/v2\/product\/134989","targetHints":{"allow":["GET"]}}],"collection":[{"href":"https:\/\/lediamant.ch\/de\/wp-json\/wp\/v2\/product"}],"about":[{"href":"https:\/\/lediamant.ch\/de\/wp-json\/wp\/v2\/types\/product"}],"wp:featuredmedia":[{"embeddable":true,"href":"https:\/\/lediamant.ch\/de\/wp-json\/wp\/v2\/media\/134987"}],"wp:attachment":[{"href":"https:\/\/lediamant.ch\/de\/wp-json\/wp\/v2\/media?parent=134989"}],"wp:term":[{"taxonomy":"brand","embeddable":true,"href":"https:\/\/lediamant.ch\/de\/wp-json\/wp\/v2\/brand?post=134989"},{"taxonomy":"product_brand","embeddable":true,"href":"https:\/\/lediamant.ch\/de\/wp-json\/wp\/v2\/product_brand?post=134989"},{"taxonomy":"product_cat","embeddable":true,"href":"https:\/\/lediamant.ch\/de\/wp-json\/wp\/v2\/product_cat?post=134989"},{"taxonomy":"product_tag","embeddable":true,"href":"https:\/\/lediamant.ch\/de\/wp-json\/wp\/v2\/product_tag?post=134989"}],"curies":[{"name":"wp","href":"https:\/\/api.w.org\/{rel}","templated":true}]}}