{"id":134993,"date":"2020-03-17T07:45:53","date_gmt":"2020-03-17T06:45:53","guid":{"rendered":"https:\/\/lediamant.ch\/produit\/schmuck-de\/anhanger-de\/anhaenger-buchstabe-de\/anhaenger-buchstabe-o-75018-k-weissgold\/"},"modified":"2025-06-06T17:44:23","modified_gmt":"2025-06-06T15:44:23","slug":"anhaenger-buchstabe-o-weissgold-750-18-kt","status":"publish","type":"product","link":"https:\/\/lediamant.ch\/de\/schmuck\/134993-anhaenger-buchstabe-o-weissgold-750-18-kt-125608526\/0150\/","title":{"rendered":"Anh\u00e4nger Buchstabe O Wei\u00dfgold 750\/18 kt."},"content":{"rendered":"<p>Entdecken Sie unseren Anh\u00e4nger Buchstabe \u201eO\u201c, der aus feinstem 750\/18 kt Wei\u00dfgold gefertigt ist. Mit seinem zarten Design und der gl\u00e4nzenden Oberfl\u00e4che ist dieses Schmuckst\u00fcck die perfekte Wahl, um Ihrer Kollektion eine pers\u00f6nliche Note zu verleihen. Ob als Symbol f\u00fcr eine Initiale oder einfach wegen seiner eleganten \u00c4sthetik, dieser Anh\u00e4nger ist ein vielseitiges Schmuckst\u00fcck, das einzeln getragen oder mit anderen f\u00fcr einen gewagten Look kombiniert werden kann. Er ist auch ein ideales Geschenk f\u00fcr einen geliebten Menschen.<\/p>\n","protected":false},"excerpt":{"rendered":"<p>Entdecken Sie unseren Anh\u00e4nger Buchstabe \u201eO\u201c, der aus feinstem 750\/18 kt Wei\u00dfgold gefertigt ist. Mit seinem zarten Design und der gl\u00e4nzenden Oberfl\u00e4che ist dieses Schmuckst\u00fcck die perfekte Wahl, um Ihrer Kollektion eine pers\u00f6nliche Note zu verleihen. Ob als Symbol f\u00fcr eine Initiale oder einfach wegen seiner eleganten \u00c4sthetik, dieser Anh\u00e4nger ist ein vielseitiges Schmuckst\u00fcck, das &#8230; <a title=\"Anh\u00e4nger Buchstabe O Wei\u00dfgold 750\/18 kt.\" class=\"read-more\" href=\"https:\/\/lediamant.ch\/de\/schmuck\/134993-anhaenger-buchstabe-o-weissgold-750-18-kt-125608526\/0150\/\" aria-label=\"Mehr Informationen \u00fcber Anh\u00e4nger Buchstabe O Wei\u00dfgold 750\/18 kt.\">Weiterlesen &#8230;<\/a><\/p>\n","protected":false},"featured_media":134991,"template":"","meta":{"_acf_changed":false,"_seopress_robots_primary_cat":"27343","_seopress_titles_title":"","_seopress_titles_desc":"Entdecken Sie den eleganten Anh\u00e4nger 'O' aus 750\/18 kt Wei\u00dfgold \u2013 perfekt um Ihrer Schmucksammlung eine pers\u00f6nliche Note zu verleihen.","_seopress_robots_index":""},"brand":[27089],"product_brand":[],"product_cat":[27343,27121],"product_tag":[],"class_list":{"0":"post-134993","1":"product","2":"type-product","3":"status-publish","4":"has-post-thumbnail","6":"brand-gold-jewellery-de","7":"product_cat-buchstaben-anhanger","8":"product_cat-schmuck","9":"pa_dimensions-6-x-6-mm-de","10":"pa_garantie-12monate","11":"pa_genre-frau","12":"pa_genre-kind","13":"pa_genre-mann","14":"pa_matiere-75018ktweissgold","15":"pa_motif-buchstaben","16":"sales-flash-overlay","17":"woocommerce-text-align-center","18":"woocommerce-image-align-center","19":"do-quantity-buttons","21":"first","22":"instock","23":"taxable","24":"shipping-taxable","25":"purchasable","26":"product-type-simple"},"acf":[],"_links":{"self":[{"href":"https:\/\/lediamant.ch\/de\/wp-json\/wp\/v2\/product\/134993","targetHints":{"allow":["GET"]}}],"collection":[{"href":"https:\/\/lediamant.ch\/de\/wp-json\/wp\/v2\/product"}],"about":[{"href":"https:\/\/lediamant.ch\/de\/wp-json\/wp\/v2\/types\/product"}],"wp:featuredmedia":[{"embeddable":true,"href":"https:\/\/lediamant.ch\/de\/wp-json\/wp\/v2\/media\/134991"}],"wp:attachment":[{"href":"https:\/\/lediamant.ch\/de\/wp-json\/wp\/v2\/media?parent=134993"}],"wp:term":[{"taxonomy":"brand","embeddable":true,"href":"https:\/\/lediamant.ch\/de\/wp-json\/wp\/v2\/brand?post=134993"},{"taxonomy":"product_brand","embeddable":true,"href":"https:\/\/lediamant.ch\/de\/wp-json\/wp\/v2\/product_brand?post=134993"},{"taxonomy":"product_cat","embeddable":true,"href":"https:\/\/lediamant.ch\/de\/wp-json\/wp\/v2\/product_cat?post=134993"},{"taxonomy":"product_tag","embeddable":true,"href":"https:\/\/lediamant.ch\/de\/wp-json\/wp\/v2\/product_tag?post=134993"}],"curies":[{"name":"wp","href":"https:\/\/api.w.org\/{rel}","templated":true}]}}