{"id":134997,"date":"2020-03-17T07:46:02","date_gmt":"2020-03-17T06:46:02","guid":{"rendered":"https:\/\/lediamant.ch\/produit\/schmuck-de\/anhanger-de\/anhaenger-buchstabe-de\/anhaenger-buchstabe-p-weissgold-75018-kt\/"},"modified":"2025-06-06T18:30:27","modified_gmt":"2025-06-06T16:30:27","slug":"anhaenger-buchstabe-p-weissgold-750-18-kt","status":"publish","type":"product","link":"https:\/\/lediamant.ch\/de\/schmuck\/134997-anhaenger-buchstabe-p-weissgold-75018-kt\/","title":{"rendered":"Anh\u00e4nger Buchstabe P Wei\u00dfgold 750\/18 kt."},"content":{"rendered":"<p>Dieser wundersch\u00f6ne Anh\u00e4nger in Form des Buchstabens &#8222;P&#8220; wurde mit zeitloser Eleganz entworfen. Hergestellt aus 750\/18 kt Wei\u00dfgold, gl\u00e4nzt dieses zarte Schmuckst\u00fcck in einem sanften und subtilen Schimmer und verleiht jedem Outfit einen Hauch von Raffinesse. Sein minimalistisches und modernes Design macht es zu einer perfekten Wahl f\u00fcr ein pers\u00f6nliches Geschenk, das Sie einem geliebten Menschen oder sich selbst schenken k\u00f6nnen. Tragen Sie Ihre Initiale oder die einer geliebten Person mit diesem einzigartigen Anh\u00e4nger und setzen Sie ein stilvolles Statement, das wirklich Ihres ist.   <\/p>\n","protected":false},"excerpt":{"rendered":"<p>Dieser wundersch\u00f6ne Anh\u00e4nger in Form des Buchstabens &#8222;P&#8220; wurde mit zeitloser Eleganz entworfen. Hergestellt aus 750\/18 kt Wei\u00dfgold, gl\u00e4nzt dieses zarte Schmuckst\u00fcck in einem sanften und subtilen Schimmer und verleiht jedem Outfit einen Hauch von Raffinesse. Sein minimalistisches und modernes Design macht es zu einer perfekten Wahl f\u00fcr ein pers\u00f6nliches Geschenk, das Sie einem geliebten &#8230; <a title=\"Anh\u00e4nger Buchstabe P Wei\u00dfgold 750\/18 kt.\" class=\"read-more\" href=\"https:\/\/lediamant.ch\/de\/schmuck\/134997-anhaenger-buchstabe-p-weissgold-75018-kt\/\" aria-label=\"Mehr Informationen \u00fcber Anh\u00e4nger Buchstabe P Wei\u00dfgold 750\/18 kt.\">Weiterlesen &#8230;<\/a><\/p>\n","protected":false},"featured_media":134995,"template":"","meta":{"_acf_changed":false,"_seopress_robots_primary_cat":"27342","_seopress_titles_title":"","_seopress_titles_desc":"Entdecken Sie die Eleganz des Anh\u00e4ngers aus 18 Kt Wei\u00dfgold in Form des Buchstabens 'P'. Ein anspruchsvolles und modernes Schmuckst\u00fcck - ideal f\u00fcr ein einzigartiges Geschenk. ","_seopress_robots_index":""},"brand":[27089],"product_brand":[],"product_cat":[27343,27121],"product_tag":[],"class_list":{"0":"post-134997","1":"product","2":"type-product","3":"status-publish","4":"has-post-thumbnail","6":"brand-gold-jewellery-de","7":"product_cat-buchstaben-anhanger","8":"product_cat-schmuck","9":"pa_dimensions-5-x-5-mm","10":"pa_garantie-12monate","11":"pa_genre-frau","12":"pa_genre-kind","13":"pa_genre-mann","14":"pa_matiere-75018ktweissgold","15":"pa_motif-buchstaben","16":"sales-flash-overlay","17":"woocommerce-text-align-center","18":"woocommerce-image-align-center","19":"do-quantity-buttons","21":"first","22":"instock","23":"taxable","24":"shipping-taxable","25":"purchasable","26":"product-type-simple"},"acf":[],"_links":{"self":[{"href":"https:\/\/lediamant.ch\/de\/wp-json\/wp\/v2\/product\/134997","targetHints":{"allow":["GET"]}}],"collection":[{"href":"https:\/\/lediamant.ch\/de\/wp-json\/wp\/v2\/product"}],"about":[{"href":"https:\/\/lediamant.ch\/de\/wp-json\/wp\/v2\/types\/product"}],"wp:featuredmedia":[{"embeddable":true,"href":"https:\/\/lediamant.ch\/de\/wp-json\/wp\/v2\/media\/134995"}],"wp:attachment":[{"href":"https:\/\/lediamant.ch\/de\/wp-json\/wp\/v2\/media?parent=134997"}],"wp:term":[{"taxonomy":"brand","embeddable":true,"href":"https:\/\/lediamant.ch\/de\/wp-json\/wp\/v2\/brand?post=134997"},{"taxonomy":"product_brand","embeddable":true,"href":"https:\/\/lediamant.ch\/de\/wp-json\/wp\/v2\/product_brand?post=134997"},{"taxonomy":"product_cat","embeddable":true,"href":"https:\/\/lediamant.ch\/de\/wp-json\/wp\/v2\/product_cat?post=134997"},{"taxonomy":"product_tag","embeddable":true,"href":"https:\/\/lediamant.ch\/de\/wp-json\/wp\/v2\/product_tag?post=134997"}],"curies":[{"name":"wp","href":"https:\/\/api.w.org\/{rel}","templated":true}]}}