{"id":135009,"date":"2020-03-17T07:46:02","date_gmt":"2020-03-17T06:46:02","guid":{"rendered":"https:\/\/lediamant.ch\/produit\/schmuck-de\/anhanger-de\/anhaenger-buchstabe-de\/pendentif-lettre-t-or-blanc-75018-ct\/"},"modified":"2026-03-07T12:11:51","modified_gmt":"2026-03-07T11:11:51","slug":"pendentif-lettre-t-or-blanc-75018-ct","status":"publish","type":"product","link":"https:\/\/lediamant.ch\/de\/schmuck\/135009-pendentif-lettre-t-or-blanc-75018-ct\/","title":{"rendered":"Anh\u00e4nger Buchstabe T aus Wei\u00dfgold 750\/18 ct."},"content":{"rendered":"<p>Entdecken Sie unseren Anh\u00e4nger Buchstabe T, ein elegantes und raffiniertes Schmuckst\u00fcck. Dieses Schmuckst\u00fcck ist aus 750\/18 ct Wei\u00dfgold gefertigt und gl\u00e4nzt durch seine Schlichtheit und Raffinesse. Die zarte Form des Buchstabens &#8218;T&#8216; macht ihn zum idealen Geschenk oder um Ihre Initialen stolz zur Schau zu stellen. Mit seinem modernen und minimalistischen Design kann dieser Anh\u00e4nger allein f\u00fcr einen klaren Look oder in Kombination mit anderen Schmuckst\u00fccken f\u00fcr einen gewagteren Stil getragen werden.   <\/p>\n","protected":false},"excerpt":{"rendered":"<p>Entdecken Sie unseren Anh\u00e4nger Buchstabe T, ein elegantes und raffiniertes Schmuckst\u00fcck. Dieses Schmuckst\u00fcck ist aus 750\/18 ct Wei\u00dfgold gefertigt und gl\u00e4nzt durch seine Schlichtheit und Raffinesse. Die zarte Form des Buchstabens &#8218;T&#8216; macht ihn zum idealen Geschenk oder um Ihre Initialen stolz zur Schau zu stellen. Mit seinem modernen und minimalistischen Design kann dieser Anh\u00e4nger &#8230; <a title=\"Anh\u00e4nger Buchstabe T aus Wei\u00dfgold 750\/18 ct.\" class=\"read-more\" href=\"https:\/\/lediamant.ch\/de\/schmuck\/135009-pendentif-lettre-t-or-blanc-75018-ct\/\" aria-label=\"Mehr Informationen \u00fcber Anh\u00e4nger Buchstabe T aus Wei\u00dfgold 750\/18 ct.\">Weiterlesen &#8230;<\/a><\/p>\n","protected":false},"featured_media":135007,"template":"","meta":{"_acf_changed":false,"_seopress_robots_primary_cat":"27342","_seopress_titles_title":"","_seopress_titles_desc":"Entdecken Sie die Eleganz des Anh\u00e4ngers Buchstabe T aus 750\/18 ct Wei\u00dfgold, der sich perfekt f\u00fcr ein pers\u00f6nliches Geschenk oder einen gewagten Stil eignet.","_seopress_robots_index":""},"brand":[27089],"product_brand":[],"product_cat":[27155,27343,27121],"product_tag":[],"class_list":{"0":"post-135009","1":"product","2":"type-product","3":"status-publish","4":"has-post-thumbnail","6":"brand-gold-jewellery-de","7":"product_cat-anhanger","8":"product_cat-buchstaben-anhanger","9":"product_cat-schmuck","10":"pa_dimensions-6-x-6-mm-de","11":"pa_garantie-12monate","12":"pa_genre-frau","13":"pa_genre-kind","14":"pa_genre-mann","15":"pa_matiere-75018ktweissgold","16":"pa_motif-buchstaben","17":"sales-flash-overlay","18":"woocommerce-text-align-center","19":"woocommerce-image-align-center","20":"do-quantity-buttons","22":"first","23":"instock","24":"taxable","25":"shipping-taxable","26":"purchasable","27":"product-type-simple"},"acf":[],"_links":{"self":[{"href":"https:\/\/lediamant.ch\/de\/wp-json\/wp\/v2\/product\/135009","targetHints":{"allow":["GET"]}}],"collection":[{"href":"https:\/\/lediamant.ch\/de\/wp-json\/wp\/v2\/product"}],"about":[{"href":"https:\/\/lediamant.ch\/de\/wp-json\/wp\/v2\/types\/product"}],"wp:featuredmedia":[{"embeddable":true,"href":"https:\/\/lediamant.ch\/de\/wp-json\/wp\/v2\/media\/135007"}],"wp:attachment":[{"href":"https:\/\/lediamant.ch\/de\/wp-json\/wp\/v2\/media?parent=135009"}],"wp:term":[{"taxonomy":"brand","embeddable":true,"href":"https:\/\/lediamant.ch\/de\/wp-json\/wp\/v2\/brand?post=135009"},{"taxonomy":"product_brand","embeddable":true,"href":"https:\/\/lediamant.ch\/de\/wp-json\/wp\/v2\/product_brand?post=135009"},{"taxonomy":"product_cat","embeddable":true,"href":"https:\/\/lediamant.ch\/de\/wp-json\/wp\/v2\/product_cat?post=135009"},{"taxonomy":"product_tag","embeddable":true,"href":"https:\/\/lediamant.ch\/de\/wp-json\/wp\/v2\/product_tag?post=135009"}],"curies":[{"name":"wp","href":"https:\/\/api.w.org\/{rel}","templated":true}]}}