{"id":135021,"date":"2020-03-17T07:46:12","date_gmt":"2020-03-17T06:46:12","guid":{"rendered":"https:\/\/lediamant.ch\/produit\/schmuck-de\/anhanger-de\/anhaenger-buchstabe-de\/anhaenger-buchstabe-w-weissgold-75018-kt\/"},"modified":"2025-05-08T16:44:14","modified_gmt":"2025-05-08T14:44:14","slug":"pendentif-lettre-w-or-blanc-75018-ct","status":"publish","type":"product","link":"https:\/\/lediamant.ch\/de\/schmuck\/135021-anhaenger-buchstabe-w-weissgold-75018-kt\/","title":{"rendered":"Anh\u00e4nger Buchstabe W Wei\u00dfgold 750\/18 ct."},"content":{"rendered":"<p>Dieser Anh\u00e4nger in Form des Buchstabens &#8222;W&#8220; ist ein Schmuckst\u00fcck von zeitloser Eleganz. Er wurde aus 750\/18 ct Wei\u00dfgold gefertigt und erstrahlt in einem luxuri\u00f6sen Glanz. Der Buchstabe &#8222;W&#8220; ist fein gezeichnet und bietet ein anspruchsvolles, minimalistisches Design. Dieser Anh\u00e4nger ist ein perfektes Geschenk f\u00fcr eine besondere Person, deren Vorname, Nachname oder Spitzname mit &#8222;W&#8220; beginnt. Er kann auch ein bedeutungsvolles Wort in Ihrem Leben darstellen. F\u00fcgen Sie Ihrer Schmucksammlung mit diesem Anh\u00e4nger mit dem Buchstaben &#8222;W&#8220; aus Wei\u00dfgold eine pers\u00f6nliche Note hinzu.<\/p>\n","protected":false},"excerpt":{"rendered":"<p>Dieser Anh\u00e4nger in Form des Buchstabens &#8222;W&#8220; ist ein Schmuckst\u00fcck von zeitloser Eleganz. Er wurde aus 750\/18 ct Wei\u00dfgold gefertigt und erstrahlt in einem luxuri\u00f6sen Glanz. Der Buchstabe &#8222;W&#8220; ist fein gezeichnet und bietet ein anspruchsvolles, minimalistisches Design. Dieser Anh\u00e4nger ist ein perfektes Geschenk f\u00fcr eine besondere Person, deren Vorname, Nachname oder Spitzname mit &#8222;W&#8220; &#8230; <a title=\"Anh\u00e4nger Buchstabe W Wei\u00dfgold 750\/18 ct.\" class=\"read-more\" href=\"https:\/\/lediamant.ch\/de\/schmuck\/135021-anhaenger-buchstabe-w-weissgold-75018-kt\/\" aria-label=\"Mehr Informationen \u00fcber Anh\u00e4nger Buchstabe W Wei\u00dfgold 750\/18 ct.\">Weiterlesen &#8230;<\/a><\/p>\n","protected":false},"featured_media":135019,"template":"","meta":{"_acf_changed":false,"_seopress_robots_primary_cat":"27343","_seopress_titles_title":"","_seopress_titles_desc":"Entdecken Sie den Charme unseres Wei\u00dfgold-Anh\u00e4ngers in Form des Buchstabens 'W'. Ein zeitlos elegantes Geschenk voller Bedeutung.","_seopress_robots_index":""},"brand":[27089],"product_brand":[],"product_cat":[27155,27343,27121],"product_tag":[],"class_list":{"0":"post-135021","1":"product","2":"type-product","3":"status-publish","4":"has-post-thumbnail","6":"brand-gold-jewellery-de","7":"product_cat-anhanger","8":"product_cat-buchstaben-anhanger","9":"product_cat-schmuck","10":"pa_dimensions-9-x-6-mm","11":"pa_garantie-12monate","12":"pa_genre-frau","13":"pa_genre-kind","14":"pa_genre-mann","15":"pa_matiere-75018ktweissgold","16":"pa_motif-buchstaben","17":"sales-flash-overlay","18":"woocommerce-text-align-center","19":"woocommerce-image-align-center","20":"do-quantity-buttons","22":"first","23":"instock","24":"taxable","25":"shipping-taxable","26":"purchasable","27":"product-type-simple"},"acf":[],"_links":{"self":[{"href":"https:\/\/lediamant.ch\/de\/wp-json\/wp\/v2\/product\/135021","targetHints":{"allow":["GET"]}}],"collection":[{"href":"https:\/\/lediamant.ch\/de\/wp-json\/wp\/v2\/product"}],"about":[{"href":"https:\/\/lediamant.ch\/de\/wp-json\/wp\/v2\/types\/product"}],"wp:featuredmedia":[{"embeddable":true,"href":"https:\/\/lediamant.ch\/de\/wp-json\/wp\/v2\/media\/135019"}],"wp:attachment":[{"href":"https:\/\/lediamant.ch\/de\/wp-json\/wp\/v2\/media?parent=135021"}],"wp:term":[{"taxonomy":"brand","embeddable":true,"href":"https:\/\/lediamant.ch\/de\/wp-json\/wp\/v2\/brand?post=135021"},{"taxonomy":"product_brand","embeddable":true,"href":"https:\/\/lediamant.ch\/de\/wp-json\/wp\/v2\/product_brand?post=135021"},{"taxonomy":"product_cat","embeddable":true,"href":"https:\/\/lediamant.ch\/de\/wp-json\/wp\/v2\/product_cat?post=135021"},{"taxonomy":"product_tag","embeddable":true,"href":"https:\/\/lediamant.ch\/de\/wp-json\/wp\/v2\/product_tag?post=135021"}],"curies":[{"name":"wp","href":"https:\/\/api.w.org\/{rel}","templated":true}]}}