{"id":135029,"date":"2020-03-17T07:46:12","date_gmt":"2020-03-17T06:46:12","guid":{"rendered":"https:\/\/lediamant.ch\/produit\/schmuck-de\/anhanger-de\/anhaenger-buchstabe-de\/anhaenger-buchstabe-z-weissgold-75018-kt\/"},"modified":"2026-03-07T11:41:40","modified_gmt":"2026-03-07T10:41:40","slug":"pendentif-lettre-z-or-blanc-75018-ct","status":"publish","type":"product","link":"https:\/\/lediamant.ch\/de\/schmuck\/135029-anhaenger-buchstabe-z-weissgold-75018-kt\/","title":{"rendered":"Anh\u00e4nger Buchstabe Z aus Wei\u00dfgold 750\/18 ct."},"content":{"rendered":"<p>Dieser zarte Anh\u00e4nger in Form des Buchstabens &#8218;Z&#8216; ist aus 750\/18 ct Wei\u00dfgold gefertigt, das f\u00fcr Luxus und Eleganz steht. Sein minimalistisches und raffiniertes Design macht ihn zur perfekten Wahl f\u00fcr alle, die Schlichtheit und Stil zu sch\u00e4tzen wissen. Ob Sie einen besonderen Brief in der N\u00e4he Ihres Herzens aufbewahren m\u00f6chten oder einfach Ihrem t\u00e4glichen Outfit eine pers\u00f6nliche Note verleihen m\u00f6chten, dieser Anh\u00e4nger ist eine ausgezeichnete Wahl. Er eignet sich auch hervorragend als bedeutungsvolles Geschenk f\u00fcr einen geliebten Menschen.   <\/p>\n","protected":false},"excerpt":{"rendered":"<p>Dieser zarte Anh\u00e4nger in Form des Buchstabens &#8218;Z&#8216; ist aus 750\/18 ct Wei\u00dfgold gefertigt, das f\u00fcr Luxus und Eleganz steht. Sein minimalistisches und raffiniertes Design macht ihn zur perfekten Wahl f\u00fcr alle, die Schlichtheit und Stil zu sch\u00e4tzen wissen. Ob Sie einen besonderen Brief in der N\u00e4he Ihres Herzens aufbewahren m\u00f6chten oder einfach Ihrem t\u00e4glichen &#8230; <a title=\"Anh\u00e4nger Buchstabe Z aus Wei\u00dfgold 750\/18 ct.\" class=\"read-more\" href=\"https:\/\/lediamant.ch\/de\/schmuck\/135029-anhaenger-buchstabe-z-weissgold-75018-kt\/\" aria-label=\"Mehr Informationen \u00fcber Anh\u00e4nger Buchstabe Z aus Wei\u00dfgold 750\/18 ct.\">Weiterlesen &#8230;<\/a><\/p>\n","protected":false},"featured_media":135027,"template":"","meta":{"_acf_changed":false,"_seopress_robots_primary_cat":"27342","_seopress_titles_title":"","_seopress_titles_desc":"Entdecken Sie die Eleganz des Anh\u00e4ngers in Form des Buchstabens 'Z' aus 18 Karat Wei\u00dfgold. Ein Symbol f\u00fcr Luxus, perfekt f\u00fcr ein Geschenk oder f\u00fcr sich selbst. ","_seopress_robots_index":""},"brand":[27089],"product_brand":[],"product_cat":[27121,27155,27343],"product_tag":[],"class_list":{"0":"post-135029","1":"product","2":"type-product","3":"status-publish","4":"has-post-thumbnail","6":"brand-gold-jewellery-de","7":"product_cat-schmuck","8":"product_cat-anhanger","9":"product_cat-buchstaben-anhanger","10":"pa_dimensions-6-x-6mm-de","11":"pa_garantie-12monate","12":"pa_genre-frau","13":"pa_genre-kind","14":"pa_genre-mann","15":"pa_matiere-75018ktweissgold","16":"pa_motif-buchstaben","17":"sales-flash-overlay","18":"woocommerce-text-align-center","19":"woocommerce-image-align-center","20":"do-quantity-buttons","22":"first","23":"instock","24":"taxable","25":"shipping-taxable","26":"purchasable","27":"product-type-simple"},"acf":[],"_links":{"self":[{"href":"https:\/\/lediamant.ch\/de\/wp-json\/wp\/v2\/product\/135029","targetHints":{"allow":["GET"]}}],"collection":[{"href":"https:\/\/lediamant.ch\/de\/wp-json\/wp\/v2\/product"}],"about":[{"href":"https:\/\/lediamant.ch\/de\/wp-json\/wp\/v2\/types\/product"}],"wp:featuredmedia":[{"embeddable":true,"href":"https:\/\/lediamant.ch\/de\/wp-json\/wp\/v2\/media\/135027"}],"wp:attachment":[{"href":"https:\/\/lediamant.ch\/de\/wp-json\/wp\/v2\/media?parent=135029"}],"wp:term":[{"taxonomy":"brand","embeddable":true,"href":"https:\/\/lediamant.ch\/de\/wp-json\/wp\/v2\/brand?post=135029"},{"taxonomy":"product_brand","embeddable":true,"href":"https:\/\/lediamant.ch\/de\/wp-json\/wp\/v2\/product_brand?post=135029"},{"taxonomy":"product_cat","embeddable":true,"href":"https:\/\/lediamant.ch\/de\/wp-json\/wp\/v2\/product_cat?post=135029"},{"taxonomy":"product_tag","embeddable":true,"href":"https:\/\/lediamant.ch\/de\/wp-json\/wp\/v2\/product_tag?post=135029"}],"curies":[{"name":"wp","href":"https:\/\/api.w.org\/{rel}","templated":true}]}}