{"id":135033,"date":"2020-03-17T07:46:12","date_gmt":"2020-03-17T06:46:12","guid":{"rendered":"https:\/\/lediamant.ch\/produit\/schmuck-de\/anhanger-de\/anhaenger-buchstabe-de\/anhaenger-buchstabe-a-75018-kt-gelbgold-2\/"},"modified":"2025-05-08T17:58:15","modified_gmt":"2025-05-08T15:58:15","slug":"pendentif-lettre-a-or-jaune-75018-ct-3","status":"publish","type":"product","link":"https:\/\/lediamant.ch\/de\/schmuck\/135033-anhaenger-buchstabe-a-75018-kt-gelbgold-2\/","title":{"rendered":"Anh\u00e4nger Buchstabe A Gelbgold 750\/18 kt."},"content":{"rendered":"<p>Dieser elegante Anh\u00e4nger in Form des Buchstabens &#8222;A&#8220; ist die perfekte Wahl, um Ihrer Schmucksammlung eine pers\u00f6nliche Note zu verleihen. Hergestellt aus hochwertigem 750\/18 ct Gelbgold, ist dieses Schmuckst\u00fcck sowohl zart als auch langlebig. Mit seinem klassischen Design l\u00e4sst er sich leicht zu jedem Outfit kombinieren, sei es zu einem formellen oder einem legeren Anlass. Dieser Anh\u00e4nger ist auch eine wunderbare Geschenkidee f\u00fcr einen geliebten Menschen. Verleihen Sie Ihrem Stil einen Hauch von Raffinesse mit diesem Anh\u00e4nger mit dem Buchstaben &#8222;A&#8220; aus Gelbgold.<\/p>\n","protected":false},"excerpt":{"rendered":"<p>Dieser elegante Anh\u00e4nger in Form des Buchstabens &#8222;A&#8220; ist die perfekte Wahl, um Ihrer Schmucksammlung eine pers\u00f6nliche Note zu verleihen. Hergestellt aus hochwertigem 750\/18 ct Gelbgold, ist dieses Schmuckst\u00fcck sowohl zart als auch langlebig. Mit seinem klassischen Design l\u00e4sst er sich leicht zu jedem Outfit kombinieren, sei es zu einem formellen oder einem legeren Anlass. &#8230; <a title=\"Anh\u00e4nger Buchstabe A Gelbgold 750\/18 kt.\" class=\"read-more\" href=\"https:\/\/lediamant.ch\/de\/schmuck\/135033-anhaenger-buchstabe-a-75018-kt-gelbgold-2\/\" aria-label=\"Mehr Informationen \u00fcber Anh\u00e4nger Buchstabe A Gelbgold 750\/18 kt.\">Weiterlesen &#8230;<\/a><\/p>\n","protected":false},"featured_media":135031,"template":"","meta":{"_acf_changed":false,"_seopress_robots_primary_cat":"27343","_seopress_titles_title":"","_seopress_titles_desc":"Entdecken Sie unseren Anh\u00e4nger in Form des Buchstaben 'A' aus 750\/18 ct Gelbgold f\u00fcr einen stilvollen Akzent zu jedem Anlass.","_seopress_robots_index":""},"brand":[27089],"product_brand":[],"product_cat":[42331,27343,27121],"product_tag":[],"class_list":{"0":"post-135033","1":"product","2":"type-product","3":"status-publish","4":"has-post-thumbnail","6":"brand-gold-jewellery-de","7":"product_cat-a","8":"product_cat-buchstaben-anhanger","9":"product_cat-schmuck","10":"pa_dimensions-14-x-13-mm","11":"pa_garantie-12monate","12":"pa_genre-frau","13":"pa_genre-kind","14":"pa_genre-mann","15":"pa_matiere-75018ktgelbgold","16":"pa_motif-buchstaben","17":"sales-flash-overlay","18":"woocommerce-text-align-center","19":"woocommerce-image-align-center","20":"do-quantity-buttons","22":"first","23":"instock","24":"taxable","25":"shipping-taxable","26":"purchasable","27":"product-type-simple"},"acf":[],"_links":{"self":[{"href":"https:\/\/lediamant.ch\/de\/wp-json\/wp\/v2\/product\/135033","targetHints":{"allow":["GET"]}}],"collection":[{"href":"https:\/\/lediamant.ch\/de\/wp-json\/wp\/v2\/product"}],"about":[{"href":"https:\/\/lediamant.ch\/de\/wp-json\/wp\/v2\/types\/product"}],"wp:featuredmedia":[{"embeddable":true,"href":"https:\/\/lediamant.ch\/de\/wp-json\/wp\/v2\/media\/135031"}],"wp:attachment":[{"href":"https:\/\/lediamant.ch\/de\/wp-json\/wp\/v2\/media?parent=135033"}],"wp:term":[{"taxonomy":"brand","embeddable":true,"href":"https:\/\/lediamant.ch\/de\/wp-json\/wp\/v2\/brand?post=135033"},{"taxonomy":"product_brand","embeddable":true,"href":"https:\/\/lediamant.ch\/de\/wp-json\/wp\/v2\/product_brand?post=135033"},{"taxonomy":"product_cat","embeddable":true,"href":"https:\/\/lediamant.ch\/de\/wp-json\/wp\/v2\/product_cat?post=135033"},{"taxonomy":"product_tag","embeddable":true,"href":"https:\/\/lediamant.ch\/de\/wp-json\/wp\/v2\/product_tag?post=135033"}],"curies":[{"name":"wp","href":"https:\/\/api.w.org\/{rel}","templated":true}]}}