{"id":135037,"date":"2020-03-17T07:46:22","date_gmt":"2020-03-17T06:46:22","guid":{"rendered":"https:\/\/lediamant.ch\/produit\/schmuck-de\/anhanger-de\/anhaenger-buchstabe-de\/anhaenger-buchstabe-b-75018-kt-gelbgold\/"},"modified":"2025-05-09T15:26:50","modified_gmt":"2025-05-09T13:26:50","slug":"pendentif-lettre-b-or-jaune-75018-ct-2","status":"publish","type":"product","link":"https:\/\/lediamant.ch\/de\/schmuck\/135037-anhaenger-buchstabe-b-75018-kt-gelbgold\/","title":{"rendered":"Anh\u00e4nger Buchstabe B Gelbgold 750\/18 kt."},"content":{"rendered":"<p>Dieser bezaubernde Anh\u00e4nger in Form des Buchstabens &#8222;B&#8220; ist zart aus 750\/18 Karat Gelbgold gefertigt und verleiht ihm einen au\u00dfergew\u00f6hnlichen Glanz. Sein minimalistisches und elegantes Design macht ihn zur perfekten Wahl f\u00fcr den t\u00e4glichen Gebrauch oder f\u00fcr einen besonderen Anlass. Er kann allein f\u00fcr ein dezentes Statement getragen oder mit anderen Anh\u00e4ngern f\u00fcr einen gewagten Look kombiniert werden. Ein perfektes Geschenk f\u00fcr sich selbst oder f\u00fcr einen geliebten Menschen.<\/p>\n","protected":false},"excerpt":{"rendered":"<p>Dieser bezaubernde Anh\u00e4nger in Form des Buchstabens &#8222;B&#8220; ist zart aus 750\/18 Karat Gelbgold gefertigt und verleiht ihm einen au\u00dfergew\u00f6hnlichen Glanz. Sein minimalistisches und elegantes Design macht ihn zur perfekten Wahl f\u00fcr den t\u00e4glichen Gebrauch oder f\u00fcr einen besonderen Anlass. Er kann allein f\u00fcr ein dezentes Statement getragen oder mit anderen Anh\u00e4ngern f\u00fcr einen gewagten &#8230; <a title=\"Anh\u00e4nger Buchstabe B Gelbgold 750\/18 kt.\" class=\"read-more\" href=\"https:\/\/lediamant.ch\/de\/schmuck\/135037-anhaenger-buchstabe-b-75018-kt-gelbgold\/\" aria-label=\"Mehr Informationen \u00fcber Anh\u00e4nger Buchstabe B Gelbgold 750\/18 kt.\">Weiterlesen &#8230;<\/a><\/p>\n","protected":false},"featured_media":135035,"template":"","meta":{"_acf_changed":false,"_seopress_robots_primary_cat":"27343","_seopress_titles_title":"","_seopress_titles_desc":"Entdecken Sie unseren Anh\u00e4nger in Form des Buchstabens 'B', aus 750\/18 Karat Gelbgold f\u00fcr t\u00e4glichen Glanz. Ideal als Geschenk!","_seopress_robots_index":""},"brand":[27089],"product_brand":[],"product_cat":[42332,27343,27121],"product_tag":[],"class_list":{"0":"post-135037","1":"product","2":"type-product","3":"status-publish","4":"has-post-thumbnail","6":"brand-gold-jewellery-de","7":"product_cat-b","8":"product_cat-buchstaben-anhanger","9":"product_cat-schmuck","10":"pa_dimensions-11-x-13-mm","11":"pa_garantie-12monate","12":"pa_genre-frau","13":"pa_genre-kind","14":"pa_genre-mann","15":"pa_matiere-75018ktgelbgold","16":"pa_motif-buchstaben","17":"sales-flash-overlay","18":"woocommerce-text-align-center","19":"woocommerce-image-align-center","20":"do-quantity-buttons","22":"first","23":"instock","24":"taxable","25":"shipping-taxable","26":"purchasable","27":"product-type-simple"},"acf":[],"_links":{"self":[{"href":"https:\/\/lediamant.ch\/de\/wp-json\/wp\/v2\/product\/135037","targetHints":{"allow":["GET"]}}],"collection":[{"href":"https:\/\/lediamant.ch\/de\/wp-json\/wp\/v2\/product"}],"about":[{"href":"https:\/\/lediamant.ch\/de\/wp-json\/wp\/v2\/types\/product"}],"wp:featuredmedia":[{"embeddable":true,"href":"https:\/\/lediamant.ch\/de\/wp-json\/wp\/v2\/media\/135035"}],"wp:attachment":[{"href":"https:\/\/lediamant.ch\/de\/wp-json\/wp\/v2\/media?parent=135037"}],"wp:term":[{"taxonomy":"brand","embeddable":true,"href":"https:\/\/lediamant.ch\/de\/wp-json\/wp\/v2\/brand?post=135037"},{"taxonomy":"product_brand","embeddable":true,"href":"https:\/\/lediamant.ch\/de\/wp-json\/wp\/v2\/product_brand?post=135037"},{"taxonomy":"product_cat","embeddable":true,"href":"https:\/\/lediamant.ch\/de\/wp-json\/wp\/v2\/product_cat?post=135037"},{"taxonomy":"product_tag","embeddable":true,"href":"https:\/\/lediamant.ch\/de\/wp-json\/wp\/v2\/product_tag?post=135037"}],"curies":[{"name":"wp","href":"https:\/\/api.w.org\/{rel}","templated":true}]}}