{"id":135041,"date":"2020-03-17T07:46:22","date_gmt":"2020-03-17T06:46:22","guid":{"rendered":"https:\/\/lediamant.ch\/produit\/schmuck-de\/anhanger-de\/anhaenger-buchstabe-de\/anhaenger-buchstabe-c-75018-kt-gelbgold-2\/"},"modified":"2026-03-07T11:09:31","modified_gmt":"2026-03-07T10:09:31","slug":"pendentif-lettre-c-or-jaune-75018-ct-2","status":"publish","type":"product","link":"https:\/\/lediamant.ch\/de\/schmuck\/135041-anhaenger-buchstabe-c-75018-kt-gelbgold-2\/","title":{"rendered":"Anh\u00e4nger Buchstabe C Gelbgold 750\/18 ct."},"content":{"rendered":"<p>Dieser elegante Anh\u00e4nger in Form des Buchstabens &#8222;C&#8220; ist aus feinstem 750\/18 ct Gelbgold gefertigt und bietet einen au\u00dfergew\u00f6hnlichen Glanz und Haltbarkeit. Sein zartes und minimalistisches Design macht ihn zu einer perfekten Wahl f\u00fcr den t\u00e4glichen Gebrauch oder um Ihrem besonderen Outfit einen Hauch von Raffinesse zu verleihen. Er kann auch als sentimentales Geschenk f\u00fcr einen geliebten Menschen dienen, indem er die Initiale symbolisiert. Das hochwertige Gelbgold verleiht diesem Schmuckst\u00fcck eine klassische W\u00e4rme und macht es zeitlos und attraktiv f\u00fcr jedes Alter und jeden Stil.   <\/p>\n","protected":false},"excerpt":{"rendered":"<p>Dieser elegante Anh\u00e4nger in Form des Buchstabens &#8222;C&#8220; ist aus feinstem 750\/18 ct Gelbgold gefertigt und bietet einen au\u00dfergew\u00f6hnlichen Glanz und Haltbarkeit. Sein zartes und minimalistisches Design macht ihn zu einer perfekten Wahl f\u00fcr den t\u00e4glichen Gebrauch oder um Ihrem besonderen Outfit einen Hauch von Raffinesse zu verleihen. Er kann auch als sentimentales Geschenk f\u00fcr &#8230; <a title=\"Anh\u00e4nger Buchstabe C Gelbgold 750\/18 ct.\" class=\"read-more\" href=\"https:\/\/lediamant.ch\/de\/schmuck\/135041-anhaenger-buchstabe-c-75018-kt-gelbgold-2\/\" aria-label=\"Mehr Informationen \u00fcber Anh\u00e4nger Buchstabe C Gelbgold 750\/18 ct.\">Weiterlesen &#8230;<\/a><\/p>\n","protected":false},"featured_media":135039,"template":"","meta":{"_acf_changed":false,"_seopress_robots_primary_cat":"27342","_seopress_titles_title":"","_seopress_titles_desc":"Entdecken Sie den Glanz und die Feinheit unseres Anh\u00e4ngers aus 18 Karat Gelbgold in Form eines 'C'. Perfekt f\u00fcr den t\u00e4glichen Gebrauch oder als sentimentales Geschenk. ","_seopress_robots_index":""},"brand":[27089],"product_brand":[],"product_cat":[27155,27343,27121],"product_tag":[],"class_list":{"0":"post-135041","1":"product","2":"type-product","3":"status-publish","4":"has-post-thumbnail","6":"brand-gold-jewellery-de","7":"product_cat-anhanger","8":"product_cat-buchstaben-anhanger","9":"product_cat-schmuck","10":"pa_dimensions-9-x-13-mm","11":"pa_garantie-12monate","12":"pa_genre-frau","13":"pa_genre-kind","14":"pa_genre-mann","15":"pa_matiere-75018ktgelbgold","16":"pa_motif-buchstaben","17":"sales-flash-overlay","18":"woocommerce-text-align-center","19":"woocommerce-image-align-center","20":"do-quantity-buttons","22":"first","23":"instock","24":"taxable","25":"shipping-taxable","26":"purchasable","27":"product-type-simple"},"acf":[],"_links":{"self":[{"href":"https:\/\/lediamant.ch\/de\/wp-json\/wp\/v2\/product\/135041","targetHints":{"allow":["GET"]}}],"collection":[{"href":"https:\/\/lediamant.ch\/de\/wp-json\/wp\/v2\/product"}],"about":[{"href":"https:\/\/lediamant.ch\/de\/wp-json\/wp\/v2\/types\/product"}],"wp:featuredmedia":[{"embeddable":true,"href":"https:\/\/lediamant.ch\/de\/wp-json\/wp\/v2\/media\/135039"}],"wp:attachment":[{"href":"https:\/\/lediamant.ch\/de\/wp-json\/wp\/v2\/media?parent=135041"}],"wp:term":[{"taxonomy":"brand","embeddable":true,"href":"https:\/\/lediamant.ch\/de\/wp-json\/wp\/v2\/brand?post=135041"},{"taxonomy":"product_brand","embeddable":true,"href":"https:\/\/lediamant.ch\/de\/wp-json\/wp\/v2\/product_brand?post=135041"},{"taxonomy":"product_cat","embeddable":true,"href":"https:\/\/lediamant.ch\/de\/wp-json\/wp\/v2\/product_cat?post=135041"},{"taxonomy":"product_tag","embeddable":true,"href":"https:\/\/lediamant.ch\/de\/wp-json\/wp\/v2\/product_tag?post=135041"}],"curies":[{"name":"wp","href":"https:\/\/api.w.org\/{rel}","templated":true}]}}