{"id":135045,"date":"2020-03-17T07:46:22","date_gmt":"2020-03-17T06:46:22","guid":{"rendered":"https:\/\/lediamant.ch\/produit\/schmuck-de\/anhanger-de\/anhaenger-buchstabe-de\/anhaenger-buchstabe-d-75018-kt-gelbgold-2\/"},"modified":"2025-05-09T17:28:46","modified_gmt":"2025-05-09T15:28:46","slug":"pendentif-lettre-d-or-jaune-75018-ct-3","status":"publish","type":"product","link":"https:\/\/lediamant.ch\/de\/schmuck\/135045-anhaenger-buchstabe-d-75018-kt-gelbgold-2\/","title":{"rendered":"Anh\u00e4nger Buchstabe D Gelbgold 750\/18 kt"},"content":{"rendered":"<p>Dieser elegante Anh\u00e4nger in Form des Buchstabens &#8222;D&#8220; wurde sorgf\u00e4ltig aus 750\/18 kt Gelbgold gefertigt und verleiht Ihrem allt\u00e4glichen Stil einen Hauch von Luxus. Sein zartes, minimalistisches Design macht ihn perfekt f\u00fcr den t\u00e4glichen Gebrauch oder f\u00fcr besondere Anl\u00e4sse. Dieses einzigartige Schmuckst\u00fcck ist eine schicke und pers\u00f6nliche Art, Ihre Initialen oder die eines geliebten Menschen zu tragen. Es kann allein f\u00fcr einen schlichten Look getragen werden oder in Kombination mit anderen Anh\u00e4ngern f\u00fcr einen gewagteren Stil. Eine perfekte Wahl f\u00fcr ein pers\u00f6nliches und sentimentales Geschenk.<\/p>\n","protected":false},"excerpt":{"rendered":"<p>Dieser elegante Anh\u00e4nger in Form des Buchstabens &#8222;D&#8220; wurde sorgf\u00e4ltig aus 750\/18 kt Gelbgold gefertigt und verleiht Ihrem allt\u00e4glichen Stil einen Hauch von Luxus. Sein zartes, minimalistisches Design macht ihn perfekt f\u00fcr den t\u00e4glichen Gebrauch oder f\u00fcr besondere Anl\u00e4sse. Dieses einzigartige Schmuckst\u00fcck ist eine schicke und pers\u00f6nliche Art, Ihre Initialen oder die eines geliebten Menschen &#8230; <a title=\"Anh\u00e4nger Buchstabe D Gelbgold 750\/18 kt\" class=\"read-more\" href=\"https:\/\/lediamant.ch\/de\/schmuck\/135045-anhaenger-buchstabe-d-75018-kt-gelbgold-2\/\" aria-label=\"Mehr Informationen \u00fcber Anh\u00e4nger Buchstabe D Gelbgold 750\/18 kt\">Weiterlesen &#8230;<\/a><\/p>\n","protected":false},"featured_media":135043,"template":"","meta":{"_acf_changed":false,"_seopress_robots_primary_cat":"27343","_seopress_titles_title":"","_seopress_titles_desc":"","_seopress_robots_index":""},"brand":[27089],"product_brand":[],"product_cat":[27121,27343],"product_tag":[],"class_list":{"0":"post-135045","1":"product","2":"type-product","3":"status-publish","4":"has-post-thumbnail","6":"brand-gold-jewellery-de","7":"product_cat-schmuck","8":"product_cat-buchstaben-anhanger","9":"pa_dimensions-9-x-13-mm","10":"pa_garantie-12monate","11":"pa_genre-frau","12":"pa_genre-kind","13":"pa_genre-mann","14":"pa_matiere-75018ktgelbgold","15":"pa_motif-buchstaben","16":"sales-flash-overlay","17":"woocommerce-text-align-center","18":"woocommerce-image-align-center","19":"do-quantity-buttons","21":"first","22":"instock","23":"taxable","24":"shipping-taxable","25":"purchasable","26":"product-type-simple"},"acf":[],"_links":{"self":[{"href":"https:\/\/lediamant.ch\/de\/wp-json\/wp\/v2\/product\/135045","targetHints":{"allow":["GET"]}}],"collection":[{"href":"https:\/\/lediamant.ch\/de\/wp-json\/wp\/v2\/product"}],"about":[{"href":"https:\/\/lediamant.ch\/de\/wp-json\/wp\/v2\/types\/product"}],"wp:featuredmedia":[{"embeddable":true,"href":"https:\/\/lediamant.ch\/de\/wp-json\/wp\/v2\/media\/135043"}],"wp:attachment":[{"href":"https:\/\/lediamant.ch\/de\/wp-json\/wp\/v2\/media?parent=135045"}],"wp:term":[{"taxonomy":"brand","embeddable":true,"href":"https:\/\/lediamant.ch\/de\/wp-json\/wp\/v2\/brand?post=135045"},{"taxonomy":"product_brand","embeddable":true,"href":"https:\/\/lediamant.ch\/de\/wp-json\/wp\/v2\/product_brand?post=135045"},{"taxonomy":"product_cat","embeddable":true,"href":"https:\/\/lediamant.ch\/de\/wp-json\/wp\/v2\/product_cat?post=135045"},{"taxonomy":"product_tag","embeddable":true,"href":"https:\/\/lediamant.ch\/de\/wp-json\/wp\/v2\/product_tag?post=135045"}],"curies":[{"name":"wp","href":"https:\/\/api.w.org\/{rel}","templated":true}]}}