{"id":135049,"date":"2020-03-17T07:46:22","date_gmt":"2020-03-17T06:46:22","guid":{"rendered":"https:\/\/lediamant.ch\/produit\/schmuck-de\/anhanger-de\/anhaenger-buchstabe-de\/anhaenger-buchstabe-e-75018-kt-gelbgold\/"},"modified":"2026-03-07T11:12:37","modified_gmt":"2026-03-07T10:12:37","slug":"pendentif-lettre-e-or-jaune-75018-ct-3","status":"publish","type":"product","link":"https:\/\/lediamant.ch\/de\/schmuck\/135049-anhaenger-buchstabe-e-75018-kt-gelbgold\/","title":{"rendered":"Anh\u00e4nger Buchstabe E aus Gelbgold 750\/18 ct."},"content":{"rendered":"<p>Dieser wundersch\u00f6ne Anh\u00e4nger in Form des Buchstabens &#8222;E&#8220; ist aus 18 Karat Gelbgold gefertigt und bietet einen dauerhaften Glanz und zeitlose Eleganz. Sein zartes und minimalistisches Design ist perfekt f\u00fcr Liebhaber von dezentem, aber bedeutungsvollem Schmuck. Ob Sie Ihre Initiale oder die eines geliebten Menschen darstellen m\u00f6chten, dieser Anh\u00e4nger ist eine elegante M\u00f6glichkeit, ein pers\u00f6nliches Symbol in der N\u00e4he Ihres Herzens zu tragen. Es handelt sich um ein vielseitiges Schmuckst\u00fcck, das allein getragen werden kann, um einen klaren Look zu erzielen, oder in Kombination mit anderen Schmuckst\u00fccken, um einen gewagteren Effekt zu erzielen. Ein perfektes Geschenk f\u00fcr sich selbst oder einen geliebten Menschen.    <\/p>\n","protected":false},"excerpt":{"rendered":"<p>Dieser wundersch\u00f6ne Anh\u00e4nger in Form des Buchstabens &#8222;E&#8220; ist aus 18 Karat Gelbgold gefertigt und bietet einen dauerhaften Glanz und zeitlose Eleganz. Sein zartes und minimalistisches Design ist perfekt f\u00fcr Liebhaber von dezentem, aber bedeutungsvollem Schmuck. Ob Sie Ihre Initiale oder die eines geliebten Menschen darstellen m\u00f6chten, dieser Anh\u00e4nger ist eine elegante M\u00f6glichkeit, ein pers\u00f6nliches &#8230; <a title=\"Anh\u00e4nger Buchstabe E aus Gelbgold 750\/18 ct.\" class=\"read-more\" href=\"https:\/\/lediamant.ch\/de\/schmuck\/135049-anhaenger-buchstabe-e-75018-kt-gelbgold\/\" aria-label=\"Mehr Informationen \u00fcber Anh\u00e4nger Buchstabe E aus Gelbgold 750\/18 ct.\">Weiterlesen &#8230;<\/a><\/p>\n","protected":false},"featured_media":135047,"template":"","meta":{"_acf_changed":false,"_seopress_robots_primary_cat":"27342","_seopress_titles_title":"","_seopress_titles_desc":"Entdecken Sie die zeitlose Eleganz unseres Anh\u00e4ngers 'E' aus 18 Karat Gold. Perfekt f\u00fcr einen diskreten und pers\u00f6nlichen Stil. Ein ideales Geschenk mit Bedeutung.  ","_seopress_robots_index":""},"brand":[27089],"product_brand":[],"product_cat":[27121,27343],"product_tag":[],"class_list":{"0":"post-135049","1":"product","2":"type-product","3":"status-publish","4":"has-post-thumbnail","6":"brand-gold-jewellery-de","7":"product_cat-schmuck","8":"product_cat-buchstaben-anhanger","9":"pa_dimensions-9-x-13-mm","10":"pa_garantie-12monate","11":"pa_genre-frau","12":"pa_genre-kind","13":"pa_genre-mann","14":"pa_matiere-75018ktgelbgold","15":"pa_motif-buchstaben","16":"sales-flash-overlay","17":"woocommerce-text-align-center","18":"woocommerce-image-align-center","19":"do-quantity-buttons","21":"first","22":"instock","23":"taxable","24":"shipping-taxable","25":"purchasable","26":"product-type-simple"},"acf":[],"_links":{"self":[{"href":"https:\/\/lediamant.ch\/de\/wp-json\/wp\/v2\/product\/135049","targetHints":{"allow":["GET"]}}],"collection":[{"href":"https:\/\/lediamant.ch\/de\/wp-json\/wp\/v2\/product"}],"about":[{"href":"https:\/\/lediamant.ch\/de\/wp-json\/wp\/v2\/types\/product"}],"wp:featuredmedia":[{"embeddable":true,"href":"https:\/\/lediamant.ch\/de\/wp-json\/wp\/v2\/media\/135047"}],"wp:attachment":[{"href":"https:\/\/lediamant.ch\/de\/wp-json\/wp\/v2\/media?parent=135049"}],"wp:term":[{"taxonomy":"brand","embeddable":true,"href":"https:\/\/lediamant.ch\/de\/wp-json\/wp\/v2\/brand?post=135049"},{"taxonomy":"product_brand","embeddable":true,"href":"https:\/\/lediamant.ch\/de\/wp-json\/wp\/v2\/product_brand?post=135049"},{"taxonomy":"product_cat","embeddable":true,"href":"https:\/\/lediamant.ch\/de\/wp-json\/wp\/v2\/product_cat?post=135049"},{"taxonomy":"product_tag","embeddable":true,"href":"https:\/\/lediamant.ch\/de\/wp-json\/wp\/v2\/product_tag?post=135049"}],"curies":[{"name":"wp","href":"https:\/\/api.w.org\/{rel}","templated":true}]}}