{"id":135053,"date":"2020-03-17T07:46:22","date_gmt":"2020-03-17T06:46:22","guid":{"rendered":"https:\/\/lediamant.ch\/produit\/schmuck-de\/anhanger-de\/anhaenger-buchstabe-de\/anhaenger-buchstabe-f-75018-kt-gelbgold-3\/"},"modified":"2025-05-20T18:09:24","modified_gmt":"2025-05-20T16:09:24","slug":"anhaenger-buchstabe-f-gelbgold-750-18-kt","status":"publish","type":"product","link":"https:\/\/lediamant.ch\/de\/schmuck\/135053-anhaenger-buchstabe-f-gelbgold-750-18-kt-1156075770060\/","title":{"rendered":"Anh\u00e4nger Buchstabe F Gelbgold 750\/18 kt."},"content":{"rendered":"<p>Dieser zarte Anh\u00e4nger ist eine k\u00fcnstlerische Darstellung des Buchstabens &#8222;F&#8220;. Er wurde aus 750\/18 ct. Gelbgold gefertigt und erstrahlt in einem warmen und einladenden Glanz. Sein einfaches aber elegantes Design macht ihn ideal f\u00fcr den t\u00e4glichen Gebrauch oder f\u00fcr besondere Anl\u00e4sse. Ob Sie ein pers\u00f6nliches Geschenk suchen oder Ihrer eigenen Schmuckkollektion einen Hauch von Individualit\u00e4t verleihen m\u00f6chten, dieser Gelbgoldanh\u00e4nger ist die perfekte Wahl.<\/p>\n","protected":false},"excerpt":{"rendered":"<p>Dieser zarte Anh\u00e4nger ist eine k\u00fcnstlerische Darstellung des Buchstabens &#8222;F&#8220;. Er wurde aus 750\/18 ct. Gelbgold gefertigt und erstrahlt in einem warmen und einladenden Glanz. Sein einfaches aber elegantes Design macht ihn ideal f\u00fcr den t\u00e4glichen Gebrauch oder f\u00fcr besondere Anl\u00e4sse. Ob Sie ein pers\u00f6nliches Geschenk suchen oder Ihrer eigenen Schmuckkollektion einen Hauch von Individualit\u00e4t &#8230; <a title=\"Anh\u00e4nger Buchstabe F Gelbgold 750\/18 kt.\" class=\"read-more\" href=\"https:\/\/lediamant.ch\/de\/schmuck\/135053-anhaenger-buchstabe-f-gelbgold-750-18-kt-1156075770060\/\" aria-label=\"Mehr Informationen \u00fcber Anh\u00e4nger Buchstabe F Gelbgold 750\/18 kt.\">Weiterlesen &#8230;<\/a><\/p>\n","protected":false},"featured_media":135051,"template":"","meta":{"_acf_changed":false,"_seopress_robots_primary_cat":"27343","_seopress_titles_title":"","_seopress_titles_desc":"Entdecken Sie unseren exquisiten Anh\u00e4nger in Form des Buchstabens F, gefertigt aus 18 kt Gelbgold. Perfekt f\u00fcr jeden Anlass!","_seopress_robots_index":""},"brand":[27089],"product_brand":[],"product_cat":[27155,27343,27121],"product_tag":[],"class_list":{"0":"post-135053","1":"product","2":"type-product","3":"status-publish","4":"has-post-thumbnail","6":"brand-gold-jewellery-de","7":"product_cat-anhanger","8":"product_cat-buchstaben-anhanger","9":"product_cat-schmuck","10":"pa_dimensions-11-x-13-mm","11":"pa_garantie-12monate","12":"pa_genre-frau","13":"pa_genre-kind","14":"pa_genre-mann","15":"pa_matiere-75018ktgelbgold","16":"pa_motif-buchstaben","17":"sales-flash-overlay","18":"woocommerce-text-align-center","19":"woocommerce-image-align-center","20":"do-quantity-buttons","22":"first","23":"instock","24":"taxable","25":"shipping-taxable","26":"purchasable","27":"product-type-simple"},"acf":[],"_links":{"self":[{"href":"https:\/\/lediamant.ch\/de\/wp-json\/wp\/v2\/product\/135053","targetHints":{"allow":["GET"]}}],"collection":[{"href":"https:\/\/lediamant.ch\/de\/wp-json\/wp\/v2\/product"}],"about":[{"href":"https:\/\/lediamant.ch\/de\/wp-json\/wp\/v2\/types\/product"}],"wp:featuredmedia":[{"embeddable":true,"href":"https:\/\/lediamant.ch\/de\/wp-json\/wp\/v2\/media\/135051"}],"wp:attachment":[{"href":"https:\/\/lediamant.ch\/de\/wp-json\/wp\/v2\/media?parent=135053"}],"wp:term":[{"taxonomy":"brand","embeddable":true,"href":"https:\/\/lediamant.ch\/de\/wp-json\/wp\/v2\/brand?post=135053"},{"taxonomy":"product_brand","embeddable":true,"href":"https:\/\/lediamant.ch\/de\/wp-json\/wp\/v2\/product_brand?post=135053"},{"taxonomy":"product_cat","embeddable":true,"href":"https:\/\/lediamant.ch\/de\/wp-json\/wp\/v2\/product_cat?post=135053"},{"taxonomy":"product_tag","embeddable":true,"href":"https:\/\/lediamant.ch\/de\/wp-json\/wp\/v2\/product_tag?post=135053"}],"curies":[{"name":"wp","href":"https:\/\/api.w.org\/{rel}","templated":true}]}}