{"id":135061,"date":"2020-03-17T07:46:31","date_gmt":"2020-03-17T06:46:31","guid":{"rendered":"https:\/\/lediamant.ch\/produit\/schmuck-de\/anhanger-de\/anhaenger-buchstabe-de\/anhaenger-buchstabe-h-75018-kt-gelbgold-3\/"},"modified":"2026-01-28T17:53:11","modified_gmt":"2026-01-28T16:53:11","slug":"pendentif-lettre-h-or-jaune-75018-ct-3","status":"publish","type":"product","link":"https:\/\/lediamant.ch\/de\/schmuck\/135061-anhaenger-buchstabe-h-gelbgold-750-18-kt-115607577\/0080\/","title":{"rendered":"Anh\u00e4nger Buchstabe H aus Gelbgold 750\/18 ct."},"content":{"rendered":"<p>Entdecken Sie unseren wundersch\u00f6nen Anh\u00e4nger &#8222;Buchstabe H&#8220; aus 750\/18 ct Gelbgold. Dieses feine und raffinierte Schmuckst\u00fcck ist perfekt, um Ihrer Sammlung eine pers\u00f6nliche Note zu verleihen. Das elegante Design hebt den Buchstaben &#8222;H&#8220; hervor und macht diesen Anh\u00e4nger ideal f\u00fcr ein pers\u00f6nliches Geschenk. Aus hochwertigem Gelbgold gefertigt, wird dieser Anh\u00e4nger die Zeit \u00fcberdauern und dabei seinen Glanz und seine Brillanz behalten. Ob Sie nun einen geliebten Menschen feiern oder sich selbst eine Freude machen m\u00f6chten, dieser Anh\u00e4nger &#8222;Buchstabe H&#8220; aus Gelbgold ist die perfekte Wahl.    <\/p>\n","protected":false},"excerpt":{"rendered":"<p>Entdecken Sie unseren wundersch\u00f6nen Anh\u00e4nger &#8222;Buchstabe H&#8220; aus 750\/18 ct Gelbgold. Dieses feine und raffinierte Schmuckst\u00fcck ist perfekt, um Ihrer Sammlung eine pers\u00f6nliche Note zu verleihen. Das elegante Design hebt den Buchstaben &#8222;H&#8220; hervor und macht diesen Anh\u00e4nger ideal f\u00fcr ein pers\u00f6nliches Geschenk. Aus hochwertigem Gelbgold gefertigt, wird dieser Anh\u00e4nger die Zeit \u00fcberdauern und dabei &#8230; <a title=\"Anh\u00e4nger Buchstabe H aus Gelbgold 750\/18 ct.\" class=\"read-more\" href=\"https:\/\/lediamant.ch\/de\/schmuck\/135061-anhaenger-buchstabe-h-gelbgold-750-18-kt-115607577\/0080\/\" aria-label=\"Mehr Informationen \u00fcber Anh\u00e4nger Buchstabe H aus Gelbgold 750\/18 ct.\">Weiterlesen &#8230;<\/a><\/p>\n","protected":false},"featured_media":135059,"template":"","meta":{"_acf_changed":false,"_seopress_robots_primary_cat":"27342","_seopress_titles_title":"","_seopress_titles_desc":"Unterstreichen Sie Ihren Stil mit unserem Anh\u00e4nger 'Buchstabe H' aus 18 Karat Gelbgold, ein einzigartiges und raffiniertes Geschenk f\u00fcr eine dauerhafte pers\u00f6nliche Note.","_seopress_robots_index":""},"brand":[27089],"product_brand":[],"product_cat":[27343,27121],"product_tag":[],"class_list":{"0":"post-135061","1":"product","2":"type-product","3":"status-publish","4":"has-post-thumbnail","6":"brand-gold-jewellery-de","7":"product_cat-buchstaben-anhanger","8":"product_cat-schmuck","9":"pa_dimensions-12-x-13-mm","10":"pa_garantie-12monate","11":"pa_genre-frau","12":"pa_genre-kind","13":"pa_genre-mann","14":"pa_matiere-75018ktgelbgold","15":"pa_motif-buchstaben","16":"sales-flash-overlay","17":"woocommerce-text-align-center","18":"woocommerce-image-align-center","19":"do-quantity-buttons","21":"first","22":"instock","23":"taxable","24":"shipping-taxable","25":"purchasable","26":"product-type-simple"},"acf":[],"_links":{"self":[{"href":"https:\/\/lediamant.ch\/de\/wp-json\/wp\/v2\/product\/135061","targetHints":{"allow":["GET"]}}],"collection":[{"href":"https:\/\/lediamant.ch\/de\/wp-json\/wp\/v2\/product"}],"about":[{"href":"https:\/\/lediamant.ch\/de\/wp-json\/wp\/v2\/types\/product"}],"wp:featuredmedia":[{"embeddable":true,"href":"https:\/\/lediamant.ch\/de\/wp-json\/wp\/v2\/media\/135059"}],"wp:attachment":[{"href":"https:\/\/lediamant.ch\/de\/wp-json\/wp\/v2\/media?parent=135061"}],"wp:term":[{"taxonomy":"brand","embeddable":true,"href":"https:\/\/lediamant.ch\/de\/wp-json\/wp\/v2\/brand?post=135061"},{"taxonomy":"product_brand","embeddable":true,"href":"https:\/\/lediamant.ch\/de\/wp-json\/wp\/v2\/product_brand?post=135061"},{"taxonomy":"product_cat","embeddable":true,"href":"https:\/\/lediamant.ch\/de\/wp-json\/wp\/v2\/product_cat?post=135061"},{"taxonomy":"product_tag","embeddable":true,"href":"https:\/\/lediamant.ch\/de\/wp-json\/wp\/v2\/product_tag?post=135061"}],"curies":[{"name":"wp","href":"https:\/\/api.w.org\/{rel}","templated":true}]}}