{"id":135065,"date":"2020-03-17T07:46:31","date_gmt":"2020-03-17T06:46:31","guid":{"rendered":"https:\/\/lediamant.ch\/produit\/schmuck-de\/anhanger-de\/anhaenger-buchstabe-de\/anhaenger-buchstabe-i-75018-kt-gelbgold-2\/"},"modified":"2026-01-28T17:54:10","modified_gmt":"2026-01-28T16:54:10","slug":"pendentif-lettre-i-or-jaune-75018-ct-2","status":"publish","type":"product","link":"https:\/\/lediamant.ch\/de\/schmuck\/135065-anhaenger-buchstabe-i-gelbgold-750-18-kt-115607577\/0090\/","title":{"rendered":"Anh\u00e4nger Buchstabe i Gelbgold 750\/18 ct."},"content":{"rendered":"<p>Dieser elegante Anh\u00e4nger in Form des Buchstabens &#8222;i&#8220; ist ein hervorragendes Schmuckst\u00fcck f\u00fcr alle, die Schlichtheit und Raffinesse sch\u00e4tzen. Dieser Anh\u00e4nger ist aus 750\/18 ct Gelbgold gefertigt und strahlt einen warmen Glanz und zeitlose Anziehungskraft aus. Dies ist das perfekte Geschenk f\u00fcr einen geliebten Menschen, dessen Vorname mit dem Buchstaben &#8222;I&#8220; beginnt, oder f\u00fcr jeden, der ein pers\u00f6nliches Schmuckst\u00fcck tragen m\u00f6chte. Dieser Anh\u00e4nger l\u00e4sst sich leicht mit jedem Outfit kombinieren und ist eine wertvolle Erg\u00e4nzung f\u00fcr jede Schmucksammlung.<\/p>\n","protected":false},"excerpt":{"rendered":"<p>Dieser elegante Anh\u00e4nger in Form des Buchstabens &#8222;i&#8220; ist ein hervorragendes Schmuckst\u00fcck f\u00fcr alle, die Schlichtheit und Raffinesse sch\u00e4tzen. Dieser Anh\u00e4nger ist aus 750\/18 ct Gelbgold gefertigt und strahlt einen warmen Glanz und zeitlose Anziehungskraft aus. Dies ist das perfekte Geschenk f\u00fcr einen geliebten Menschen, dessen Vorname mit dem Buchstaben &#8222;I&#8220; beginnt, oder f\u00fcr jeden, &#8230; <a title=\"Anh\u00e4nger Buchstabe i Gelbgold 750\/18 ct.\" class=\"read-more\" href=\"https:\/\/lediamant.ch\/de\/schmuck\/135065-anhaenger-buchstabe-i-gelbgold-750-18-kt-115607577\/0090\/\" aria-label=\"Mehr Informationen \u00fcber Anh\u00e4nger Buchstabe i Gelbgold 750\/18 ct.\">Weiterlesen &#8230;<\/a><\/p>\n","protected":false},"featured_media":135063,"template":"","meta":{"_acf_changed":false,"_seopress_robots_primary_cat":"27342","_seopress_titles_title":"","_seopress_titles_desc":"Entdecken Sie unseren Anh\u00e4nger aus 18 Karat Gelbgold in Form des Buchstaben 'i', das ideale Geschenk f\u00fcr Eleganz und Personalisierung. Ein zeitloses Schmuckst\u00fcck! ","_seopress_robots_index":""},"brand":[27089],"product_brand":[],"product_cat":[27121,27343],"product_tag":[],"class_list":{"0":"post-135065","1":"product","2":"type-product","3":"status-publish","4":"has-post-thumbnail","6":"brand-gold-jewellery-de","7":"product_cat-schmuck","8":"product_cat-buchstaben-anhanger","9":"pa_dimensions-6-x-13-mm","10":"pa_garantie-12monate","11":"pa_genre-frau","12":"pa_genre-kind","13":"pa_genre-mann","14":"pa_matiere-75018ktgelbgold","15":"pa_motif-buchstaben","16":"sales-flash-overlay","17":"woocommerce-text-align-center","18":"woocommerce-image-align-center","19":"do-quantity-buttons","21":"first","22":"instock","23":"taxable","24":"shipping-taxable","25":"purchasable","26":"product-type-simple"},"acf":[],"_links":{"self":[{"href":"https:\/\/lediamant.ch\/de\/wp-json\/wp\/v2\/product\/135065","targetHints":{"allow":["GET"]}}],"collection":[{"href":"https:\/\/lediamant.ch\/de\/wp-json\/wp\/v2\/product"}],"about":[{"href":"https:\/\/lediamant.ch\/de\/wp-json\/wp\/v2\/types\/product"}],"wp:featuredmedia":[{"embeddable":true,"href":"https:\/\/lediamant.ch\/de\/wp-json\/wp\/v2\/media\/135063"}],"wp:attachment":[{"href":"https:\/\/lediamant.ch\/de\/wp-json\/wp\/v2\/media?parent=135065"}],"wp:term":[{"taxonomy":"brand","embeddable":true,"href":"https:\/\/lediamant.ch\/de\/wp-json\/wp\/v2\/brand?post=135065"},{"taxonomy":"product_brand","embeddable":true,"href":"https:\/\/lediamant.ch\/de\/wp-json\/wp\/v2\/product_brand?post=135065"},{"taxonomy":"product_cat","embeddable":true,"href":"https:\/\/lediamant.ch\/de\/wp-json\/wp\/v2\/product_cat?post=135065"},{"taxonomy":"product_tag","embeddable":true,"href":"https:\/\/lediamant.ch\/de\/wp-json\/wp\/v2\/product_tag?post=135065"}],"curies":[{"name":"wp","href":"https:\/\/api.w.org\/{rel}","templated":true}]}}